{"id":42861,"date":"2026-05-09T19:06:03","date_gmt":"2026-05-09T16:06:03","guid":{"rendered":"https:\/\/a-pant.ee\/?post_type=product&#038;p=42861"},"modified":"2026-05-09T19:06:04","modified_gmt":"2026-05-09T16:06:04","slug":"makita-combo-kit-btd134-bdf456-aku-2sht-zaryadka-kejs","status":"publish","type":"product","link":"https:\/\/a-pant.ee\/ru\/product\/makita-combo-kit-btd134-bdf456-aku-2sht-zaryadka-kejs\/","title":{"rendered":"Makita Combo kit BTD134 + BDF456 + \u0410\u041a\u0423 2\u0428\u0422 + \u0417\u0430\u0440\u044f\u0434\u043a\u0430 + \u041a\u0435\u0439\u0441"},"content":{"rendered":"\n<p>M\u00fc\u00fcakse&nbsp;<strong>Makita Combo kit BTD134 + BDF456 + Akud 2tk + Laadija,Kohver<\/strong>, Palun tutvuge fotodega enne ostu. Vajadusel<br>vastan lisak\u00fcsimustele.<\/p>\n\n\n\n<p>KIRJELDUS<\/p>\n\n\n\n<p>T\u00f6\u00f6riista t\u00fc\u00fcp \u2014 akul\u00f6\u00f6kkruvikeeraja; aku pinge \u2014 14,4 V; padruni t\u00fc\u00fcp \u2014 1\/4&#8243; sisekuuskant; maksimaalne p\u00f6\u00f6rdemoment \u2014 155 Nm; p\u00f6\u00f6rete arv t\u00fchik\u00e4igul \u2014 0\u20132400 p\/min; l\u00f6\u00f6gisagedus \u2014 0\u20133200 l\/min; integreeritud LED-tuli \u2014 jah; p\u00f6\u00f6rete reguleerimine \u2014 jah; mootoripidur \u2014 jah; kaal \u2014 1,2 kg.<br><br>T\u00f6\u00f6riista t\u00fc\u00fcp \u2014 akutrell-kruvikeeraja; aku pinge \u2014 18 V; padruni t\u00fc\u00fcp \u2014 kiirpadrun (1,5\u201313 mm); maksimaalne p\u00f6\u00f6rdemoment (k\u00f5va\/pehme) \u2014 50 \/ 36 Nm; k\u00e4ikude arv \u2014 2; p\u00f6\u00f6rete arv t\u00fchik\u00e4igul \u2014 0\u2013400 \/ 0\u20131500 p\/min; maksimaalne puurimisv\u00f5ime (puit\/teras) \u2014 38 \/ 13 mm; integreeritud LED-tuli \u2014 jah; metallist reduktori hammasrattad \u2014 jah; kaal \u2014 1,7 kg.<\/p>\n","protected":false},"excerpt":{"rendered":"<p>M\u00fc\u00fcakse&nbsp;Makita Combo kit BTD134 + BDF456 + Akud 2tk + Laadija,Kohver, Palun tutvuge fotodega enne ostu. Vajaduselvastan lisak\u00fcsimustele. KIRJELDUS T\u00f6\u00f6riista t\u00fc\u00fcp \u2014 akul\u00f6\u00f6kkruvikeeraja; aku pinge \u2014 14,4 V; padruni t\u00fc\u00fcp \u2014 1\/4&#8243; sisekuuskant; maksimaalne p\u00f6\u00f6rdemoment \u2014 155 Nm; p\u00f6\u00f6rete arv t\u00fchik\u00e4igul \u2014 0\u20132400 p\/min; l\u00f6\u00f6gisagedus \u2014 0\u20133200 l\/min; integreeritud LED-tuli \u2014 jah; p\u00f6\u00f6rete reguleerimine \u2014 [&hellip;]<\/p>\n","protected":false},"featured_media":42865,"comment_status":"open","ping_status":"closed","template":"","meta":{"inline_featured_image":false},"product_brand":[],"product_cat":[221],"product_tag":[],"class_list":{"0":"post-42861","1":"product","2":"type-product","3":"status-publish","4":"has-post-thumbnail","6":"product_cat-akkumulyatornye-dreli","7":"pa_asukoht-mustamae","8":"pa_seisukord-ispolzovano","10":"first","11":"instock","12":"taxable","13":"shipping-taxable","14":"purchasable","15":"product-type-simple"},"_links":{"self":[{"href":"https:\/\/a-pant.ee\/ru\/wp-json\/wp\/v2\/product\/42861","targetHints":{"allow":["GET"]}}],"collection":[{"href":"https:\/\/a-pant.ee\/ru\/wp-json\/wp\/v2\/product"}],"about":[{"href":"https:\/\/a-pant.ee\/ru\/wp-json\/wp\/v2\/types\/product"}],"replies":[{"embeddable":true,"href":"https:\/\/a-pant.ee\/ru\/wp-json\/wp\/v2\/comments?post=42861"}],"wp:featuredmedia":[{"embeddable":true,"href":"https:\/\/a-pant.ee\/ru\/wp-json\/wp\/v2\/media\/42865"}],"wp:attachment":[{"href":"https:\/\/a-pant.ee\/ru\/wp-json\/wp\/v2\/media?parent=42861"}],"wp:term":[{"taxonomy":"product_brand","embeddable":true,"href":"https:\/\/a-pant.ee\/ru\/wp-json\/wp\/v2\/product_brand?post=42861"},{"taxonomy":"product_cat","embeddable":true,"href":"https:\/\/a-pant.ee\/ru\/wp-json\/wp\/v2\/product_cat?post=42861"},{"taxonomy":"product_tag","embeddable":true,"href":"https:\/\/a-pant.ee\/ru\/wp-json\/wp\/v2\/product_tag?post=42861"}],"curies":[{"name":"wp","href":"https:\/\/api.w.org\/{rel}","templated":true}]}}