{"id":42849,"date":"2026-05-09T17:35:51","date_gmt":"2026-05-09T14:35:51","guid":{"rendered":"https:\/\/a-pant.ee\/?post_type=product&#038;p=42849"},"modified":"2026-05-09T18:07:09","modified_gmt":"2026-05-09T15:07:09","slug":"laadija-makita-dc18sd","status":"publish","type":"product","link":"https:\/\/a-pant.ee\/ru\/product\/laadija-makita-dc18sd\/","title":{"rendered":"\u0417\u0430\u0440\u044f\u0434\u043a\u0430 Makita DC18sd"},"content":{"rendered":"\n<p>M\u00fc\u00fcakse&nbsp;<strong>Laadija Makita DC18sd<\/strong>, Palun tutvuge fotodega enne ostu. Vajadusel<br>vastan lisak\u00fcsimustele.<\/p>\n\n\n\n<p>KIRJELDUS<\/p>\n\n\n\n<p>Seadme t\u00fc\u00fcp \u2014 standardne akulaadija; akuseeria \u2014 LXT (Li-ion); laetavate akude pinge \u2014 7,2\u201318 V; laadimisvool \u2014 2,6 A; laadimisaeg 1.3 Ah \u2014 30 min; laadimisaeg 2.0 Ah \u2014 45 min; laadimisaeg 3.0 Ah \u2014 60 min; laadimisaeg 4.0 Ah \u2014 90 min; laadimisaeg 5.0 Ah \u2014 110 min; laadimisaeg 6.0 Ah \u2014 130 min; laadimisoleku m\u00e4rguandetuled \u2014 jah; intelligentne laadimiss\u00fcsteem (voolu, pinge ja temperatuuri kontroll) \u2014 jah; jahutuss\u00fcsteem \u2014 passiivne (ilma ventilaatorita); toitejuhtme pikkus \u2014 2,0 m; kaal \u2014 0,7 kg.<\/p>\n","protected":false},"excerpt":{"rendered":"<p>M\u00fc\u00fcakse&nbsp;Laadija Makita DC18sd, Palun tutvuge fotodega enne ostu. Vajaduselvastan lisak\u00fcsimustele. KIRJELDUS Seadme t\u00fc\u00fcp \u2014 standardne akulaadija; akuseeria \u2014 LXT (Li-ion); laetavate akude pinge \u2014 7,2\u201318 V; laadimisvool \u2014 2,6 A; laadimisaeg 1.3 Ah \u2014 30 min; laadimisaeg 2.0 Ah \u2014 45 min; laadimisaeg 3.0 Ah \u2014 60 min; laadimisaeg 4.0 Ah \u2014 90 min; laadimisaeg [&hellip;]<\/p>\n","protected":false},"featured_media":42850,"comment_status":"open","ping_status":"closed","template":"","meta":{"inline_featured_image":false},"product_brand":[],"product_cat":[223],"product_tag":[],"class_list":{"0":"post-42849","1":"product","2":"type-product","3":"status-publish","4":"has-post-thumbnail","6":"product_cat-vsyo-dlya-instrumenta","7":"pa_asukoht-mustamae","8":"pa_seisukord-ispolzovano","10":"first","11":"instock","12":"taxable","13":"shipping-taxable","14":"purchasable","15":"product-type-simple"},"_links":{"self":[{"href":"https:\/\/a-pant.ee\/ru\/wp-json\/wp\/v2\/product\/42849","targetHints":{"allow":["GET"]}}],"collection":[{"href":"https:\/\/a-pant.ee\/ru\/wp-json\/wp\/v2\/product"}],"about":[{"href":"https:\/\/a-pant.ee\/ru\/wp-json\/wp\/v2\/types\/product"}],"replies":[{"embeddable":true,"href":"https:\/\/a-pant.ee\/ru\/wp-json\/wp\/v2\/comments?post=42849"}],"wp:featuredmedia":[{"embeddable":true,"href":"https:\/\/a-pant.ee\/ru\/wp-json\/wp\/v2\/media\/42850"}],"wp:attachment":[{"href":"https:\/\/a-pant.ee\/ru\/wp-json\/wp\/v2\/media?parent=42849"}],"wp:term":[{"taxonomy":"product_brand","embeddable":true,"href":"https:\/\/a-pant.ee\/ru\/wp-json\/wp\/v2\/product_brand?post=42849"},{"taxonomy":"product_cat","embeddable":true,"href":"https:\/\/a-pant.ee\/ru\/wp-json\/wp\/v2\/product_cat?post=42849"},{"taxonomy":"product_tag","embeddable":true,"href":"https:\/\/a-pant.ee\/ru\/wp-json\/wp\/v2\/product_tag?post=42849"}],"curies":[{"name":"wp","href":"https:\/\/api.w.org\/{rel}","templated":true}]}}