{"id":42837,"date":"2026-05-09T17:31:56","date_gmt":"2026-05-09T14:31:56","guid":{"rendered":"https:\/\/a-pant.ee\/?post_type=product&#038;p=42837"},"modified":"2026-05-09T18:06:46","modified_gmt":"2026-05-09T15:06:46","slug":"akupuurvasar-makita-dhr202-ilma-akuta","status":"publish","type":"product","link":"https:\/\/a-pant.ee\/ru\/product\/akupuurvasar-makita-dhr202-ilma-akuta\/","title":{"rendered":"\u0410\u043a\u0443\u043c\u0443\u043b\u043b\u044f\u0442\u043e\u0440\u043d\u044b\u0439 \u041f\u0435\u0440\u0444\u043e\u0440\u0430\u0442\u043e\u0440 Makita DHR202 \u0411\u0435\u0437 \u0410\u043a\u0443"},"content":{"rendered":"\n<p><strong>Akupuurvasar Makita DHR202 ilma akuta\u00a0<\/strong>, Palun tutvuge fotodega enne ostu. Vajadusel<br>vastan lisak\u00fcsimustele.<\/p>\n\n\n\n<p>KIRJELDUS<\/p>\n\n\n\n<p>T\u00f6\u00f6riista t\u00fc\u00fcp \u2014 akupuurvasar; padruni t\u00fc\u00fcp \u2014 SDS-Plus; aku pinge \u2014 18 V; l\u00f6\u00f6gienergia \u2014 1,9 J; t\u00f6\u00f6re\u017eiimide arv \u2014 3 (puurimine, l\u00f6\u00f6kpuurimine, meiseldamine); p\u00f6\u00f6rete arv t\u00fchik\u00e4igul \u2014 0\u20131100 p\/min; l\u00f6\u00f6gisagedus \u2014 0\u20134000 l\/min; maksimaalne puurimisv\u00f5ime (betoon) \u2014 20 mm; maksimaalne puurimisv\u00f5ime (puit) \u2014 26 mm; maksimaalne puurimisv\u00f5ime (teras) \u2014 13 mm; revers \u2014 jah; integreeritud LED-tuli \u2014 jah; meisli 360-kraadine p\u00f6\u00f6ratav fikseerimine (40 asendit) \u2014 jah; kaitsesidur \u2014 jah; mootoripidur \u2014 jah; kaal ilma akuta \u2014 2,6 kg.<\/p>\n","protected":false},"excerpt":{"rendered":"<p>Akupuurvasar Makita DHR202 ilma akuta\u00a0, Palun tutvuge fotodega enne ostu. Vajaduselvastan lisak\u00fcsimustele. KIRJELDUS T\u00f6\u00f6riista t\u00fc\u00fcp \u2014 akupuurvasar; padruni t\u00fc\u00fcp \u2014 SDS-Plus; aku pinge \u2014 18 V; l\u00f6\u00f6gienergia \u2014 1,9 J; t\u00f6\u00f6re\u017eiimide arv \u2014 3 (puurimine, l\u00f6\u00f6kpuurimine, meiseldamine); p\u00f6\u00f6rete arv t\u00fchik\u00e4igul \u2014 0\u20131100 p\/min; l\u00f6\u00f6gisagedus \u2014 0\u20134000 l\/min; maksimaalne puurimisv\u00f5ime (betoon) \u2014 20 mm; maksimaalne puurimisv\u00f5ime [&hellip;]<\/p>\n","protected":false},"featured_media":42839,"comment_status":"open","ping_status":"closed","template":"","meta":{"inline_featured_image":false},"product_brand":[],"product_cat":[239],"product_tag":[],"class_list":{"0":"post-42837","1":"product","2":"type-product","3":"status-publish","4":"has-post-thumbnail","6":"product_cat-perforatory-i-dreli","7":"pa_asukoht-mustamae","8":"pa_seisukord-ispolzovano","10":"first","11":"instock","12":"taxable","13":"shipping-taxable","14":"purchasable","15":"product-type-simple"},"_links":{"self":[{"href":"https:\/\/a-pant.ee\/ru\/wp-json\/wp\/v2\/product\/42837","targetHints":{"allow":["GET"]}}],"collection":[{"href":"https:\/\/a-pant.ee\/ru\/wp-json\/wp\/v2\/product"}],"about":[{"href":"https:\/\/a-pant.ee\/ru\/wp-json\/wp\/v2\/types\/product"}],"replies":[{"embeddable":true,"href":"https:\/\/a-pant.ee\/ru\/wp-json\/wp\/v2\/comments?post=42837"}],"wp:featuredmedia":[{"embeddable":true,"href":"https:\/\/a-pant.ee\/ru\/wp-json\/wp\/v2\/media\/42839"}],"wp:attachment":[{"href":"https:\/\/a-pant.ee\/ru\/wp-json\/wp\/v2\/media?parent=42837"}],"wp:term":[{"taxonomy":"product_brand","embeddable":true,"href":"https:\/\/a-pant.ee\/ru\/wp-json\/wp\/v2\/product_brand?post=42837"},{"taxonomy":"product_cat","embeddable":true,"href":"https:\/\/a-pant.ee\/ru\/wp-json\/wp\/v2\/product_cat?post=42837"},{"taxonomy":"product_tag","embeddable":true,"href":"https:\/\/a-pant.ee\/ru\/wp-json\/wp\/v2\/product_tag?post=42837"}],"curies":[{"name":"wp","href":"https:\/\/api.w.org\/{rel}","templated":true}]}}