{"id":42810,"date":"2026-05-09T16:49:53","date_gmt":"2026-05-09T13:49:53","guid":{"rendered":"https:\/\/a-pant.ee\/?post_type=product&#038;p=42810"},"modified":"2026-05-09T18:11:25","modified_gmt":"2026-05-09T15:11:25","slug":"akudrel-makita-ddf484-aku-50ach","status":"publish","type":"product","link":"https:\/\/a-pant.ee\/ru\/product\/akudrel-makita-ddf484-aku-50ach\/","title":{"rendered":"\u0410\u043a\u0443\u0434\u0440\u0435\u043b\u044c Makita DDF484 + \u0410\u041a\u0423 5,0\u0410\u0427<br><br>"},"content":{"rendered":"\n<p><strong>Akutrell Makita DDF484 + AKU 5,0AH<\/strong>, Palun tutvuge fotodega enne ostu. Vajadusel<br>vastan lisak\u00fcsimustele.<\/p>\n\n\n\n<p>KIRJELDUS<br>T\u00f6\u00f6riista t\u00fc\u00fcp \u2014 akutrell-kruvikeeraja; mootori t\u00fc\u00fcp \u2014 harjadeta (BL-mootor); aku pinge \u2014 18 V; padruni t\u00fc\u00fcp \u2014 kiirpadrun (1,5\u201313 mm); maksimaalne p\u00f6\u00f6rdemoment (k\u00f5va\/pehme) \u2014 54 \/ 30 Nm; k\u00e4ikude arv \u2014 2; p\u00f6\u00f6rete arv t\u00fchik\u00e4igul \u2014 0\u2013500 \/ 0\u20132000 p\/min; maksimaalne puurimisv\u00f5ime (puit\/teras) \u2014 38 \/ 13 mm; siduri astmed \u2014 21 + puurimisre\u017eiim; revers \u2014 jah; integreeritud LED-tuli \u2014 jah; metallist reduktorikorpus \u2014 jah; mootoripidur \u2014 jah; korpuse pikkus \u2014 172 mm; kaal ilma akuta \u2014 1,2 kg; XPT tehnoloogia \u2014 suurem tolmu- ja niiskusekindlus.<\/p>\n","protected":false},"excerpt":{"rendered":"<p>Akutrell Makita DDF484 + AKU 5,0AH, Palun tutvuge fotodega enne ostu. Vajaduselvastan lisak\u00fcsimustele. KIRJELDUST\u00f6\u00f6riista t\u00fc\u00fcp \u2014 akutrell-kruvikeeraja; mootori t\u00fc\u00fcp \u2014 harjadeta (BL-mootor); aku pinge \u2014 18 V; padruni t\u00fc\u00fcp \u2014 kiirpadrun (1,5\u201313 mm); maksimaalne p\u00f6\u00f6rdemoment (k\u00f5va\/pehme) \u2014 54 \/ 30 Nm; k\u00e4ikude arv \u2014 2; p\u00f6\u00f6rete arv t\u00fchik\u00e4igul \u2014 0\u2013500 \/ 0\u20132000 p\/min; maksimaalne puurimisv\u00f5ime [&hellip;]<\/p>\n","protected":false},"featured_media":42811,"comment_status":"open","ping_status":"closed","template":"","meta":{"inline_featured_image":false},"product_brand":[],"product_cat":[221],"product_tag":[],"class_list":{"0":"post-42810","1":"product","2":"type-product","3":"status-publish","4":"has-post-thumbnail","6":"product_cat-akkumulyatornye-dreli","7":"pa_asukoht-mustamae","8":"pa_seisukord-ispolzovano","10":"first","11":"instock","12":"taxable","13":"shipping-taxable","14":"purchasable","15":"product-type-simple"},"_links":{"self":[{"href":"https:\/\/a-pant.ee\/ru\/wp-json\/wp\/v2\/product\/42810","targetHints":{"allow":["GET"]}}],"collection":[{"href":"https:\/\/a-pant.ee\/ru\/wp-json\/wp\/v2\/product"}],"about":[{"href":"https:\/\/a-pant.ee\/ru\/wp-json\/wp\/v2\/types\/product"}],"replies":[{"embeddable":true,"href":"https:\/\/a-pant.ee\/ru\/wp-json\/wp\/v2\/comments?post=42810"}],"wp:featuredmedia":[{"embeddable":true,"href":"https:\/\/a-pant.ee\/ru\/wp-json\/wp\/v2\/media\/42811"}],"wp:attachment":[{"href":"https:\/\/a-pant.ee\/ru\/wp-json\/wp\/v2\/media?parent=42810"}],"wp:term":[{"taxonomy":"product_brand","embeddable":true,"href":"https:\/\/a-pant.ee\/ru\/wp-json\/wp\/v2\/product_brand?post=42810"},{"taxonomy":"product_cat","embeddable":true,"href":"https:\/\/a-pant.ee\/ru\/wp-json\/wp\/v2\/product_cat?post=42810"},{"taxonomy":"product_tag","embeddable":true,"href":"https:\/\/a-pant.ee\/ru\/wp-json\/wp\/v2\/product_tag?post=42810"}],"curies":[{"name":"wp","href":"https:\/\/api.w.org\/{rel}","templated":true}]}}