{"id":42795,"date":"2026-05-09T16:33:43","date_gmt":"2026-05-09T13:33:43","guid":{"rendered":"https:\/\/a-pant.ee\/?post_type=product&#038;p=42795"},"modified":"2026-05-09T16:35:58","modified_gmt":"2026-05-09T13:35:58","slug":"akutrell-makita-dtd153-aku-60ah","status":"publish","type":"product","link":"https:\/\/a-pant.ee\/ru\/product\/akutrell-makita-dtd153-aku-60ah\/","title":{"rendered":"\u0410\u043a\u0443\u0434\u0440\u0435\u043b\u044c Makita DTD153 + \u0410\u043a\u0443 6,0\u0410\u0427"},"content":{"rendered":"\n<p><strong>Akutrell Makita DTD153 + Aku 6,0AH<\/strong>, Palun tutvuge fotodega enne ostu. Vajadusel<br>vastan lisak\u00fcsimustele.<\/p>\n\n\n\n<p>KIRJELDUS<\/p>\n\n\n\n<p>T\u00f6\u00f6riista t\u00fc\u00fcp \u2014 akul\u00f6\u00f6kkruvikeeraja; mootori t\u00fc\u00fcp \u2014 harjadeta (BL-mootor); aku pinge \u2014 18 V; padruni t\u00fc\u00fcp \u2014 1\/4&#8243; sisekuuskant; maksimaalne p\u00f6\u00f6rdemoment \u2014 170 Nm; p\u00f6\u00f6rete arv t\u00fchik\u00e4igul \u2014 0\u20133400 p\/min; l\u00f6\u00f6gisagedus \u2014 0\u20133600 l\/min; suutlikkus \u2014 tavaline polt M5\u2013M16, k\u00f5va polt M5\u2013M14, masinkruvi M4\u2013M8; revers \u2014 jah; p\u00f6\u00f6rete reguleerimine \u2014 elektrooniline; integreeritud LED-tuli \u2014 jah; mootoripidur \u2014 jah; korpuse pikkus \u2014 126 mm; kaal ilma akuta \u2014 1,1 kg; XPT tehnoloogia \u2014 suurem tolmu- ja niiskusekindlus.<\/p>\n\n\n\n<p><\/p>\n","protected":false},"excerpt":{"rendered":"<p>Akutrell Makita DTD153 + Aku 6,0AH, Palun tutvuge fotodega enne ostu. Vajaduselvastan lisak\u00fcsimustele. KIRJELDUS T\u00f6\u00f6riista t\u00fc\u00fcp \u2014 akul\u00f6\u00f6kkruvikeeraja; mootori t\u00fc\u00fcp \u2014 harjadeta (BL-mootor); aku pinge \u2014 18 V; padruni t\u00fc\u00fcp \u2014 1\/4&#8243; sisekuuskant; maksimaalne p\u00f6\u00f6rdemoment \u2014 170 Nm; p\u00f6\u00f6rete arv t\u00fchik\u00e4igul \u2014 0\u20133400 p\/min; l\u00f6\u00f6gisagedus \u2014 0\u20133600 l\/min; suutlikkus \u2014 tavaline polt M5\u2013M16, k\u00f5va polt [&hellip;]<\/p>\n","protected":false},"featured_media":42796,"comment_status":"open","ping_status":"closed","template":"","meta":{"inline_featured_image":false},"product_brand":[],"product_cat":[221],"product_tag":[],"class_list":{"0":"post-42795","1":"product","2":"type-product","3":"status-publish","4":"has-post-thumbnail","6":"product_cat-akkumulyatornye-dreli","7":"pa_asukoht-mustamae","8":"pa_seisukord-ispolzovano","10":"first","11":"instock","12":"taxable","13":"shipping-taxable","14":"purchasable","15":"product-type-simple"},"_links":{"self":[{"href":"https:\/\/a-pant.ee\/ru\/wp-json\/wp\/v2\/product\/42795","targetHints":{"allow":["GET"]}}],"collection":[{"href":"https:\/\/a-pant.ee\/ru\/wp-json\/wp\/v2\/product"}],"about":[{"href":"https:\/\/a-pant.ee\/ru\/wp-json\/wp\/v2\/types\/product"}],"replies":[{"embeddable":true,"href":"https:\/\/a-pant.ee\/ru\/wp-json\/wp\/v2\/comments?post=42795"}],"wp:featuredmedia":[{"embeddable":true,"href":"https:\/\/a-pant.ee\/ru\/wp-json\/wp\/v2\/media\/42796"}],"wp:attachment":[{"href":"https:\/\/a-pant.ee\/ru\/wp-json\/wp\/v2\/media?parent=42795"}],"wp:term":[{"taxonomy":"product_brand","embeddable":true,"href":"https:\/\/a-pant.ee\/ru\/wp-json\/wp\/v2\/product_brand?post=42795"},{"taxonomy":"product_cat","embeddable":true,"href":"https:\/\/a-pant.ee\/ru\/wp-json\/wp\/v2\/product_cat?post=42795"},{"taxonomy":"product_tag","embeddable":true,"href":"https:\/\/a-pant.ee\/ru\/wp-json\/wp\/v2\/product_tag?post=42795"}],"curies":[{"name":"wp","href":"https:\/\/api.w.org\/{rel}","templated":true}]}}