{"id":41333,"date":"2026-04-23T22:27:26","date_gmt":"2026-04-23T19:27:26","guid":{"rendered":"https:\/\/a-pant.ee\/product\/power-bank-chargo-20000-mah\/"},"modified":"2026-04-29T12:13:53","modified_gmt":"2026-04-29T09:13:53","slug":"power-bank-chargo-20000-mah","status":"publish","type":"product","link":"https:\/\/a-pant.ee\/ru\/product\/power-bank-chargo-20000-mah\/","title":{"rendered":"Power bank CharGo 20000 mAh"},"content":{"rendered":"\n<p> Aku-pank CharGo 20000 mAh\u00a0,\u00a0,Palun tutvuge fotodega enne ostu. Vajadusel <br \/> vastan lisak\u00fcsimustele. <\/p><p> 1 \u00d7 USB-C (5 V \/ 2.1 A) <br \/> 2 \u00d7 USB-A (5 V \/ 2.1 A iga\u00fcks) <\/p><p> Sisendlaadimine: <br \/> USB-C v\u00f5i Micro-USB (5 V \/ 2 A) <\/p><p> Samaaegne laadimine: kuni 3 seadet <br \/> Aku t\u00fc\u00fcp: Li-Polymer <br \/> M\u00f5\u00f5tmed: 138 \u00d7 65 \u00d7 26 mm <br \/> Kaal: ~415 g <br \/> Lennureis: lubatud k\u00e4sipagasis (&lt;100 Wh) <\/p>\n","protected":false},"excerpt":{"rendered":"<p>Aku-pank CharGo 20000 mAh\u00a0,\u00a0,Palun tutvuge fotodega enne ostu. Vajadusel vastan lisak\u00fcsimustele. 1 \u00d7 USB-C (5 V \/ 2.1 A) 2 \u00d7 USB-A (5 V \/ 2.1 A iga\u00fcks) Sisendlaadimine: USB-C v\u00f5i Micro-USB (5 V \/ 2 A) Samaaegne laadimine: kuni 3 seadet Aku t\u00fc\u00fcp: Li-Polymer M\u00f5\u00f5tmed: 138 \u00d7 65 \u00d7 26 mm Kaal: ~415 g [&hellip;]<\/p>\n","protected":false},"featured_media":38937,"comment_status":"closed","ping_status":"closed","template":"","meta":{"inline_featured_image":false},"product_brand":[],"product_cat":[162],"product_tag":[],"class_list":{"0":"post-41333","1":"product","2":"type-product","3":"status-publish","4":"has-post-thumbnail","6":"product_cat-elektronika-drugoe","7":"pa_asukoht-mustamae","9":"first","10":"instock","11":"taxable","12":"shipping-taxable","13":"purchasable","14":"product-type-simple"},"_links":{"self":[{"href":"https:\/\/a-pant.ee\/ru\/wp-json\/wp\/v2\/product\/41333","targetHints":{"allow":["GET"]}}],"collection":[{"href":"https:\/\/a-pant.ee\/ru\/wp-json\/wp\/v2\/product"}],"about":[{"href":"https:\/\/a-pant.ee\/ru\/wp-json\/wp\/v2\/types\/product"}],"replies":[{"embeddable":true,"href":"https:\/\/a-pant.ee\/ru\/wp-json\/wp\/v2\/comments?post=41333"}],"wp:featuredmedia":[{"embeddable":true,"href":"https:\/\/a-pant.ee\/ru\/wp-json\/wp\/v2\/media\/38937"}],"wp:attachment":[{"href":"https:\/\/a-pant.ee\/ru\/wp-json\/wp\/v2\/media?parent=41333"}],"wp:term":[{"taxonomy":"product_brand","embeddable":true,"href":"https:\/\/a-pant.ee\/ru\/wp-json\/wp\/v2\/product_brand?post=41333"},{"taxonomy":"product_cat","embeddable":true,"href":"https:\/\/a-pant.ee\/ru\/wp-json\/wp\/v2\/product_cat?post=41333"},{"taxonomy":"product_tag","embeddable":true,"href":"https:\/\/a-pant.ee\/ru\/wp-json\/wp\/v2\/product_tag?post=41333"}],"curies":[{"name":"wp","href":"https:\/\/api.w.org\/{rel}","templated":true}]}}