{"id":41322,"date":"2026-04-23T22:27:08","date_gmt":"2026-04-23T19:27:08","guid":{"rendered":"https:\/\/a-pant.ee\/product\/mobilnyj-telefon-blackview-bv5500-plus\/"},"modified":"2026-05-07T18:00:12","modified_gmt":"2026-05-07T15:00:12","slug":"mobilnyj-telefon-blackview-bv5500-plus","status":"publish","type":"product","link":"https:\/\/a-pant.ee\/ru\/product\/mobilnyj-telefon-blackview-bv5500-plus\/","title":{"rendered":"\u041c\u043e\u0431\u0438\u043b\u044c\u043d\u044b\u0439 \u0442\u0435\u043b\u0435\u0444\u043e\u043d Blackview BV5500 Plus"},"content":{"rendered":"\n<p> Mobiiltelefon Blackview BV5500 Plus\u00a0,\u00a0,Palun tutvuge fotodega enne ostu. Vajadusel <br \/> vastan lisak\u00fcsimustele. <\/p><p> korpusel defektiga ja ekran krimu. aga koik tootab- <\/p><p> Toote t\u00fc\u00fcp: mobiiltelefon \/ nutitelefon <br \/> Br\u00e4nd: Blackview <br \/> Mudel: BV5500 Plus <br \/> T\u00fc\u00fcp: puutetundlik <br \/> V\u00e4rv: kollane \/ must <br \/> Korpus: plastik <br \/> SIM-kaardid: 2 <\/p><p> OS: Android 10 <\/p><p> Ekraan: <br \/> Suurus: 5.5&#8243; <br \/> Resolutsioon: 720\u00d71440 <br \/> T\u00fc\u00fcp: IPS <br \/> Kaitse: Corning Gorilla Glass 3 <\/p><p> Protsessor ja graafika: <br \/> Protsessor: Quad-core 1.5 GHz Cortex-A53 (4 tuuma) <br \/> Kiibistik: MT6739 <br \/> GPU: IMG GE8100 <\/p><p> M\u00e4lu: <br \/> RAM: 3 GB <br \/> Sisem\u00e4lu: 32 GB <br \/> M\u00e4lukaart: microSD kuni 32 GB <\/p><p> Kaamera: <br \/> Tagumine: 8 MP + 0.3 MP <br \/> Esikaamera: 5 MP <br \/> Video: 1080p@30fps <\/p><p> \u00dchendus: <br \/> WiFi: jah <br \/> 3G: jah <br \/> 4G: jah <br \/> Bluetooth: jah (4.0) <br \/> NFC: jah <\/p><p> Liidesed ja funktsioonid: <br \/> USB: Micro USB <br \/> GPS: jah <br \/> FM-raadio: jah <br \/> 3.5 mm pesa: jah <\/p><p> Aku: <br \/> Maht: 4400 mAh <br \/> Kiirlaadimine: ei <br \/> Juhtmevaba laadimine: ei <\/p><p> M\u00f5\u00f5tmed ja kaal: <br \/> Kaal: 225 g <\/p>\n","protected":false},"excerpt":{"rendered":"<p>Mobiiltelefon Blackview BV5500 Plus\u00a0,\u00a0,Palun tutvuge fotodega enne ostu. Vajadusel vastan lisak\u00fcsimustele. korpusel defektiga ja ekran krimu. aga koik tootab- Toote t\u00fc\u00fcp: mobiiltelefon \/ nutitelefon Br\u00e4nd: Blackview Mudel: BV5500 Plus T\u00fc\u00fcp: puutetundlik V\u00e4rv: kollane \/ must Korpus: plastik SIM-kaardid: 2 OS: Android 10 Ekraan: Suurus: 5.5&#8243; Resolutsioon: 720\u00d71440 T\u00fc\u00fcp: IPS Kaitse: Corning Gorilla Glass 3 Protsessor [&hellip;]<\/p>\n","protected":false},"featured_media":38926,"comment_status":"closed","ping_status":"closed","template":"","meta":{"inline_featured_image":false},"product_brand":[],"product_cat":[171],"product_tag":[],"class_list":{"0":"post-41322","1":"product","2":"type-product","3":"status-publish","4":"has-post-thumbnail","6":"product_cat-mobilnye-telefony","7":"pa_asukoht-mustamae","9":"first","10":"outofstock","11":"taxable","12":"shipping-taxable","13":"purchasable","14":"product-type-simple"},"_links":{"self":[{"href":"https:\/\/a-pant.ee\/ru\/wp-json\/wp\/v2\/product\/41322","targetHints":{"allow":["GET"]}}],"collection":[{"href":"https:\/\/a-pant.ee\/ru\/wp-json\/wp\/v2\/product"}],"about":[{"href":"https:\/\/a-pant.ee\/ru\/wp-json\/wp\/v2\/types\/product"}],"replies":[{"embeddable":true,"href":"https:\/\/a-pant.ee\/ru\/wp-json\/wp\/v2\/comments?post=41322"}],"wp:featuredmedia":[{"embeddable":true,"href":"https:\/\/a-pant.ee\/ru\/wp-json\/wp\/v2\/media\/38926"}],"wp:attachment":[{"href":"https:\/\/a-pant.ee\/ru\/wp-json\/wp\/v2\/media?parent=41322"}],"wp:term":[{"taxonomy":"product_brand","embeddable":true,"href":"https:\/\/a-pant.ee\/ru\/wp-json\/wp\/v2\/product_brand?post=41322"},{"taxonomy":"product_cat","embeddable":true,"href":"https:\/\/a-pant.ee\/ru\/wp-json\/wp\/v2\/product_cat?post=41322"},{"taxonomy":"product_tag","embeddable":true,"href":"https:\/\/a-pant.ee\/ru\/wp-json\/wp\/v2\/product_tag?post=41322"}],"curies":[{"name":"wp","href":"https:\/\/api.w.org\/{rel}","templated":true}]}}