{"id":41317,"date":"2026-04-23T22:27:08","date_gmt":"2026-04-23T19:27:08","guid":{"rendered":"https:\/\/a-pant.ee\/product\/naushniki-jbl-tune-770nc\/"},"modified":"2026-04-29T09:52:10","modified_gmt":"2026-04-29T06:52:10","slug":"naushniki-jbl-tune-770nc","status":"publish","type":"product","link":"https:\/\/a-pant.ee\/ru\/product\/naushniki-jbl-tune-770nc\/","title":{"rendered":"\u041d\u0430\u0443\u0448\u043d\u0438\u043a\u0438 JBL Tune 770NC"},"content":{"rendered":"\n<p> K\u00f5rvaklapid JBL Tune 770NC\u00a0,\u00a0,Palun tutvuge fotodega enne ostu. Vajadusel <br \/> vastan lisak\u00fcsimustele. <\/p><p> Heli: <br \/> Sagedusvahemik: 20\u201320000 Hz <br \/> Takistus: 32 \u03a9 <br \/> Tundlikkus: 100 dB <\/p><p> K\u00f5rvaklapid: <br \/> Juhtmevabad: jah <br \/> Mikrofoniga: jah <br \/> T\u00fc\u00fcp: suletud (closed-back) <br \/> M\u00fcrasummutus: jah (adaptiivne) <br \/> Ruumiline heli: jah <\/p><p> Mikrofon: <br \/> Tundlikkus: -40 dBV\/Pa@1 kHz <\/p><p> Funktsioonid: <br \/> H\u00e4\u00e4ljuhtimine: jah <br \/> Juhtmevaba laadimine: ei <br \/> Kokkuklapitav disain: jah <br \/> Rakendusega seadistamine: jah <br \/> Valgustus: ei <\/p><p> \u00dchenduvus: <br \/> Bluetooth: 5.3 <\/p><p> Aku: <br \/> T\u00f6\u00f6aeg: kuni 65 h <br \/> Laadimisaeg: 3 h <br \/> Kiirlaadimine: jah <\/p><p> \u00dcldandmed: <br \/> Tootja: JBL <br \/> T\u00fc\u00fcp: \u00fclek\u00f5rvaklapid (over-ear) <br \/> V\u00e4rv: sinine <\/p><p> Komplektis: <br \/> 3.5 mm helikaabel, USB-A \u2013 USB-C kaabel <\/p><p> Kaal: 256 g <\/p>\n","protected":false},"excerpt":{"rendered":"<p>K\u00f5rvaklapid JBL Tune 770NC\u00a0,\u00a0,Palun tutvuge fotodega enne ostu. Vajadusel vastan lisak\u00fcsimustele. Heli: Sagedusvahemik: 20\u201320000 Hz Takistus: 32 \u03a9 Tundlikkus: 100 dB K\u00f5rvaklapid: Juhtmevabad: jah Mikrofoniga: jah T\u00fc\u00fcp: suletud (closed-back) M\u00fcrasummutus: jah (adaptiivne) Ruumiline heli: jah Mikrofon: Tundlikkus: -40 dBV\/Pa@1 kHz Funktsioonid: H\u00e4\u00e4ljuhtimine: jah Juhtmevaba laadimine: ei Kokkuklapitav disain: jah Rakendusega seadistamine: jah Valgustus: ei \u00dchenduvus: [&hellip;]<\/p>\n","protected":false},"featured_media":38921,"comment_status":"closed","ping_status":"closed","template":"","meta":{"inline_featured_image":false},"product_brand":[],"product_cat":[168],"product_tag":[],"class_list":{"0":"post-41317","1":"product","2":"type-product","3":"status-publish","4":"has-post-thumbnail","6":"product_cat-naushniki","7":"pa_asukoht-mustamae","9":"first","10":"instock","11":"taxable","12":"shipping-taxable","13":"purchasable","14":"product-type-simple"},"_links":{"self":[{"href":"https:\/\/a-pant.ee\/ru\/wp-json\/wp\/v2\/product\/41317","targetHints":{"allow":["GET"]}}],"collection":[{"href":"https:\/\/a-pant.ee\/ru\/wp-json\/wp\/v2\/product"}],"about":[{"href":"https:\/\/a-pant.ee\/ru\/wp-json\/wp\/v2\/types\/product"}],"replies":[{"embeddable":true,"href":"https:\/\/a-pant.ee\/ru\/wp-json\/wp\/v2\/comments?post=41317"}],"wp:featuredmedia":[{"embeddable":true,"href":"https:\/\/a-pant.ee\/ru\/wp-json\/wp\/v2\/media\/38921"}],"wp:attachment":[{"href":"https:\/\/a-pant.ee\/ru\/wp-json\/wp\/v2\/media?parent=41317"}],"wp:term":[{"taxonomy":"product_brand","embeddable":true,"href":"https:\/\/a-pant.ee\/ru\/wp-json\/wp\/v2\/product_brand?post=41317"},{"taxonomy":"product_cat","embeddable":true,"href":"https:\/\/a-pant.ee\/ru\/wp-json\/wp\/v2\/product_cat?post=41317"},{"taxonomy":"product_tag","embeddable":true,"href":"https:\/\/a-pant.ee\/ru\/wp-json\/wp\/v2\/product_tag?post=41317"}],"curies":[{"name":"wp","href":"https:\/\/api.w.org\/{rel}","templated":true}]}}