{"id":41310,"date":"2026-04-23T22:26:46","date_gmt":"2026-04-23T19:26:46","guid":{"rendered":"https:\/\/a-pant.ee\/product\/pylesos-dlya-udaleniya-vody-i-pyli-karcher-nt-27-1\/"},"modified":"2026-04-29T12:05:26","modified_gmt":"2026-04-29T09:05:26","slug":"pylesos-dlya-udaleniya-vody-i-pyli-karcher-nt-27-1","status":"publish","type":"product","link":"https:\/\/a-pant.ee\/ru\/product\/pylesos-dlya-udaleniya-vody-i-pyli-karcher-nt-27-1\/","title":{"rendered":"\u041f\u044b\u043b\u0435\u0441\u043e\u0441 \u0434\u043b\u044f \u0432\u043e\u0434\u044b \u0438 \u043f\u044b\u043b\u0438 K\u00e4rcher NT 27\/1"},"content":{"rendered":"<p>vee-tolmuimeja K\u00e4rcher NT 27\/1\u00a0,\u00a0,Palun tutvuge fotodega enne ostu. Vajadusel<br \/>\nvastan lisak\u00fcsimustele.<\/p>\n<p>Tehnilised andmed<br \/>\nVoolut\u00fc\u00fcp (V\/Hz): 220\u2013240 \/ 50\u201360<br \/>\n\u00d5huvool: 67 l\/s<br \/>\nAlar\u00f5hk: 200 mbar \/ 20 kPa<br \/>\nMahuti maht: 27 l<br \/>\nMahuti materjal: plastik<br \/>\nV\u00f5imsus: max 1380 W<br \/>\nNimilaius: ID 35<br \/>\nKaabli pikkus: 7,5 m<br \/>\nM\u00fcratase: 72 dB(A)<br \/>\nKaal ilma lisatarvikuteta: 7,5 kg<br \/>\nM\u00f5\u00f5tmed (P\u00d7L\u00d7K): 420 \u00d7 420 \u00d7 525 mm<\/p>\n","protected":false},"excerpt":{"rendered":"<p>vee-tolmuimeja K\u00e4rcher NT 27\/1\u00a0,\u00a0,Palun tutvuge fotodega enne ostu. Vajadusel vastan lisak\u00fcsimustele. Tehnilised andmed Voolut\u00fc\u00fcp (V\/Hz): 220\u2013240 \/ 50\u201360 \u00d5huvool: 67 l\/s Alar\u00f5hk: 200 mbar \/ 20 kPa Mahuti maht: 27 l Mahuti materjal: plastik V\u00f5imsus: max 1380 W Nimilaius: ID 35 Kaabli pikkus: 7,5 m M\u00fcratase: 72 dB(A) Kaal ilma lisatarvikuteta: 7,5 kg M\u00f5\u00f5tmed (P\u00d7L\u00d7K): [&hellip;]<\/p>\n","protected":false},"featured_media":38914,"comment_status":"closed","ping_status":"closed","template":"","meta":{"inline_featured_image":false},"product_brand":[],"product_cat":[245],"product_tag":[],"class_list":{"0":"post-41310","1":"product","2":"type-product","3":"status-publish","4":"has-post-thumbnail","6":"product_cat-stroitelnye-pylesosy","7":"product_shipping_class-oversize","8":"pa_asukoht-mustamae","9":"pa_seisukord-ispolzovano","11":"first","12":"instock","13":"taxable","14":"shipping-taxable","15":"purchasable","16":"product-type-simple"},"_links":{"self":[{"href":"https:\/\/a-pant.ee\/ru\/wp-json\/wp\/v2\/product\/41310","targetHints":{"allow":["GET"]}}],"collection":[{"href":"https:\/\/a-pant.ee\/ru\/wp-json\/wp\/v2\/product"}],"about":[{"href":"https:\/\/a-pant.ee\/ru\/wp-json\/wp\/v2\/types\/product"}],"replies":[{"embeddable":true,"href":"https:\/\/a-pant.ee\/ru\/wp-json\/wp\/v2\/comments?post=41310"}],"wp:featuredmedia":[{"embeddable":true,"href":"https:\/\/a-pant.ee\/ru\/wp-json\/wp\/v2\/media\/38914"}],"wp:attachment":[{"href":"https:\/\/a-pant.ee\/ru\/wp-json\/wp\/v2\/media?parent=41310"}],"wp:term":[{"taxonomy":"product_brand","embeddable":true,"href":"https:\/\/a-pant.ee\/ru\/wp-json\/wp\/v2\/product_brand?post=41310"},{"taxonomy":"product_cat","embeddable":true,"href":"https:\/\/a-pant.ee\/ru\/wp-json\/wp\/v2\/product_cat?post=41310"},{"taxonomy":"product_tag","embeddable":true,"href":"https:\/\/a-pant.ee\/ru\/wp-json\/wp\/v2\/product_tag?post=41310"}],"curies":[{"name":"wp","href":"https:\/\/api.w.org\/{rel}","templated":true}]}}