{"id":41299,"date":"2026-04-23T22:26:25","date_gmt":"2026-04-23T19:26:25","guid":{"rendered":"https:\/\/a-pant.ee\/product\/pistolet-dlya-germetikov-ac18da-3000n-hikoki-novyj-korobka\/"},"modified":"2026-04-29T13:40:46","modified_gmt":"2026-04-29T10:40:46","slug":"pistolet-dlya-germetikov-ac18da-3000n-hikoki-novyj-korobka","status":"publish","type":"product","link":"https:\/\/a-pant.ee\/ru\/product\/pistolet-dlya-germetikov-ac18da-3000n-hikoki-novyj-korobka\/","title":{"rendered":"\u041f\u0438\u0441\u0442\u043e\u043b\u0435\u0442 \u0434\u043b\u044f \u0433\u0435\u0440\u043c\u0435\u0442\u0438\u043a\u043e\u0432 AC18DA 3000N HiKOKI \u041d\u041e\u0412\u042b\u0419 + \u041a\u043e\u0440\u043e\u0431\u043a\u0430"},"content":{"rendered":"\n<p> Akuhermeetikup\u00fcstol AC18DA 3000N HiKOKI UUS + KARP\u00a0,Palun tutvuge fotodega enne ostu. Vajadusel <br \/> vastan lisak\u00fcsimustele. <\/p><p> KIRJELDUS <\/p><p> Aku pinge: 18 V <br \/> Maksimaalne j\u00f5ud: 3000 N <br \/> Survekiirus: 0\u201314 mm\/s <br \/> Kaal (ilma akuta): 2 kg <br \/> Kaal (akuga): 2,38 kg <br \/> T\u00f6\u00f6riista pikkus: 482 mm <br \/> T\u00f6\u00f6riista laius: 82 mm <br \/> LED-valgus: jah <br \/> Toru maht: 600 ml <\/p>\n","protected":false},"excerpt":{"rendered":"<p>Akuhermeetikup\u00fcstol AC18DA 3000N HiKOKI UUS + KARP\u00a0,Palun tutvuge fotodega enne ostu. Vajadusel vastan lisak\u00fcsimustele. KIRJELDUS Aku pinge: 18 V Maksimaalne j\u00f5ud: 3000 N Survekiirus: 0\u201314 mm\/s Kaal (ilma akuta): 2 kg Kaal (akuga): 2,38 kg T\u00f6\u00f6riista pikkus: 482 mm T\u00f6\u00f6riista laius: 82 mm LED-valgus: jah Toru maht: 600 ml<\/p>\n","protected":false},"featured_media":38903,"comment_status":"closed","ping_status":"closed","template":"","meta":{"inline_featured_image":false},"product_brand":[],"product_cat":[246],"product_tag":[],"class_list":{"0":"post-41299","1":"product","2":"type-product","3":"status-publish","4":"has-post-thumbnail","6":"product_cat-instrumenty-drugoe","7":"pa_asukoht-mustamae","9":"first","10":"instock","11":"taxable","12":"shipping-taxable","13":"purchasable","14":"product-type-simple"},"_links":{"self":[{"href":"https:\/\/a-pant.ee\/ru\/wp-json\/wp\/v2\/product\/41299","targetHints":{"allow":["GET"]}}],"collection":[{"href":"https:\/\/a-pant.ee\/ru\/wp-json\/wp\/v2\/product"}],"about":[{"href":"https:\/\/a-pant.ee\/ru\/wp-json\/wp\/v2\/types\/product"}],"replies":[{"embeddable":true,"href":"https:\/\/a-pant.ee\/ru\/wp-json\/wp\/v2\/comments?post=41299"}],"wp:featuredmedia":[{"embeddable":true,"href":"https:\/\/a-pant.ee\/ru\/wp-json\/wp\/v2\/media\/38903"}],"wp:attachment":[{"href":"https:\/\/a-pant.ee\/ru\/wp-json\/wp\/v2\/media?parent=41299"}],"wp:term":[{"taxonomy":"product_brand","embeddable":true,"href":"https:\/\/a-pant.ee\/ru\/wp-json\/wp\/v2\/product_brand?post=41299"},{"taxonomy":"product_cat","embeddable":true,"href":"https:\/\/a-pant.ee\/ru\/wp-json\/wp\/v2\/product_cat?post=41299"},{"taxonomy":"product_tag","embeddable":true,"href":"https:\/\/a-pant.ee\/ru\/wp-json\/wp\/v2\/product_tag?post=41299"}],"curies":[{"name":"wp","href":"https:\/\/api.w.org\/{rel}","templated":true}]}}