{"id":41248,"date":"2026-04-23T22:25:12","date_gmt":"2026-04-23T19:25:12","guid":{"rendered":"https:\/\/a-pant.ee\/product\/makita-akkumulyatory-model-bl1850-5-0-ach-2sht\/"},"modified":"2026-05-06T19:24:10","modified_gmt":"2026-05-06T16:24:10","slug":"makita-akkumulyatory-model-bl1850-5-0-ach-2sht","status":"publish","type":"product","link":"https:\/\/a-pant.ee\/ru\/product\/makita-akkumulyatory-model-bl1850-5-0-ach-2sht\/","title":{"rendered":"Makita \u0410\u043a\u043a\u0443\u043c\u0443\u043b\u044f\u0442\u043e\u0440\u044b \u043c\u043e\u0434\u0435\u043b\u044c BL1850 5.0 \u0410\u0447 2\u0428\u0442"},"content":{"rendered":"\n<p> Makita Akud mudel BL1850 5.0 Ah 2Tk, Palun tutvuge fotodega enne ostu. Vajadusel <br \/> vastan lisak\u00fcsimustele. <\/p><p> 1 Tk Hind on 65 euro on Olemas 2tk <\/p><p> KIRJELDUS <\/p><ul><li> T\u00fc\u00fcp:\u00a0Li-ion (liitium-ioon) <\/li><li> Pinge:\u00a018V <\/li><li> Mahutavus:\u00a05.0 Ah (pika t\u00f6\u00f6ajaga aku) <\/li><li> \u00dchilduvad laadijad:\u00a0Makita DC18RC, Makita DC18RD <\/li><li> Asendab mudeleid:\u00a0Makita BL1860B, BL1830, BL1815 jne <\/li><li> Tootja:\u00a0Makita <\/li><li> M\u00f5\u00f5dud:\u00a0113 \u00d7 75 \u00d7 62 mm <\/li><li> Kaal:\u00a00.69 kg <\/li><\/ul>\n","protected":false},"excerpt":{"rendered":"<p>Makita Akud mudel BL1850 5.0 Ah 2Tk, Palun tutvuge fotodega enne ostu. Vajadusel vastan lisak\u00fcsimustele. 1 Tk Hind on 65 euro on Olemas 2tk KIRJELDUS T\u00fc\u00fcp:\u00a0Li-ion (liitium-ioon) Pinge:\u00a018V Mahutavus:\u00a05.0 Ah (pika t\u00f6\u00f6ajaga aku) \u00dchilduvad laadijad:\u00a0Makita DC18RC, Makita DC18RD Asendab mudeleid:\u00a0Makita BL1860B, BL1830, BL1815 jne Tootja:\u00a0Makita M\u00f5\u00f5dud:\u00a0113 \u00d7 75 \u00d7 62 mm Kaal:\u00a00.69 kg<\/p>\n","protected":false},"featured_media":38852,"comment_status":"closed","ping_status":"open","template":"","meta":{"inline_featured_image":false},"product_brand":[],"product_cat":[223],"product_tag":[],"class_list":{"0":"post-41248","1":"product","2":"type-product","3":"status-publish","4":"has-post-thumbnail","6":"product_cat-vsyo-dlya-instrumenta","7":"pa_asukoht-lasnamae","9":"first","10":"outofstock","11":"taxable","12":"shipping-taxable","13":"purchasable","14":"product-type-simple"},"_links":{"self":[{"href":"https:\/\/a-pant.ee\/ru\/wp-json\/wp\/v2\/product\/41248","targetHints":{"allow":["GET"]}}],"collection":[{"href":"https:\/\/a-pant.ee\/ru\/wp-json\/wp\/v2\/product"}],"about":[{"href":"https:\/\/a-pant.ee\/ru\/wp-json\/wp\/v2\/types\/product"}],"replies":[{"embeddable":true,"href":"https:\/\/a-pant.ee\/ru\/wp-json\/wp\/v2\/comments?post=41248"}],"wp:featuredmedia":[{"embeddable":true,"href":"https:\/\/a-pant.ee\/ru\/wp-json\/wp\/v2\/media\/38852"}],"wp:attachment":[{"href":"https:\/\/a-pant.ee\/ru\/wp-json\/wp\/v2\/media?parent=41248"}],"wp:term":[{"taxonomy":"product_brand","embeddable":true,"href":"https:\/\/a-pant.ee\/ru\/wp-json\/wp\/v2\/product_brand?post=41248"},{"taxonomy":"product_cat","embeddable":true,"href":"https:\/\/a-pant.ee\/ru\/wp-json\/wp\/v2\/product_cat?post=41248"},{"taxonomy":"product_tag","embeddable":true,"href":"https:\/\/a-pant.ee\/ru\/wp-json\/wp\/v2\/product_tag?post=41248"}],"curies":[{"name":"wp","href":"https:\/\/api.w.org\/{rel}","templated":true}]}}