{"id":41219,"date":"2026-04-23T22:24:13","date_gmt":"2026-04-23T19:24:13","guid":{"rendered":"https:\/\/a-pant.ee\/product\/akkumulyatornaya-drel-makita-dtd152-ak-50ach\/"},"modified":"2026-04-30T09:22:36","modified_gmt":"2026-04-30T06:22:36","slug":"akkumulyatornaya-drel-makita-dtd152-ak-50ach","status":"publish","type":"product","link":"https:\/\/a-pant.ee\/ru\/product\/akkumulyatornaya-drel-makita-dtd152-ak-50ach\/","title":{"rendered":"\u0410\u043a\u043a\u0443\u043c\u0443\u043b\u044f\u0442\u043e\u0440\u043d\u0430\u044f \u0434\u0440\u0435\u043b\u044c Makita DTD152 + \u0430\u043a.5,0\u0410\u0447"},"content":{"rendered":"\n<p> Akutrell Makita DTD152 + aku 5,0Ah, Palun tutvuge fotodega enne ostu. Vajadusel <br \/> vastan lisak\u00fcsimustele. <\/p><p> KIRJELDUS <\/p><p> Toote t\u00fc\u00fcp Kruvikeeraja <\/p><p> Kaubam\u00e4rk Makita <\/p><p> Mudel DTD152Z <\/p><p> Kaal 1.3 kg <\/p><p> Pikkus 13.8 cm <\/p><p> Laius 7.9 cm <\/p><p> P\u00f6\u00f6rete arv t\u00fchik\u00e4igul 0-2900 <\/p><p> K\u00e4ikude arv 1 <\/p><p> Maksimaalne p\u00f6\u00f6rdemoment, Nm 165 <\/p><p> Haaratsi l\u00e4bim\u00f5\u00f5t 0.635 cm <\/p><p> L\u00f6\u00f6kide arv minutis 3500 <\/p><p> Aku t\u00fc\u00fcp Li-ion <\/p><p> Aku kuulub komplekti Ei <\/p><p> Aku pinge 18 V <\/p><p> Laadija kuulub komplekti Ei <\/p><p> Kohver kuulub komplekti Ei <\/p><p> Otsakute komplekt kuulub komplekti Ei <\/p><p> Helitugevus 104 dB <\/p><p> Sisseehitatud LED valgustus Jah <\/p>\n","protected":false},"excerpt":{"rendered":"<p>Akutrell Makita DTD152 + aku 5,0Ah, Palun tutvuge fotodega enne ostu. Vajadusel vastan lisak\u00fcsimustele. KIRJELDUS Toote t\u00fc\u00fcp Kruvikeeraja Kaubam\u00e4rk Makita Mudel DTD152Z Kaal 1.3 kg Pikkus 13.8 cm Laius 7.9 cm P\u00f6\u00f6rete arv t\u00fchik\u00e4igul 0-2900 K\u00e4ikude arv 1 Maksimaalne p\u00f6\u00f6rdemoment, Nm 165 Haaratsi l\u00e4bim\u00f5\u00f5t 0.635 cm L\u00f6\u00f6kide arv minutis 3500 Aku t\u00fc\u00fcp Li-ion Aku kuulub [&hellip;]<\/p>\n","protected":false},"featured_media":38823,"comment_status":"closed","ping_status":"closed","template":"","meta":{"inline_featured_image":false},"product_brand":[],"product_cat":[221],"product_tag":[],"class_list":{"0":"post-41219","1":"product","2":"type-product","3":"status-publish","4":"has-post-thumbnail","6":"product_cat-akkumulyatornye-dreli","7":"pa_asukoht-lasnamae","9":"first","10":"outofstock","11":"taxable","12":"shipping-taxable","13":"purchasable","14":"product-type-simple"},"_links":{"self":[{"href":"https:\/\/a-pant.ee\/ru\/wp-json\/wp\/v2\/product\/41219","targetHints":{"allow":["GET"]}}],"collection":[{"href":"https:\/\/a-pant.ee\/ru\/wp-json\/wp\/v2\/product"}],"about":[{"href":"https:\/\/a-pant.ee\/ru\/wp-json\/wp\/v2\/types\/product"}],"replies":[{"embeddable":true,"href":"https:\/\/a-pant.ee\/ru\/wp-json\/wp\/v2\/comments?post=41219"}],"wp:featuredmedia":[{"embeddable":true,"href":"https:\/\/a-pant.ee\/ru\/wp-json\/wp\/v2\/media\/38823"}],"wp:attachment":[{"href":"https:\/\/a-pant.ee\/ru\/wp-json\/wp\/v2\/media?parent=41219"}],"wp:term":[{"taxonomy":"product_brand","embeddable":true,"href":"https:\/\/a-pant.ee\/ru\/wp-json\/wp\/v2\/product_brand?post=41219"},{"taxonomy":"product_cat","embeddable":true,"href":"https:\/\/a-pant.ee\/ru\/wp-json\/wp\/v2\/product_cat?post=41219"},{"taxonomy":"product_tag","embeddable":true,"href":"https:\/\/a-pant.ee\/ru\/wp-json\/wp\/v2\/product_tag?post=41219"}],"curies":[{"name":"wp","href":"https:\/\/api.w.org\/{rel}","templated":true}]}}