{"id":41200,"date":"2026-04-23T22:23:47","date_gmt":"2026-04-23T19:23:47","guid":{"rendered":"https:\/\/a-pant.ee\/product\/smartfon-huawei-y5-2019\/"},"modified":"2026-05-10T18:28:36","modified_gmt":"2026-05-10T15:28:36","slug":"smartfon-huawei-y5-2019","status":"publish","type":"product","link":"https:\/\/a-pant.ee\/ru\/product\/smartfon-huawei-y5-2019\/","title":{"rendered":"\u0421\u043c\u0430\u0440\u0442\u0444\u043e\u043d Huawei Y5 2019"},"content":{"rendered":"\n<p><strong> Nutitelefon Huawei Y5 2019 <\/strong> \u00a0, Palun tutvuge fotodega enne ostu. Vajadusel <br \/> vastan lisak\u00fcsimustele. <\/p><p> KIRJELDUS <\/p><ul><li> Ekraan: 5.71\u2033, 1520\u00d7720 (HD+) <\/li><li> Protsessor: MediaTek Helio A22 <\/li><li> M\u00e4lu: 2 GB RAM, 16GB sisem\u00e4lu (microSD tugi) <\/li><li> Kaamerad: tagumine 13 MP, eesmine 5 MP <\/li><li> Aku: 3020 mAh <\/li><li> \u00dchenduvus: 4G LTE, Wi-Fi, Bluetooth 5.0, Dual SIM <\/li><li> Operatsioonis\u00fcsteem: Android 9 (EMUI 9) <\/li><li> Kaal: umbes 146 g <\/li><\/ul><p> \u00a0 <\/p>\n","protected":false},"excerpt":{"rendered":"<p>Nutitelefon Huawei Y5 2019 \u00a0, Palun tutvuge fotodega enne ostu. Vajadusel vastan lisak\u00fcsimustele. KIRJELDUS Ekraan: 5.71\u2033, 1520\u00d7720 (HD+) Protsessor: MediaTek Helio A22 M\u00e4lu: 2 GB RAM, 16GB sisem\u00e4lu (microSD tugi) Kaamerad: tagumine 13 MP, eesmine 5 MP Aku: 3020 mAh \u00dchenduvus: 4G LTE, Wi-Fi, Bluetooth 5.0, Dual SIM Operatsioonis\u00fcsteem: Android 9 (EMUI 9) Kaal: umbes [&hellip;]<\/p>\n","protected":false},"featured_media":38804,"comment_status":"closed","ping_status":"open","template":"","meta":{"inline_featured_image":false},"product_brand":[],"product_cat":[171],"product_tag":[],"class_list":{"0":"post-41200","1":"product","2":"type-product","3":"status-publish","4":"has-post-thumbnail","6":"product_cat-mobilnye-telefony","7":"pa_asukoht-lasnamae","9":"first","10":"outofstock","11":"taxable","12":"shipping-taxable","13":"purchasable","14":"product-type-simple"},"_links":{"self":[{"href":"https:\/\/a-pant.ee\/ru\/wp-json\/wp\/v2\/product\/41200","targetHints":{"allow":["GET"]}}],"collection":[{"href":"https:\/\/a-pant.ee\/ru\/wp-json\/wp\/v2\/product"}],"about":[{"href":"https:\/\/a-pant.ee\/ru\/wp-json\/wp\/v2\/types\/product"}],"replies":[{"embeddable":true,"href":"https:\/\/a-pant.ee\/ru\/wp-json\/wp\/v2\/comments?post=41200"}],"wp:featuredmedia":[{"embeddable":true,"href":"https:\/\/a-pant.ee\/ru\/wp-json\/wp\/v2\/media\/38804"}],"wp:attachment":[{"href":"https:\/\/a-pant.ee\/ru\/wp-json\/wp\/v2\/media?parent=41200"}],"wp:term":[{"taxonomy":"product_brand","embeddable":true,"href":"https:\/\/a-pant.ee\/ru\/wp-json\/wp\/v2\/product_brand?post=41200"},{"taxonomy":"product_cat","embeddable":true,"href":"https:\/\/a-pant.ee\/ru\/wp-json\/wp\/v2\/product_cat?post=41200"},{"taxonomy":"product_tag","embeddable":true,"href":"https:\/\/a-pant.ee\/ru\/wp-json\/wp\/v2\/product_tag?post=41200"}],"curies":[{"name":"wp","href":"https:\/\/api.w.org\/{rel}","templated":true}]}}