{"id":41193,"date":"2026-04-23T22:23:19","date_gmt":"2026-04-23T19:23:19","guid":{"rendered":"https:\/\/a-pant.ee\/product\/smartfon-apple-iphone-se-64gb-aku-75-zadnyaya-kryshka-razbita\/"},"modified":"2026-05-09T21:04:17","modified_gmt":"2026-05-09T18:04:17","slug":"smartfon-apple-iphone-se-64gb-aku-75-zadnyaya-kryshka-razbita","status":"publish","type":"product","link":"https:\/\/a-pant.ee\/ru\/product\/smartfon-apple-iphone-se-64gb-aku-75-zadnyaya-kryshka-razbita\/","title":{"rendered":"\u0421\u043c\u0430\u0440\u0442\u0444\u043e\u043d Apple Iphone SE 64gb \u0430\u043a\u0443 75% \u0437\u0430\u0434\u043d\u044f\u044f \u043a\u0440\u044b\u0448\u043a\u0430 \u0440\u0430\u0437\u0431\u0438\u0442\u0430"},"content":{"rendered":"\n<p><strong> Nutitelefon Apple Iphone SE 64gb aku 75% Taga kane katki <\/strong> , Palun tutvuge fotodega enne ostu. Vajadusel <br \/> vastan lisak\u00fcsimustele. <\/p><p> KIRJELDUS <\/p><ul><li> Ekraan: 4,7 tolli, Retina HD, IPS LCD, eraldusv\u00f5ime 1334\u00d7750 pikslit <\/li><li> Protsessor: Apple A13 Bionic, 6-tuumaline <\/li><li> RAM: 3 GB <\/li><li> Salvestusruum: 64 GB <\/li><li> Tagakaamera: 12 MP, f\/1.8, autofookus, optiline pildistabilisaator, digitaalne suum kuni 5x, 4K video salvestus (kuni 60 kaadrit\/s) <\/li><li> Esikaamera: 7 MP, f\/2.2, Full HD video <\/li><li> Biomeetria: Touch ID s\u00f5rmej\u00e4ljelugeja (nupus) <\/li><li> Operatsioonis\u00fcsteem: iOS (uuendatav uusimate versioonideni) <\/li><li> Traadita \u00fchendused: Wi\u2011Fi 6, Bluetooth 5.0, NFC <\/li><li> Navigatsioon: GPS, GLONASS, Galileo, QZSS <\/li><li> Tolmu- ja veekindlus: IP67 (kuni 1 m s\u00fcgavus 30 minutiks) <\/li><li> Aku: kuni 13 tundi videotaasesitust, toetab 18 W kiirlaadimist ja juhtmevaba Qi-laadimist <\/li><li> \u00dchendus: Lightning <\/li><\/ul><p> \u00a0 <\/p>\n","protected":false},"excerpt":{"rendered":"<p>Nutitelefon Apple Iphone SE 64gb aku 75% Taga kane katki , Palun tutvuge fotodega enne ostu. Vajadusel vastan lisak\u00fcsimustele. KIRJELDUS Ekraan: 4,7 tolli, Retina HD, IPS LCD, eraldusv\u00f5ime 1334\u00d7750 pikslit Protsessor: Apple A13 Bionic, 6-tuumaline RAM: 3 GB Salvestusruum: 64 GB Tagakaamera: 12 MP, f\/1.8, autofookus, optiline pildistabilisaator, digitaalne suum kuni 5x, 4K video salvestus [&hellip;]<\/p>\n","protected":false},"featured_media":38797,"comment_status":"closed","ping_status":"closed","template":"","meta":{"inline_featured_image":false},"product_brand":[],"product_cat":[171],"product_tag":[],"class_list":{"0":"post-41193","1":"product","2":"type-product","3":"status-publish","4":"has-post-thumbnail","6":"product_cat-mobilnye-telefony","7":"pa_asukoht-lasnamae","9":"first","10":"outofstock","11":"taxable","12":"shipping-taxable","13":"purchasable","14":"product-type-simple"},"_links":{"self":[{"href":"https:\/\/a-pant.ee\/ru\/wp-json\/wp\/v2\/product\/41193","targetHints":{"allow":["GET"]}}],"collection":[{"href":"https:\/\/a-pant.ee\/ru\/wp-json\/wp\/v2\/product"}],"about":[{"href":"https:\/\/a-pant.ee\/ru\/wp-json\/wp\/v2\/types\/product"}],"replies":[{"embeddable":true,"href":"https:\/\/a-pant.ee\/ru\/wp-json\/wp\/v2\/comments?post=41193"}],"wp:featuredmedia":[{"embeddable":true,"href":"https:\/\/a-pant.ee\/ru\/wp-json\/wp\/v2\/media\/38797"}],"wp:attachment":[{"href":"https:\/\/a-pant.ee\/ru\/wp-json\/wp\/v2\/media?parent=41193"}],"wp:term":[{"taxonomy":"product_brand","embeddable":true,"href":"https:\/\/a-pant.ee\/ru\/wp-json\/wp\/v2\/product_brand?post=41193"},{"taxonomy":"product_cat","embeddable":true,"href":"https:\/\/a-pant.ee\/ru\/wp-json\/wp\/v2\/product_cat?post=41193"},{"taxonomy":"product_tag","embeddable":true,"href":"https:\/\/a-pant.ee\/ru\/wp-json\/wp\/v2\/product_tag?post=41193"}],"curies":[{"name":"wp","href":"https:\/\/api.w.org\/{rel}","templated":true}]}}