{"id":41141,"date":"2026-04-23T22:21:22","date_gmt":"2026-04-23T19:21:22","guid":{"rendered":"https:\/\/a-pant.ee\/product\/kombo-gitarnyj-usilitel-vox-ad30vt\/"},"modified":"2026-05-06T15:40:06","modified_gmt":"2026-05-06T12:40:06","slug":"kombo-gitarnyj-usilitel-vox-ad30vt","status":"publish","type":"product","link":"https:\/\/a-pant.ee\/ru\/product\/kombo-gitarnyj-usilitel-vox-ad30vt\/","title":{"rendered":"\u041a\u043e\u043c\u0431\u043e \u0433\u0438\u0442\u0430\u0440\u043d\u044b\u0439 \u0443\u0441\u0438\u043b\u0438\u0442\u0435\u043b\u044c VOX AD30VT"},"content":{"rendered":"\n<p><strong> Kitarrikombo VOX AD30V <\/strong> T, Palun tutvuge fotodega enne ostu. Vajadusel <br \/> vastan lisak\u00fcsimustele. <\/p><p> KIRJELDUS <\/p><ul><li> T\u00fc\u00fcp: <strong> kitarrikombo (modelleeriv, h\u00fcbriid) <\/strong><\/li><li> V\u00f5imsus: <strong> 30 W <\/strong><\/li><li> K\u00f5lar: <strong> 1\u00d710&#8243; <\/strong><\/li><li> Lamp: <strong> ECC83 (12AX7) eelv\u00f5imendis <\/strong><\/li><li> V\u00f5imendimudelid: <strong> 11 <\/strong><\/li><li> Efektid: <strong> 11 sisseehitatud (reverb, delay, chorus jne) <\/strong><\/li><li> Kanalid: <strong> 2 + presetid <\/strong><\/li><li> Omadused: <ul><li><strong> Valve Reactor tehnoloogia (lampheli) <\/strong><\/li><li> Reguleeritav v\u00f5imsus ( <strong> u 1\u201330 W <\/strong> ) <\/li><li> Jalgl\u00fcliti (footswitch) tugi <\/li><\/ul><\/li><li> Kaal: ~ <strong> 11,7 kg <\/strong> \u00a0 <\/li><\/ul><p> \u00a0 <\/p>\n","protected":false},"excerpt":{"rendered":"<p>Kitarrikombo VOX AD30V T, Palun tutvuge fotodega enne ostu. Vajadusel vastan lisak\u00fcsimustele. KIRJELDUS T\u00fc\u00fcp: kitarrikombo (modelleeriv, h\u00fcbriid) V\u00f5imsus: 30 W K\u00f5lar: 1\u00d710&#8243; Lamp: ECC83 (12AX7) eelv\u00f5imendis V\u00f5imendimudelid: 11 Efektid: 11 sisseehitatud (reverb, delay, chorus jne) Kanalid: 2 + presetid Omadused: Valve Reactor tehnoloogia (lampheli) Reguleeritav v\u00f5imsus ( u 1\u201330 W ) Jalgl\u00fcliti (footswitch) tugi Kaal: [&hellip;]<\/p>\n","protected":false},"featured_media":38745,"comment_status":"closed","ping_status":"open","template":"","meta":{"inline_featured_image":false},"product_brand":[],"product_cat":[184],"product_tag":[],"class_list":{"0":"post-41141","1":"product","2":"type-product","3":"status-publish","4":"has-post-thumbnail","6":"product_cat-usiliteli","7":"pa_asukoht-lasnamae","9":"first","10":"outofstock","11":"taxable","12":"shipping-taxable","13":"purchasable","14":"product-type-simple"},"_links":{"self":[{"href":"https:\/\/a-pant.ee\/ru\/wp-json\/wp\/v2\/product\/41141","targetHints":{"allow":["GET"]}}],"collection":[{"href":"https:\/\/a-pant.ee\/ru\/wp-json\/wp\/v2\/product"}],"about":[{"href":"https:\/\/a-pant.ee\/ru\/wp-json\/wp\/v2\/types\/product"}],"replies":[{"embeddable":true,"href":"https:\/\/a-pant.ee\/ru\/wp-json\/wp\/v2\/comments?post=41141"}],"wp:featuredmedia":[{"embeddable":true,"href":"https:\/\/a-pant.ee\/ru\/wp-json\/wp\/v2\/media\/38745"}],"wp:attachment":[{"href":"https:\/\/a-pant.ee\/ru\/wp-json\/wp\/v2\/media?parent=41141"}],"wp:term":[{"taxonomy":"product_brand","embeddable":true,"href":"https:\/\/a-pant.ee\/ru\/wp-json\/wp\/v2\/product_brand?post=41141"},{"taxonomy":"product_cat","embeddable":true,"href":"https:\/\/a-pant.ee\/ru\/wp-json\/wp\/v2\/product_cat?post=41141"},{"taxonomy":"product_tag","embeddable":true,"href":"https:\/\/a-pant.ee\/ru\/wp-json\/wp\/v2\/product_tag?post=41141"}],"curies":[{"name":"wp","href":"https:\/\/api.w.org\/{rel}","templated":true}]}}