{"id":41135,"date":"2026-04-23T22:21:22","date_gmt":"2026-04-23T19:21:22","guid":{"rendered":"https:\/\/a-pant.ee\/product\/perforator-makita-hr2630-2\/"},"modified":"2026-04-29T14:01:58","modified_gmt":"2026-04-29T11:01:58","slug":"perforator-makita-hr2630-2","status":"publish","type":"product","link":"https:\/\/a-pant.ee\/ru\/product\/perforator-makita-hr2630-2\/","title":{"rendered":"\u041f\u0435\u0440\u0444\u043e\u0440\u0430\u0442\u043e\u0440 Makita HR2630"},"content":{"rendered":"\n<p> Puurvasar Makita HR2630, Palun tutvuge fotodega enne ostu. Vajadusel <br \/> vastan lisak\u00fcsimustele. <\/p><p> KIRJELDUS <\/p><ul><li> V\u00f5imsus: 800\u202fW <\/li><li> Padrun: SDS-Plus <\/li><li> L\u00f6\u00f6gienergia: 2,4\u202fJ <\/li><li> T\u00fchik\u00e4igu p\u00f6\u00f6rded: 0\u20131200 p\/min <\/li><li> L\u00f6\u00f6gisagedus: kuni 4600 l\u00f6\u00f6ki\/min <\/li><li> Maks. puurimisv\u00f5ime: betoon \u2014 26\u202fmm, puit \u2014 32\u202fmm, metall \u2014 13\u202fmm <\/li><li> T\u00f6\u00f6re\u017eiimid: puurimine, puurimine l\u00f6\u00f6giga, meiseldamine <\/li><li> Kaal: umbes 2,8\u202fkg <\/li><li> Juhtme pikkus: ~2,5\u202fm <\/li><li> M\u00f5\u00f5tmed: ~361 \u00d7 77 \u00d7 209\u202fmm <\/li><\/ul>\n","protected":false},"excerpt":{"rendered":"<p>Puurvasar Makita HR2630, Palun tutvuge fotodega enne ostu. Vajadusel vastan lisak\u00fcsimustele. KIRJELDUS V\u00f5imsus: 800\u202fW Padrun: SDS-Plus L\u00f6\u00f6gienergia: 2,4\u202fJ T\u00fchik\u00e4igu p\u00f6\u00f6rded: 0\u20131200 p\/min L\u00f6\u00f6gisagedus: kuni 4600 l\u00f6\u00f6ki\/min Maks. puurimisv\u00f5ime: betoon \u2014 26\u202fmm, puit \u2014 32\u202fmm, metall \u2014 13\u202fmm T\u00f6\u00f6re\u017eiimid: puurimine, puurimine l\u00f6\u00f6giga, meiseldamine Kaal: umbes 2,8\u202fkg Juhtme pikkus: ~2,5\u202fm M\u00f5\u00f5tmed: ~361 \u00d7 77 \u00d7 209\u202fmm<\/p>\n","protected":false},"featured_media":38739,"comment_status":"closed","ping_status":"closed","template":"","meta":{"inline_featured_image":false},"product_brand":[],"product_cat":[239],"product_tag":[],"class_list":{"0":"post-41135","1":"product","2":"type-product","3":"status-publish","4":"has-post-thumbnail","6":"product_cat-perforatory-i-dreli","7":"pa_asukoht-mustamae","9":"first","10":"outofstock","11":"taxable","12":"shipping-taxable","13":"purchasable","14":"product-type-simple"},"_links":{"self":[{"href":"https:\/\/a-pant.ee\/ru\/wp-json\/wp\/v2\/product\/41135","targetHints":{"allow":["GET"]}}],"collection":[{"href":"https:\/\/a-pant.ee\/ru\/wp-json\/wp\/v2\/product"}],"about":[{"href":"https:\/\/a-pant.ee\/ru\/wp-json\/wp\/v2\/types\/product"}],"replies":[{"embeddable":true,"href":"https:\/\/a-pant.ee\/ru\/wp-json\/wp\/v2\/comments?post=41135"}],"wp:featuredmedia":[{"embeddable":true,"href":"https:\/\/a-pant.ee\/ru\/wp-json\/wp\/v2\/media\/38739"}],"wp:attachment":[{"href":"https:\/\/a-pant.ee\/ru\/wp-json\/wp\/v2\/media?parent=41135"}],"wp:term":[{"taxonomy":"product_brand","embeddable":true,"href":"https:\/\/a-pant.ee\/ru\/wp-json\/wp\/v2\/product_brand?post=41135"},{"taxonomy":"product_cat","embeddable":true,"href":"https:\/\/a-pant.ee\/ru\/wp-json\/wp\/v2\/product_cat?post=41135"},{"taxonomy":"product_tag","embeddable":true,"href":"https:\/\/a-pant.ee\/ru\/wp-json\/wp\/v2\/product_tag?post=41135"}],"curies":[{"name":"wp","href":"https:\/\/api.w.org\/{rel}","templated":true}]}}