{"id":41117,"date":"2026-04-23T22:20:28","date_gmt":"2026-04-23T19:20:28","guid":{"rendered":"https:\/\/a-pant.ee\/product\/dzhojstik-playstation-4-sony-dualshock-4\/"},"modified":"2026-05-11T09:27:33","modified_gmt":"2026-05-11T06:27:33","slug":"dzhojstik-playstation-4-sony-dualshock-4","status":"publish","type":"product","link":"https:\/\/a-pant.ee\/ru\/product\/dzhojstik-playstation-4-sony-dualshock-4\/","title":{"rendered":"\u0414\u0436\u043e\u0439\u0441\u0442\u0438\u043a Playstation 4 Sony Dualshock 4"},"content":{"rendered":"\n<p> Pult Playstation 4 Sony Dualshock 4, Palun tutvuge fotodega enne ostu. Vajadusel <br \/> vastan lisak\u00fcsimustele. <\/p><p> KIRJELDUS <\/p><p> Seadme t\u00fc\u00fcp: Juhtmevaba m\u00e4ngupult <\/p><p> \u00dchilduvus: PlayStation 4, arvuti <\/p><p> \u00dchendusliides: Bluetooth \/ micro-USB <\/p><p> Aku t\u00fc\u00fcp: Sisseehitatud liitium-ioon <\/p><p> Andurid: Kiirendusm\u00f5\u00f5tur, g\u00fcroskoop <\/p><p> Vibratsioon: On olemas <\/p><p> Puutepaneel: Jah, mahtuvuslik <\/p><p> K\u00f5rvaklappide pesa: 3,5 mm <\/p><p> T\u00f6\u00f6kaugus: kuni 10 m <\/p><p> Aku t\u00f6\u00f6aeg: kuni 7\u20138 tundi <\/p>\n","protected":false},"excerpt":{"rendered":"<p>Pult Playstation 4 Sony Dualshock 4, Palun tutvuge fotodega enne ostu. Vajadusel vastan lisak\u00fcsimustele. KIRJELDUS Seadme t\u00fc\u00fcp: Juhtmevaba m\u00e4ngupult \u00dchilduvus: PlayStation 4, arvuti \u00dchendusliides: Bluetooth \/ micro-USB Aku t\u00fc\u00fcp: Sisseehitatud liitium-ioon Andurid: Kiirendusm\u00f5\u00f5tur, g\u00fcroskoop Vibratsioon: On olemas Puutepaneel: Jah, mahtuvuslik K\u00f5rvaklappide pesa: 3,5 mm T\u00f6\u00f6kaugus: kuni 10 m Aku t\u00f6\u00f6aeg: kuni 7\u20138 tundi<\/p>\n","protected":false},"featured_media":38721,"comment_status":"closed","ping_status":"closed","template":"","meta":{"inline_featured_image":false},"product_brand":[],"product_cat":[175],"product_tag":[],"class_list":{"0":"post-41117","1":"product","2":"type-product","3":"status-publish","4":"has-post-thumbnail","6":"product_cat-vsyo-dlya-pristavok","7":"pa_asukoht-mustamae","9":"first","10":"outofstock","11":"taxable","12":"shipping-taxable","13":"purchasable","14":"product-type-simple"},"_links":{"self":[{"href":"https:\/\/a-pant.ee\/ru\/wp-json\/wp\/v2\/product\/41117","targetHints":{"allow":["GET"]}}],"collection":[{"href":"https:\/\/a-pant.ee\/ru\/wp-json\/wp\/v2\/product"}],"about":[{"href":"https:\/\/a-pant.ee\/ru\/wp-json\/wp\/v2\/types\/product"}],"replies":[{"embeddable":true,"href":"https:\/\/a-pant.ee\/ru\/wp-json\/wp\/v2\/comments?post=41117"}],"wp:featuredmedia":[{"embeddable":true,"href":"https:\/\/a-pant.ee\/ru\/wp-json\/wp\/v2\/media\/38721"}],"wp:attachment":[{"href":"https:\/\/a-pant.ee\/ru\/wp-json\/wp\/v2\/media?parent=41117"}],"wp:term":[{"taxonomy":"product_brand","embeddable":true,"href":"https:\/\/a-pant.ee\/ru\/wp-json\/wp\/v2\/product_brand?post=41117"},{"taxonomy":"product_cat","embeddable":true,"href":"https:\/\/a-pant.ee\/ru\/wp-json\/wp\/v2\/product_cat?post=41117"},{"taxonomy":"product_tag","embeddable":true,"href":"https:\/\/a-pant.ee\/ru\/wp-json\/wp\/v2\/product_tag?post=41117"}],"curies":[{"name":"wp","href":"https:\/\/api.w.org\/{rel}","templated":true}]}}