{"id":41089,"date":"2026-04-23T22:19:24","date_gmt":"2026-04-23T19:19:24","guid":{"rendered":"https:\/\/a-pant.ee\/product\/perenosnaya-kolonka-jbl-partybox-110\/"},"modified":"2026-05-06T15:40:42","modified_gmt":"2026-05-06T12:40:42","slug":"perenosnaya-kolonka-jbl-partybox-110","status":"publish","type":"product","link":"https:\/\/a-pant.ee\/ru\/product\/perenosnaya-kolonka-jbl-partybox-110\/","title":{"rendered":"\u041f\u0435\u0440\u0435\u043d\u043e\u0441\u043d\u0430\u044f \u043a\u043e\u043b\u043e\u043d\u043a\u0430 JBL Partybox 110"},"content":{"rendered":"\n<p><strong> Juhtmevaba K\u00f5lar JBL Partybox 110 <\/strong> , Palun tutvuge fotodega enne ostu. Vajadusel <br \/> vastan lisak\u00fcsimustele. <\/p><p> KIRJELDUS <\/p><ul><li> V\u00f5imsus: <strong> 160 W <\/strong><\/li><li> Sagedusvahemik: <strong> 45 Hz \u2013 20 kHz <\/strong><\/li><li> Bluetooth: <strong> 5.1 <\/strong><\/li><li> Aku kestvus: kuni <strong> 12 tundi <\/strong><\/li><li> Laadimisaeg: ~ <strong> 3,5 tundi <\/strong><\/li><li> Kaitse: <strong> IPX4 (pritsmekindel) <\/strong><\/li><li> Kaal: <strong> ~10,8 kg <\/strong><\/li><li> Omadused: <ul><li> LED valgusshow <\/li><li> Bass Boost <\/li><li> Mikrofoni ja kitarri sisend <\/li><li> PartyBox rakendus <\/li><li> \u00dchendused: Bluetooth, USB, AUX <\/li><\/ul><\/li><\/ul>\n","protected":false},"excerpt":{"rendered":"<p>Juhtmevaba K\u00f5lar JBL Partybox 110 , Palun tutvuge fotodega enne ostu. Vajadusel vastan lisak\u00fcsimustele. KIRJELDUS V\u00f5imsus: 160 W Sagedusvahemik: 45 Hz \u2013 20 kHz Bluetooth: 5.1 Aku kestvus: kuni 12 tundi Laadimisaeg: ~ 3,5 tundi Kaitse: IPX4 (pritsmekindel) Kaal: ~10,8 kg Omadused: LED valgusshow Bass Boost Mikrofoni ja kitarri sisend PartyBox rakendus \u00dchendused: Bluetooth, USB, [&hellip;]<\/p>\n","protected":false},"featured_media":38693,"comment_status":"closed","ping_status":"open","template":"","meta":{"inline_featured_image":false},"product_brand":[],"product_cat":[167],"product_tag":[],"class_list":{"0":"post-41089","1":"product","2":"type-product","3":"status-publish","4":"has-post-thumbnail","6":"product_cat-kolonki","7":"pa_asukoht-lasnamae","9":"first","10":"outofstock","11":"taxable","12":"shipping-taxable","13":"purchasable","14":"product-type-simple"},"_links":{"self":[{"href":"https:\/\/a-pant.ee\/ru\/wp-json\/wp\/v2\/product\/41089","targetHints":{"allow":["GET"]}}],"collection":[{"href":"https:\/\/a-pant.ee\/ru\/wp-json\/wp\/v2\/product"}],"about":[{"href":"https:\/\/a-pant.ee\/ru\/wp-json\/wp\/v2\/types\/product"}],"replies":[{"embeddable":true,"href":"https:\/\/a-pant.ee\/ru\/wp-json\/wp\/v2\/comments?post=41089"}],"wp:featuredmedia":[{"embeddable":true,"href":"https:\/\/a-pant.ee\/ru\/wp-json\/wp\/v2\/media\/38693"}],"wp:attachment":[{"href":"https:\/\/a-pant.ee\/ru\/wp-json\/wp\/v2\/media?parent=41089"}],"wp:term":[{"taxonomy":"product_brand","embeddable":true,"href":"https:\/\/a-pant.ee\/ru\/wp-json\/wp\/v2\/product_brand?post=41089"},{"taxonomy":"product_cat","embeddable":true,"href":"https:\/\/a-pant.ee\/ru\/wp-json\/wp\/v2\/product_cat?post=41089"},{"taxonomy":"product_tag","embeddable":true,"href":"https:\/\/a-pant.ee\/ru\/wp-json\/wp\/v2\/product_tag?post=41089"}],"curies":[{"name":"wp","href":"https:\/\/api.w.org\/{rel}","templated":true}]}}