{"id":41082,"date":"2026-04-23T22:19:24","date_gmt":"2026-04-23T19:19:24","guid":{"rendered":"https:\/\/a-pant.ee\/product\/torczovochnaya-pila-makita-ls0815fl\/"},"modified":"2026-05-03T12:48:57","modified_gmt":"2026-05-03T09:48:57","slug":"torczovochnaya-pila-makita-ls0815fl","status":"publish","type":"product","link":"https:\/\/a-pant.ee\/ru\/product\/torczovochnaya-pila-makita-ls0815fl\/","title":{"rendered":"\u0422\u043e\u0440\u0446\u043e\u0432\u043e\u0447\u043d\u0430\u044f \u043f\u0438\u043b\u0430 Makita LS0815FL"},"content":{"rendered":"\n<p><strong> Jarkamissaag \u00a0Makita LS0815FL <\/strong> , Palun tutvuge fotodega enne ostu. Vajadusel <br \/> vastan lisak\u00fcsimustele. <\/p><p> KIRJELDUS <\/p><ul><li> T\u00fc\u00fcp: liuguriga nurk- ja j\u00e4rkamissaag <\/li><li> V\u00f5imsus: <strong> 1400 W <\/strong><\/li><li> Saeketta l\u00e4bim\u00f5\u00f5t: <strong> 216 mm <\/strong><\/li><li> P\u00f6\u00f6rete arv: <strong> 5000 p\/min <\/strong><\/li><li> L\u00f5ige 90\u00b0: <strong> 65 \u00d7 305 mm <\/strong><\/li><li> L\u00f5ige 45\u00b0: <strong> 65 \u00d7 215 mm <\/strong><\/li><li> Kaldnurk: <strong> kuni 48\u00b0 vasakule <\/strong><\/li><li> P\u00f6\u00f6rdenurk: <strong> kuni 60\u00b0 <\/strong><\/li><li> Kaal: <strong> \u224814,1 kg <\/strong><\/li><li> Omadused: laser, LED-t\u00f6\u00f6valgustus, sujuv k\u00e4ivitus <\/li><\/ul>\n","protected":false},"excerpt":{"rendered":"<p>Jarkamissaag \u00a0Makita LS0815FL , Palun tutvuge fotodega enne ostu. Vajadusel vastan lisak\u00fcsimustele. KIRJELDUS T\u00fc\u00fcp: liuguriga nurk- ja j\u00e4rkamissaag V\u00f5imsus: 1400 W Saeketta l\u00e4bim\u00f5\u00f5t: 216 mm P\u00f6\u00f6rete arv: 5000 p\/min L\u00f5ige 90\u00b0: 65 \u00d7 305 mm L\u00f5ige 45\u00b0: 65 \u00d7 215 mm Kaldnurk: kuni 48\u00b0 vasakule P\u00f6\u00f6rdenurk: kuni 60\u00b0 Kaal: \u224814,1 kg Omadused: laser, LED-t\u00f6\u00f6valgustus, sujuv [&hellip;]<\/p>\n","protected":false},"featured_media":38686,"comment_status":"closed","ping_status":"closed","template":"","meta":{"inline_featured_image":false},"product_brand":[],"product_cat":[227],"product_tag":[],"class_list":{"0":"post-41082","1":"product","2":"type-product","3":"status-publish","4":"has-post-thumbnail","6":"product_cat-torczovochnye-pily","7":"pa_asukoht-lasnamae","9":"first","10":"outofstock","11":"taxable","12":"shipping-taxable","13":"purchasable","14":"product-type-simple"},"_links":{"self":[{"href":"https:\/\/a-pant.ee\/ru\/wp-json\/wp\/v2\/product\/41082","targetHints":{"allow":["GET"]}}],"collection":[{"href":"https:\/\/a-pant.ee\/ru\/wp-json\/wp\/v2\/product"}],"about":[{"href":"https:\/\/a-pant.ee\/ru\/wp-json\/wp\/v2\/types\/product"}],"replies":[{"embeddable":true,"href":"https:\/\/a-pant.ee\/ru\/wp-json\/wp\/v2\/comments?post=41082"}],"wp:featuredmedia":[{"embeddable":true,"href":"https:\/\/a-pant.ee\/ru\/wp-json\/wp\/v2\/media\/38686"}],"wp:attachment":[{"href":"https:\/\/a-pant.ee\/ru\/wp-json\/wp\/v2\/media?parent=41082"}],"wp:term":[{"taxonomy":"product_brand","embeddable":true,"href":"https:\/\/a-pant.ee\/ru\/wp-json\/wp\/v2\/product_brand?post=41082"},{"taxonomy":"product_cat","embeddable":true,"href":"https:\/\/a-pant.ee\/ru\/wp-json\/wp\/v2\/product_cat?post=41082"},{"taxonomy":"product_tag","embeddable":true,"href":"https:\/\/a-pant.ee\/ru\/wp-json\/wp\/v2\/product_tag?post=41082"}],"curies":[{"name":"wp","href":"https:\/\/api.w.org\/{rel}","templated":true}]}}