{"id":41058,"date":"2026-04-23T22:18:45","date_gmt":"2026-04-23T19:18:45","guid":{"rendered":"https:\/\/a-pant.ee\/product\/pylesos-makita-dcl280f-bez-aku\/"},"modified":"2026-04-29T14:01:39","modified_gmt":"2026-04-29T11:01:39","slug":"pylesos-makita-dcl280f-bez-aku","status":"publish","type":"product","link":"https:\/\/a-pant.ee\/ru\/product\/pylesos-makita-dcl280f-bez-aku\/","title":{"rendered":"\u041f\u044b\u043b\u0435\u0441\u043e\u0441 Makita DCL280F \u0411\u0435\u0437 \u0410\u043a\u0443"},"content":{"rendered":"\n<p> M\u00fc\u00fcakse\u00a0Tolmuimeja Makita DCL280F ilma akuta\u00a0, Palun tutvuge fotodega enne ostu. Vajadusel <br \/> vastan lisak\u00fcsimustele. <\/p><p> Vaata ka meie teisi kuulutusi! <\/p><p> Mustam\u00e4e, Vilde Tee 96 <\/p><p> KIRJELDUS <\/p><ul><li> Mootori t\u00fc\u00fcp:\u00a0Harjavaba (BL-mootor) \u2014 v\u00f5imsam, vaiksem ja pikema t\u00f6\u00f6eaga <\/li><li> Pinge:\u00a018 V (LXT s\u00fcsteem) <\/li><li> Maksimaalne imemisv\u00f5imsus:\u00a045 W <\/li><li> Tolmukoguja t\u00fc\u00fcp:\u00a0Tolmanum (kotivaba s\u00fcsteem, maht 750 ml) <\/li><li> Juhtimine:\u00a0P\u00e4\u00e4stikl\u00fcliti (Trigger) \u2014 v\u00f5imaldab s\u00e4\u00e4stlikku akukasutust <\/li><li> Omadused: <ul><li> Integreeritud LED-t\u00f6\u00f6valgusti <\/li><li> Ergonoomiline kummikattega k\u00e4epide <\/li><li> Toru lukustusmehhanism (v\u00e4ldib juhuslikku lahtitulekut) <\/li><li> Madal vibratsiooni- ja m\u00fcratase <\/li><\/ul><\/li><li> Kaal (ilma akuta):\u00a0~1.2 kg <\/li><\/ul>\n","protected":false},"excerpt":{"rendered":"<p>M\u00fc\u00fcakse\u00a0Tolmuimeja Makita DCL280F ilma akuta\u00a0, Palun tutvuge fotodega enne ostu. Vajadusel vastan lisak\u00fcsimustele. Vaata ka meie teisi kuulutusi! Mustam\u00e4e, Vilde Tee 96 KIRJELDUS Mootori t\u00fc\u00fcp:\u00a0Harjavaba (BL-mootor) \u2014 v\u00f5imsam, vaiksem ja pikema t\u00f6\u00f6eaga Pinge:\u00a018 V (LXT s\u00fcsteem) Maksimaalne imemisv\u00f5imsus:\u00a045 W Tolmukoguja t\u00fc\u00fcp:\u00a0Tolmanum (kotivaba s\u00fcsteem, maht 750 ml) Juhtimine:\u00a0P\u00e4\u00e4stikl\u00fcliti (Trigger) \u2014 v\u00f5imaldab s\u00e4\u00e4stlikku akukasutust Omadused: Integreeritud LED-t\u00f6\u00f6valgusti [&hellip;]<\/p>\n","protected":false},"featured_media":38662,"comment_status":"closed","ping_status":"closed","template":"","meta":{"inline_featured_image":false},"product_brand":[],"product_cat":[245],"product_tag":[],"class_list":{"0":"post-41058","1":"product","2":"type-product","3":"status-publish","4":"has-post-thumbnail","6":"product_cat-stroitelnye-pylesosy","8":"first","9":"outofstock","10":"taxable","11":"shipping-taxable","12":"purchasable","13":"product-type-simple"},"_links":{"self":[{"href":"https:\/\/a-pant.ee\/ru\/wp-json\/wp\/v2\/product\/41058","targetHints":{"allow":["GET"]}}],"collection":[{"href":"https:\/\/a-pant.ee\/ru\/wp-json\/wp\/v2\/product"}],"about":[{"href":"https:\/\/a-pant.ee\/ru\/wp-json\/wp\/v2\/types\/product"}],"replies":[{"embeddable":true,"href":"https:\/\/a-pant.ee\/ru\/wp-json\/wp\/v2\/comments?post=41058"}],"wp:featuredmedia":[{"embeddable":true,"href":"https:\/\/a-pant.ee\/ru\/wp-json\/wp\/v2\/media\/38662"}],"wp:attachment":[{"href":"https:\/\/a-pant.ee\/ru\/wp-json\/wp\/v2\/media?parent=41058"}],"wp:term":[{"taxonomy":"product_brand","embeddable":true,"href":"https:\/\/a-pant.ee\/ru\/wp-json\/wp\/v2\/product_brand?post=41058"},{"taxonomy":"product_cat","embeddable":true,"href":"https:\/\/a-pant.ee\/ru\/wp-json\/wp\/v2\/product_cat?post=41058"},{"taxonomy":"product_tag","embeddable":true,"href":"https:\/\/a-pant.ee\/ru\/wp-json\/wp\/v2\/product_tag?post=41058"}],"curies":[{"name":"wp","href":"https:\/\/api.w.org\/{rel}","templated":true}]}}