{"id":41040,"date":"2026-04-23T22:18:02","date_gmt":"2026-04-23T19:18:02","guid":{"rendered":"https:\/\/a-pant.ee\/product\/akb-makita-50ah\/"},"modified":"2026-04-30T13:57:05","modified_gmt":"2026-04-30T10:57:05","slug":"akb-makita-50ah","status":"publish","type":"product","link":"https:\/\/a-pant.ee\/ru\/product\/akb-makita-50ah\/","title":{"rendered":"\u0410\u041a\u0411 Makita 5,0AH"},"content":{"rendered":"\n<p> Aku Makita 5,0AH\u00a0, Palun tutvuge fotodega enne ostu. Vajadusel <br \/> vastan lisak\u00fcsimustele. <\/p><p> KIRJELDUS <\/p><ul><li> Aku t\u00fc\u00fcp:\u00a0Li-ion (Liitium-ioon) <\/li><li> Pinge:\u00a018 V <\/li><li> Mahtuvus:\u00a05.0 Ah (90 Wh) <\/li><li> Laetuse tase:\u00a0Neljaastmeline LED-indikaator <\/li><li> Omadused: <ul><li> M\u00e4luefekt puudub (saab laadida igal ajal) <\/li><li> Minimaalne iset\u00fchjenemine hoiustamisel <\/li><li> Integreeritud kaitses\u00fcsteem \u00fclekoormuse, \u00fclekuumenemise ja t\u00fchjenemise vastu <\/li><\/ul><\/li><li> Laadimisaeg:\u00a0Umbes 45 minutit (kiirlaadijaga DC18RC) <\/li><li> Kaal:\u00a0~600 g <\/li><\/ul>\n","protected":false},"excerpt":{"rendered":"<p>Aku Makita 5,0AH\u00a0, Palun tutvuge fotodega enne ostu. Vajadusel vastan lisak\u00fcsimustele. KIRJELDUS Aku t\u00fc\u00fcp:\u00a0Li-ion (Liitium-ioon) Pinge:\u00a018 V Mahtuvus:\u00a05.0 Ah (90 Wh) Laetuse tase:\u00a0Neljaastmeline LED-indikaator Omadused: M\u00e4luefekt puudub (saab laadida igal ajal) Minimaalne iset\u00fchjenemine hoiustamisel Integreeritud kaitses\u00fcsteem \u00fclekoormuse, \u00fclekuumenemise ja t\u00fchjenemise vastu Laadimisaeg:\u00a0Umbes 45 minutit (kiirlaadijaga DC18RC) Kaal:\u00a0~600 g<\/p>\n","protected":false},"featured_media":38644,"comment_status":"closed","ping_status":"closed","template":"","meta":{"inline_featured_image":false},"product_brand":[],"product_cat":[223],"product_tag":[],"class_list":{"0":"post-41040","1":"product","2":"type-product","3":"status-publish","4":"has-post-thumbnail","6":"product_cat-vsyo-dlya-instrumenta","7":"pa_asukoht-mustamae","9":"first","10":"outofstock","11":"taxable","12":"shipping-taxable","13":"purchasable","14":"product-type-simple"},"_links":{"self":[{"href":"https:\/\/a-pant.ee\/ru\/wp-json\/wp\/v2\/product\/41040","targetHints":{"allow":["GET"]}}],"collection":[{"href":"https:\/\/a-pant.ee\/ru\/wp-json\/wp\/v2\/product"}],"about":[{"href":"https:\/\/a-pant.ee\/ru\/wp-json\/wp\/v2\/types\/product"}],"replies":[{"embeddable":true,"href":"https:\/\/a-pant.ee\/ru\/wp-json\/wp\/v2\/comments?post=41040"}],"wp:featuredmedia":[{"embeddable":true,"href":"https:\/\/a-pant.ee\/ru\/wp-json\/wp\/v2\/media\/38644"}],"wp:attachment":[{"href":"https:\/\/a-pant.ee\/ru\/wp-json\/wp\/v2\/media?parent=41040"}],"wp:term":[{"taxonomy":"product_brand","embeddable":true,"href":"https:\/\/a-pant.ee\/ru\/wp-json\/wp\/v2\/product_brand?post=41040"},{"taxonomy":"product_cat","embeddable":true,"href":"https:\/\/a-pant.ee\/ru\/wp-json\/wp\/v2\/product_cat?post=41040"},{"taxonomy":"product_tag","embeddable":true,"href":"https:\/\/a-pant.ee\/ru\/wp-json\/wp\/v2\/product_tag?post=41040"}],"curies":[{"name":"wp","href":"https:\/\/api.w.org\/{rel}","templated":true}]}}