{"id":41034,"date":"2026-04-23T22:18:02","date_gmt":"2026-04-23T19:18:02","guid":{"rendered":"https:\/\/a-pant.ee\/product\/akkumulyatornaya-czepnaya-pila-makita-duc302-bez-aku\/"},"modified":"2026-05-01T14:39:41","modified_gmt":"2026-05-01T11:39:41","slug":"akkumulyatornaya-czepnaya-pila-makita-duc302-bez-aku","status":"publish","type":"product","link":"https:\/\/a-pant.ee\/ru\/product\/akkumulyatornaya-czepnaya-pila-makita-duc302-bez-aku\/","title":{"rendered":"\u0410\u043a\u043a\u0443\u043c\u0443\u043b\u044f\u0442\u043e\u0440\u043d\u0430\u044f \u0446\u0435\u043f\u043d\u0430\u044f \u043f\u0438\u043b\u0430 Makita DUC302 \u0411\u0435\u0437 \u0410\u043a\u0443"},"content":{"rendered":"\n<p> Aku Elekrilinesaag Makita DUC302 ilma akuta\u00a0, Palun tutvuge fotodega enne ostu. Vajadusel <br \/> vastan lisak\u00fcsimustele. <\/p><p> KIRJELDUS <\/p><ul><li> T\u00fc\u00fcp: akutoitega kettsaag <\/li><li> Br\u00e4nd: Makita <\/li><li> Mudel: DUC302 <\/li><li> Pinge: 2 \u00d7 18 V (36 V) <\/li><li> Aku t\u00fc\u00fcp: Li-ion <\/li><li> Juhtplaadi pikkus: 30 cm <\/li><li> Keti kiirus: 8.3 m\/s <\/li><li> Keti samm: 3\/8&#8243; <\/li><li> Soone laius: 1.1 mm <\/li><li> Automaatne keti \u00f5litus <\/li><li> \u00d5lipaagi maht: umbes 200 ml <\/li><li> Elektriline ketipidur <\/li><li> \u00dclekoormuskaitse <\/li><li> T\u00f6\u00f6riistavaba keti pingutus <\/li><li> Madal m\u00fcratase <\/li><li> Kaal: umbes 4.1 kg <\/li><\/ul>\n","protected":false},"excerpt":{"rendered":"<p>Aku Elekrilinesaag Makita DUC302 ilma akuta\u00a0, Palun tutvuge fotodega enne ostu. Vajadusel vastan lisak\u00fcsimustele. KIRJELDUS T\u00fc\u00fcp: akutoitega kettsaag Br\u00e4nd: Makita Mudel: DUC302 Pinge: 2 \u00d7 18 V (36 V) Aku t\u00fc\u00fcp: Li-ion Juhtplaadi pikkus: 30 cm Keti kiirus: 8.3 m\/s Keti samm: 3\/8&#8243; Soone laius: 1.1 mm Automaatne keti \u00f5litus \u00d5lipaagi maht: umbes 200 ml [&hellip;]<\/p>\n","protected":false},"featured_media":38638,"comment_status":"closed","ping_status":"closed","template":"","meta":{"inline_featured_image":false},"product_brand":[],"product_cat":[220],"product_tag":[],"class_list":{"0":"post-41034","1":"product","2":"type-product","3":"status-publish","4":"has-post-thumbnail","6":"product_cat-sadovye-instrumenty","7":"pa_asukoht-mustamae","9":"first","10":"outofstock","11":"taxable","12":"shipping-taxable","13":"purchasable","14":"product-type-simple"},"_links":{"self":[{"href":"https:\/\/a-pant.ee\/ru\/wp-json\/wp\/v2\/product\/41034","targetHints":{"allow":["GET"]}}],"collection":[{"href":"https:\/\/a-pant.ee\/ru\/wp-json\/wp\/v2\/product"}],"about":[{"href":"https:\/\/a-pant.ee\/ru\/wp-json\/wp\/v2\/types\/product"}],"replies":[{"embeddable":true,"href":"https:\/\/a-pant.ee\/ru\/wp-json\/wp\/v2\/comments?post=41034"}],"wp:featuredmedia":[{"embeddable":true,"href":"https:\/\/a-pant.ee\/ru\/wp-json\/wp\/v2\/media\/38638"}],"wp:attachment":[{"href":"https:\/\/a-pant.ee\/ru\/wp-json\/wp\/v2\/media?parent=41034"}],"wp:term":[{"taxonomy":"product_brand","embeddable":true,"href":"https:\/\/a-pant.ee\/ru\/wp-json\/wp\/v2\/product_brand?post=41034"},{"taxonomy":"product_cat","embeddable":true,"href":"https:\/\/a-pant.ee\/ru\/wp-json\/wp\/v2\/product_cat?post=41034"},{"taxonomy":"product_tag","embeddable":true,"href":"https:\/\/a-pant.ee\/ru\/wp-json\/wp\/v2\/product_tag?post=41034"}],"curies":[{"name":"wp","href":"https:\/\/api.w.org\/{rel}","templated":true}]}}