{"id":41006,"date":"2026-04-23T22:17:01","date_gmt":"2026-04-23T19:17:01","guid":{"rendered":"https:\/\/a-pant.ee\/product\/portativnaya-kolonka-jbl-partybox-100\/"},"modified":"2026-04-29T13:31:25","modified_gmt":"2026-04-29T10:31:25","slug":"portativnaya-kolonka-jbl-partybox-100","status":"publish","type":"product","link":"https:\/\/a-pant.ee\/ru\/product\/portativnaya-kolonka-jbl-partybox-100\/","title":{"rendered":"\u041f\u043e\u0440\u0442\u0430\u0442\u0438\u0432\u043d\u0430\u044f \u043a\u043e\u043b\u043e\u043d\u043a\u0430 JBL Partybox 100"},"content":{"rendered":"\n<p> Juhtmevabad k\u00f5larid JBL Partybox 100\u00a0Palun tutvuge fotodega enne ostu. Vajadusel <br \/> vastan lisak\u00fcsimustele. <\/p><p> KIRJELDUS <\/p><ul><li> Tootet\u00fc\u00fcp:\u00a0juhtmevaba k\u00f5lar <\/li><li> V\u00f5imsus:\u00a0160 W <\/li><li> Bluetooth:\u00a0jah (versioon 4.2) <\/li><li> \u00dchendused:\u00a0AUX (3.5 mm), USB, RCA <\/li><li> Aku:\u00a02500 mAh <\/li><li> T\u00f6\u00f6aeg:\u00a0kuni 12 tundi <\/li><li> Laadimisaeg:\u00a0~6,5 tundi <\/li><li> M\u00f5\u00f5dud:\u00a055.1 \u00d7 28.8 \u00d7 29 cm <\/li><li> Kaal:\u00a09.7 kg <\/li><li> V\u00e4rv:\u00a0must <\/li><\/ul>\n","protected":false},"excerpt":{"rendered":"<p>Juhtmevabad k\u00f5larid JBL Partybox 100\u00a0Palun tutvuge fotodega enne ostu. Vajadusel vastan lisak\u00fcsimustele. KIRJELDUS Tootet\u00fc\u00fcp:\u00a0juhtmevaba k\u00f5lar V\u00f5imsus:\u00a0160 W Bluetooth:\u00a0jah (versioon 4.2) \u00dchendused:\u00a0AUX (3.5 mm), USB, RCA Aku:\u00a02500 mAh T\u00f6\u00f6aeg:\u00a0kuni 12 tundi Laadimisaeg:\u00a0~6,5 tundi M\u00f5\u00f5dud:\u00a055.1 \u00d7 28.8 \u00d7 29 cm Kaal:\u00a09.7 kg V\u00e4rv:\u00a0must<\/p>\n","protected":false},"featured_media":38610,"comment_status":"closed","ping_status":"closed","template":"","meta":{"inline_featured_image":false},"product_brand":[],"product_cat":[167],"product_tag":[],"class_list":{"0":"post-41006","1":"product","2":"type-product","3":"status-publish","4":"has-post-thumbnail","6":"product_cat-kolonki","7":"pa_asukoht-lasnamae","9":"first","10":"outofstock","11":"taxable","12":"shipping-taxable","13":"purchasable","14":"product-type-simple"},"_links":{"self":[{"href":"https:\/\/a-pant.ee\/ru\/wp-json\/wp\/v2\/product\/41006","targetHints":{"allow":["GET"]}}],"collection":[{"href":"https:\/\/a-pant.ee\/ru\/wp-json\/wp\/v2\/product"}],"about":[{"href":"https:\/\/a-pant.ee\/ru\/wp-json\/wp\/v2\/types\/product"}],"replies":[{"embeddable":true,"href":"https:\/\/a-pant.ee\/ru\/wp-json\/wp\/v2\/comments?post=41006"}],"wp:featuredmedia":[{"embeddable":true,"href":"https:\/\/a-pant.ee\/ru\/wp-json\/wp\/v2\/media\/38610"}],"wp:attachment":[{"href":"https:\/\/a-pant.ee\/ru\/wp-json\/wp\/v2\/media?parent=41006"}],"wp:term":[{"taxonomy":"product_brand","embeddable":true,"href":"https:\/\/a-pant.ee\/ru\/wp-json\/wp\/v2\/product_brand?post=41006"},{"taxonomy":"product_cat","embeddable":true,"href":"https:\/\/a-pant.ee\/ru\/wp-json\/wp\/v2\/product_cat?post=41006"},{"taxonomy":"product_tag","embeddable":true,"href":"https:\/\/a-pant.ee\/ru\/wp-json\/wp\/v2\/product_tag?post=41006"}],"curies":[{"name":"wp","href":"https:\/\/api.w.org\/{rel}","templated":true}]}}