{"id":40986,"date":"2026-04-23T22:16:32","date_gmt":"2026-04-23T19:16:32","guid":{"rendered":"https:\/\/a-pant.ee\/product\/shtroborez-einstock-emf-150-1\/"},"modified":"2026-05-07T19:50:57","modified_gmt":"2026-05-07T16:50:57","slug":"shtroborez-einstock-emf-150-1","status":"publish","type":"product","link":"https:\/\/a-pant.ee\/ru\/product\/shtroborez-einstock-emf-150-1\/","title":{"rendered":"\u0428\u0442\u0440\u043e\u0431\u043e\u0440\u0435\u0437 Eibenstock EMF 150.1"},"content":{"rendered":"<p><strong>Soonefrees Eibenstock EMF 150.1<\/strong>, Palun tutvuge fotodega enne ostu. Vajadusel<br \/>\nvastan lisak\u00fcsimustele.<\/p>\n<p>KIRJELDUS<\/p>\n<p>V\u00f5imsus: 2300 W Pinge: 230 V Ketta l\u00e4bim\u00f5\u00f5t: 150 mm P\u00f6\u00f6rded (koormusel): 4300 p\/min P\u00f6\u00f6rded (t\u00fchik\u00e4igul): 7500 p\/min Maks. l\u00f5ikes\u00fcgavus: 45 mm Maks. l\u00f5ikelaius: 46 mm Kaal: ~6,1 kg<\/p>\n","protected":false},"excerpt":{"rendered":"<p>Soonefrees Eibenstock EMF 150.1, Palun tutvuge fotodega enne ostu. Vajadusel vastan lisak\u00fcsimustele. KIRJELDUS V\u00f5imsus: 2300 W Pinge: 230 V Ketta l\u00e4bim\u00f5\u00f5t: 150 mm P\u00f6\u00f6rded (koormusel): 4300 p\/min P\u00f6\u00f6rded (t\u00fchik\u00e4igul): 7500 p\/min Maks. l\u00f5ikes\u00fcgavus: 45 mm Maks. l\u00f5ikelaius: 46 mm Kaal: ~6,1 kg<\/p>\n","protected":false},"featured_media":38590,"comment_status":"closed","ping_status":"open","template":"","meta":{"inline_featured_image":false},"product_brand":[],"product_cat":[242],"product_tag":[],"class_list":{"0":"post-40986","1":"product","2":"type-product","3":"status-publish","4":"has-post-thumbnail","6":"product_cat-shtroborezy","7":"pa_asukoht-lasnamae","9":"first","10":"instock","11":"taxable","12":"shipping-taxable","13":"purchasable","14":"product-type-simple"},"_links":{"self":[{"href":"https:\/\/a-pant.ee\/ru\/wp-json\/wp\/v2\/product\/40986","targetHints":{"allow":["GET"]}}],"collection":[{"href":"https:\/\/a-pant.ee\/ru\/wp-json\/wp\/v2\/product"}],"about":[{"href":"https:\/\/a-pant.ee\/ru\/wp-json\/wp\/v2\/types\/product"}],"replies":[{"embeddable":true,"href":"https:\/\/a-pant.ee\/ru\/wp-json\/wp\/v2\/comments?post=40986"}],"wp:featuredmedia":[{"embeddable":true,"href":"https:\/\/a-pant.ee\/ru\/wp-json\/wp\/v2\/media\/38590"}],"wp:attachment":[{"href":"https:\/\/a-pant.ee\/ru\/wp-json\/wp\/v2\/media?parent=40986"}],"wp:term":[{"taxonomy":"product_brand","embeddable":true,"href":"https:\/\/a-pant.ee\/ru\/wp-json\/wp\/v2\/product_brand?post=40986"},{"taxonomy":"product_cat","embeddable":true,"href":"https:\/\/a-pant.ee\/ru\/wp-json\/wp\/v2\/product_cat?post=40986"},{"taxonomy":"product_tag","embeddable":true,"href":"https:\/\/a-pant.ee\/ru\/wp-json\/wp\/v2\/product_tag?post=40986"}],"curies":[{"name":"wp","href":"https:\/\/api.w.org\/{rel}","templated":true}]}}