{"id":40980,"date":"2026-04-23T22:16:08","date_gmt":"2026-04-23T19:16:08","guid":{"rendered":"https:\/\/a-pant.ee\/product\/bluetooth-naushniki-jbl-vibe-beam-2\/"},"modified":"2026-05-09T10:25:26","modified_gmt":"2026-05-09T07:25:26","slug":"bluetooth-naushniki-jbl-vibe-beam-2","status":"publish","type":"product","link":"https:\/\/a-pant.ee\/ru\/product\/bluetooth-naushniki-jbl-vibe-beam-2\/","title":{"rendered":"Bluetooth \u041d\u0430\u0443\u0448\u043d\u0438\u043a\u0438 JBL Vibe Beam 2"},"content":{"rendered":"\n<p> Bluetooth K\u00f5rvaklappid JBL Vibe Beam 2, Palun tutvuge fotodega enne ostu. Vajadusel <br \/> vastan lisak\u00fcsimustele. <\/p><p> KIRJELDUS <\/p><p> Draiver: 8 mm d\u00fcnaamiline <\/p><p> Sageduskarakteristik: 20 Hz \u2013 20 kHz <\/p><p> Tundlikkus: 100 dB SPL sagedusel 1 kHz \/ 1 mW <\/p><p> Takistus: 16 oomi <\/p><p> Mikrofone: 4 (2 k\u00f5rvaklapi kohta) <\/p><p> Bluetooth: versioon 5.3 <\/p><p> Bluetoothi \u200b\u200bprofiilid: A2DP v1.4, AVRCP v1.6.2, HFP v1.8 <\/p><p> Kaal (k\u00f5rvaklapp): ~4,3 g <\/p><p> Kaal (laadimis\u00fcmbris): ~41 g <\/p><p> Kogukaal (k\u00f5rvaklapid + \u00fcmbris): ~49,6 g <\/p><p> Vee- ja tolmukindlus: k\u00f5rvaklappide puhul IP54; \u00fcmbrisel on IPX2 reiting. <\/p><p> Aku t\u00f6\u00f6iga (ilma aktiivse m\u00fcrasummutuseta): ~10 tundi k\u00f5rvaklappides + ~30 tundi \u00fcmbrises (kokku ~40 tundi) <\/p><p> Aku t\u00f6\u00f6iga (aktiivse m\u00fcrasummutusega): ~8 tundi <\/p><p> Laadimisaeg (t\u00fchjast t\u00e4is): ~2 tundi <\/p><p> Kiirlaadimine: ~10 minutit annab ~3 tundi taasesitust <\/p><p> Mitmepunktiline tugi: saab samaaegselt luua \u00fchenduse kahe Bluetooth-seadmega <\/p>\n","protected":false},"excerpt":{"rendered":"<p>Bluetooth K\u00f5rvaklappid JBL Vibe Beam 2, Palun tutvuge fotodega enne ostu. Vajadusel vastan lisak\u00fcsimustele. KIRJELDUS Draiver: 8 mm d\u00fcnaamiline Sageduskarakteristik: 20 Hz \u2013 20 kHz Tundlikkus: 100 dB SPL sagedusel 1 kHz \/ 1 mW Takistus: 16 oomi Mikrofone: 4 (2 k\u00f5rvaklapi kohta) Bluetooth: versioon 5.3 Bluetoothi \u200b\u200bprofiilid: A2DP v1.4, AVRCP v1.6.2, HFP v1.8 Kaal [&hellip;]<\/p>\n","protected":false},"featured_media":38584,"comment_status":"closed","ping_status":"closed","template":"","meta":{"inline_featured_image":false},"product_brand":[],"product_cat":[168],"product_tag":[],"class_list":{"0":"post-40980","1":"product","2":"type-product","3":"status-publish","4":"has-post-thumbnail","6":"product_cat-naushniki","7":"pa_asukoht-mustamae","9":"first","10":"outofstock","11":"taxable","12":"shipping-taxable","13":"purchasable","14":"product-type-simple"},"_links":{"self":[{"href":"https:\/\/a-pant.ee\/ru\/wp-json\/wp\/v2\/product\/40980","targetHints":{"allow":["GET"]}}],"collection":[{"href":"https:\/\/a-pant.ee\/ru\/wp-json\/wp\/v2\/product"}],"about":[{"href":"https:\/\/a-pant.ee\/ru\/wp-json\/wp\/v2\/types\/product"}],"replies":[{"embeddable":true,"href":"https:\/\/a-pant.ee\/ru\/wp-json\/wp\/v2\/comments?post=40980"}],"wp:featuredmedia":[{"embeddable":true,"href":"https:\/\/a-pant.ee\/ru\/wp-json\/wp\/v2\/media\/38584"}],"wp:attachment":[{"href":"https:\/\/a-pant.ee\/ru\/wp-json\/wp\/v2\/media?parent=40980"}],"wp:term":[{"taxonomy":"product_brand","embeddable":true,"href":"https:\/\/a-pant.ee\/ru\/wp-json\/wp\/v2\/product_brand?post=40980"},{"taxonomy":"product_cat","embeddable":true,"href":"https:\/\/a-pant.ee\/ru\/wp-json\/wp\/v2\/product_cat?post=40980"},{"taxonomy":"product_tag","embeddable":true,"href":"https:\/\/a-pant.ee\/ru\/wp-json\/wp\/v2\/product_tag?post=40980"}],"curies":[{"name":"wp","href":"https:\/\/api.w.org\/{rel}","templated":true}]}}