{"id":40951,"date":"2026-04-23T22:15:10","date_gmt":"2026-04-23T19:15:10","guid":{"rendered":"https:\/\/a-pant.ee\/product\/mobilnyj-telefon-samsung-galaxy-j7\/"},"modified":"2026-05-09T12:39:01","modified_gmt":"2026-05-09T09:39:01","slug":"mobilnyj-telefon-samsung-galaxy-j7","status":"publish","type":"product","link":"https:\/\/a-pant.ee\/ru\/product\/mobilnyj-telefon-samsung-galaxy-j7\/","title":{"rendered":"\u041c\u043e\u0431\u0438\u043b\u044c\u043d\u044b\u0439 \u0442\u0435\u043b\u0435\u0444\u043e\u043d Samsung Galaxy J7"},"content":{"rendered":"\n<p> Mobiiltelefon Samsung Galaxy J7, Palun tutvuge fotodega enne ostu. Vajadusel <br \/> vastan lisak\u00fcsimustele. <\/p><p> Ekraanil on sissep\u00f5lemine <\/p><p> KIRJELDUS <\/p><p> Ekraani omadused <\/p><ul><li> Ekraani diagonaal:5.5 &#187; (tolli) <\/li><li> Ekraani t\u00fc\u00fcp:Super AMOLED <\/li><li> Resolutsioon:1920 x 1080 pikslit <\/li><li> Piksli tihedus:401 ppi <\/li><li> Lisaomadused:Corning Gorilla Glass 2.5D ekraaniklaas <\/li><\/ul><p> Riistvara omadused <\/p><ul><li> Protsessor:Samsung Exynos 7870 Octa-Core 8x 1.6 GHz <\/li><li> P\u00f5him\u00e4lu:3 GB <\/li><li> Telefoni m\u00e4lu:16 GB <\/li><\/ul><p> Kaamera <\/p><ul><li> Eesmine kaamera:13 Mpix <\/li><li> Videosalvestus:1920 x 1080 pikslit <\/li><\/ul><p> Omadused <\/p><ul><li> SIM kaardi t\u00fc\u00fcp:Nano SIM <\/li><li> Kahe SIM-kaardi tugi:Jah <\/li><li> Kahe SIM kaardi olek:Dual Stand-By <\/li><li> Aku mahtuvus:3600 mAh <\/li><li> Laadija t\u00fc\u00fcp:Micro USB <\/li><li> Juhtmevaba laadimine:Ei <\/li><li> MicroSD:kuni 256 GB <\/li><li> Audio v\u00e4ljund (3,5 mm):Jah <\/li><\/ul>\n","protected":false},"excerpt":{"rendered":"<p>Mobiiltelefon Samsung Galaxy J7, Palun tutvuge fotodega enne ostu. Vajadusel vastan lisak\u00fcsimustele. Ekraanil on sissep\u00f5lemine KIRJELDUS Ekraani omadused Ekraani diagonaal:5.5 &#187; (tolli) Ekraani t\u00fc\u00fcp:Super AMOLED Resolutsioon:1920 x 1080 pikslit Piksli tihedus:401 ppi Lisaomadused:Corning Gorilla Glass 2.5D ekraaniklaas Riistvara omadused Protsessor:Samsung Exynos 7870 Octa-Core 8x 1.6 GHz P\u00f5him\u00e4lu:3 GB Telefoni m\u00e4lu:16 GB Kaamera Eesmine kaamera:13 Mpix [&hellip;]<\/p>\n","protected":false},"featured_media":38555,"comment_status":"closed","ping_status":"closed","template":"","meta":{"inline_featured_image":false},"product_brand":[],"product_cat":[171],"product_tag":[],"class_list":{"0":"post-40951","1":"product","2":"type-product","3":"status-publish","4":"has-post-thumbnail","6":"product_cat-mobilnye-telefony","7":"pa_asukoht-mustamae","9":"first","10":"outofstock","11":"taxable","12":"shipping-taxable","13":"purchasable","14":"product-type-simple"},"_links":{"self":[{"href":"https:\/\/a-pant.ee\/ru\/wp-json\/wp\/v2\/product\/40951","targetHints":{"allow":["GET"]}}],"collection":[{"href":"https:\/\/a-pant.ee\/ru\/wp-json\/wp\/v2\/product"}],"about":[{"href":"https:\/\/a-pant.ee\/ru\/wp-json\/wp\/v2\/types\/product"}],"replies":[{"embeddable":true,"href":"https:\/\/a-pant.ee\/ru\/wp-json\/wp\/v2\/comments?post=40951"}],"wp:featuredmedia":[{"embeddable":true,"href":"https:\/\/a-pant.ee\/ru\/wp-json\/wp\/v2\/media\/38555"}],"wp:attachment":[{"href":"https:\/\/a-pant.ee\/ru\/wp-json\/wp\/v2\/media?parent=40951"}],"wp:term":[{"taxonomy":"product_brand","embeddable":true,"href":"https:\/\/a-pant.ee\/ru\/wp-json\/wp\/v2\/product_brand?post=40951"},{"taxonomy":"product_cat","embeddable":true,"href":"https:\/\/a-pant.ee\/ru\/wp-json\/wp\/v2\/product_cat?post=40951"},{"taxonomy":"product_tag","embeddable":true,"href":"https:\/\/a-pant.ee\/ru\/wp-json\/wp\/v2\/product_tag?post=40951"}],"curies":[{"name":"wp","href":"https:\/\/api.w.org\/{rel}","templated":true}]}}