{"id":40922,"date":"2026-04-23T22:14:05","date_gmt":"2026-04-23T19:14:05","guid":{"rendered":"https:\/\/a-pant.ee\/product\/kolonka-jbl-charge-2\/"},"modified":"2026-04-30T11:39:35","modified_gmt":"2026-04-30T08:39:35","slug":"kolonka-jbl-charge-2","status":"publish","type":"product","link":"https:\/\/a-pant.ee\/ru\/product\/kolonka-jbl-charge-2\/","title":{"rendered":"\u041a\u043e\u043b\u043e\u043d\u043a\u0430 JBL Charge 2+"},"content":{"rendered":"\n<p> K\u00f5lar JBL Charge 2+\u00a0, Palun tutvuge fotodega enne ostu. Vajadusel <br \/> vastan lisak\u00fcsimustele. <\/p><ul><li> T\u00fc\u00fcp: kaasaskantav Bluetooth k\u00f5lar <\/li><li> Br\u00e4nd: JBL <\/li><li> Mudel: Charge 2+ <\/li><li> \u00dchendus: Bluetooth <\/li><li> Mitme seadme \u00fchendamise tugi <\/li><li> V\u00f5imsus: 15 W <\/li><li> Sagedusvahemik: 75 \u2013 20 000 Hz <\/li><li> Aku: 6000 mAh <\/li><li> T\u00f6\u00f6aeg: kuni 12 tundi <\/li><li> Power Bank funktsioon (seadmete laadimine) <\/li><li> Veekindlus: IPX7 <\/li><li> Sisseehitatud mikrofon (hands-free) <\/li><li> Pesad: USB, AUX (3.5 mm) <\/li><li> M\u00f5\u00f5dud: 185 \u00d7 79 \u00d7 79 mm <\/li><li> Kaal: umbes 600 g <\/li><\/ul>\n","protected":false},"excerpt":{"rendered":"<p>K\u00f5lar JBL Charge 2+\u00a0, Palun tutvuge fotodega enne ostu. Vajadusel vastan lisak\u00fcsimustele. T\u00fc\u00fcp: kaasaskantav Bluetooth k\u00f5lar Br\u00e4nd: JBL Mudel: Charge 2+ \u00dchendus: Bluetooth Mitme seadme \u00fchendamise tugi V\u00f5imsus: 15 W Sagedusvahemik: 75 \u2013 20 000 Hz Aku: 6000 mAh T\u00f6\u00f6aeg: kuni 12 tundi Power Bank funktsioon (seadmete laadimine) Veekindlus: IPX7 Sisseehitatud mikrofon (hands-free) Pesad: USB, [&hellip;]<\/p>\n","protected":false},"featured_media":38526,"comment_status":"closed","ping_status":"closed","template":"","meta":{"inline_featured_image":false},"product_brand":[],"product_cat":[167],"product_tag":[],"class_list":{"0":"post-40922","1":"product","2":"type-product","3":"status-publish","4":"has-post-thumbnail","6":"product_cat-kolonki","7":"pa_asukoht-mustamae","9":"first","10":"outofstock","11":"taxable","12":"shipping-taxable","13":"purchasable","14":"product-type-simple"},"_links":{"self":[{"href":"https:\/\/a-pant.ee\/ru\/wp-json\/wp\/v2\/product\/40922","targetHints":{"allow":["GET"]}}],"collection":[{"href":"https:\/\/a-pant.ee\/ru\/wp-json\/wp\/v2\/product"}],"about":[{"href":"https:\/\/a-pant.ee\/ru\/wp-json\/wp\/v2\/types\/product"}],"replies":[{"embeddable":true,"href":"https:\/\/a-pant.ee\/ru\/wp-json\/wp\/v2\/comments?post=40922"}],"wp:featuredmedia":[{"embeddable":true,"href":"https:\/\/a-pant.ee\/ru\/wp-json\/wp\/v2\/media\/38526"}],"wp:attachment":[{"href":"https:\/\/a-pant.ee\/ru\/wp-json\/wp\/v2\/media?parent=40922"}],"wp:term":[{"taxonomy":"product_brand","embeddable":true,"href":"https:\/\/a-pant.ee\/ru\/wp-json\/wp\/v2\/product_brand?post=40922"},{"taxonomy":"product_cat","embeddable":true,"href":"https:\/\/a-pant.ee\/ru\/wp-json\/wp\/v2\/product_cat?post=40922"},{"taxonomy":"product_tag","embeddable":true,"href":"https:\/\/a-pant.ee\/ru\/wp-json\/wp\/v2\/product_tag?post=40922"}],"curies":[{"name":"wp","href":"https:\/\/api.w.org\/{rel}","templated":true}]}}