{"id":40916,"date":"2026-04-23T22:13:42","date_gmt":"2026-04-23T19:13:42","guid":{"rendered":"https:\/\/a-pant.ee\/product\/dj-pult-yamaha-mg10xu-provoda\/"},"modified":"2026-05-13T14:16:11","modified_gmt":"2026-05-13T11:16:11","slug":"dj-pult-yamaha-mg10xu-provoda","status":"publish","type":"product","link":"https:\/\/a-pant.ee\/ru\/product\/dj-pult-yamaha-mg10xu-provoda\/","title":{"rendered":"\u041c\u0438\u043a\u0448\u0435\u0440 Yamaha MG10XU + \u041f\u0440\u043e\u0432\u043e\u0434\u0430"},"content":{"rendered":"<p>, Palun tutvuge fotodega enne ostu. Vajadusel<br \/>\nvastan lisak\u00fcsimustele.<\/p>\n<p>KIRJELDUS<\/p>\n<ul>\n<li>T\u00fc\u00fcp: analoog mikserpult<\/li>\n<li>Br\u00e4nd: Yamaha<\/li>\n<li>Mudel: MG10XU<\/li>\n<li>Kanalite arv: 10<\/li>\n<li>Sisendid:\n<ul>\n<li>4 mikrofoni\/liini sisendit (XLR\/Jack)<\/li>\n<li>6 liinisisendit (sh stereo)<\/li>\n<\/ul>\n<\/li>\n<li>Eelv\u00f5imendid: D-PRE (k\u00f5rge helikvaliteet)<\/li>\n<li>Phantom toide: +48 V<\/li>\n<li>Sisseehitatud efektid: SPX (24 efekti)<\/li>\n<li>Kompressor: kanalitel 1\u20132<\/li>\n<li>Ekvalaiser:\n<ul>\n<li>3-ribaline (mono kanalid)<\/li>\n<li>2-ribaline (stereo kanalid)<\/li>\n<\/ul>\n<\/li>\n<li>USB helikaart: 2 sisse \/ 2 v\u00e4lja<\/li>\n<li>Salvestus: kuni 24-bit \/ 192 kHz<\/li>\n<li>V\u00e4ljundid: XLR, TRS, k\u00f5rvaklapid<\/li>\n<li>AUX: 1 (FX-ga)<\/li>\n<li>K\u00f5rgsagedusfilter (HPF)<\/li>\n<li>PAD l\u00fcliti<\/li>\n<li>Toide: vooluv\u00f5rk<\/li>\n<li>Energiatarve: ~23 W<\/li>\n<li>M\u00f5\u00f5dud: 244 \u00d7 71 \u00d7 294 mm<\/li>\n<li>Kaal: umbes 2.1 kg<\/li>\n<\/ul>\n","protected":false},"excerpt":{"rendered":"<p>, Palun tutvuge fotodega enne ostu. Vajadusel vastan lisak\u00fcsimustele. KIRJELDUS T\u00fc\u00fcp: analoog mikserpult Br\u00e4nd: Yamaha Mudel: MG10XU Kanalite arv: 10 Sisendid: 4 mikrofoni\/liini sisendit (XLR\/Jack) 6 liinisisendit (sh stereo) Eelv\u00f5imendid: D-PRE (k\u00f5rge helikvaliteet) Phantom toide: +48 V Sisseehitatud efektid: SPX (24 efekti) Kompressor: kanalitel 1\u20132 Ekvalaiser: 3-ribaline (mono kanalid) 2-ribaline (stereo kanalid) USB helikaart: 2 [&hellip;]<\/p>\n","protected":false},"featured_media":38520,"comment_status":"closed","ping_status":"open","template":"","meta":{"inline_featured_image":false},"product_brand":[],"product_cat":[160],"product_tag":[],"class_list":{"0":"post-40916","1":"product","2":"type-product","3":"status-publish","4":"has-post-thumbnail","6":"product_cat-dj-tehnika","7":"pa_asukoht-mustamae","9":"first","10":"instock","11":"taxable","12":"shipping-taxable","13":"purchasable","14":"product-type-simple"},"_links":{"self":[{"href":"https:\/\/a-pant.ee\/ru\/wp-json\/wp\/v2\/product\/40916","targetHints":{"allow":["GET"]}}],"collection":[{"href":"https:\/\/a-pant.ee\/ru\/wp-json\/wp\/v2\/product"}],"about":[{"href":"https:\/\/a-pant.ee\/ru\/wp-json\/wp\/v2\/types\/product"}],"replies":[{"embeddable":true,"href":"https:\/\/a-pant.ee\/ru\/wp-json\/wp\/v2\/comments?post=40916"}],"wp:featuredmedia":[{"embeddable":true,"href":"https:\/\/a-pant.ee\/ru\/wp-json\/wp\/v2\/media\/38520"}],"wp:attachment":[{"href":"https:\/\/a-pant.ee\/ru\/wp-json\/wp\/v2\/media?parent=40916"}],"wp:term":[{"taxonomy":"product_brand","embeddable":true,"href":"https:\/\/a-pant.ee\/ru\/wp-json\/wp\/v2\/product_brand?post=40916"},{"taxonomy":"product_cat","embeddable":true,"href":"https:\/\/a-pant.ee\/ru\/wp-json\/wp\/v2\/product_cat?post=40916"},{"taxonomy":"product_tag","embeddable":true,"href":"https:\/\/a-pant.ee\/ru\/wp-json\/wp\/v2\/product_tag?post=40916"}],"curies":[{"name":"wp","href":"https:\/\/api.w.org\/{rel}","templated":true}]}}