{"id":40830,"date":"2026-04-23T22:10:58","date_gmt":"2026-04-23T19:10:58","guid":{"rendered":"https:\/\/a-pant.ee\/product\/bluetooth-kolonka-3nk-fuego\/"},"modified":"2026-05-10T14:29:42","modified_gmt":"2026-05-10T11:29:42","slug":"bluetooth-kolonka-3nk-fuego","status":"publish","type":"product","link":"https:\/\/a-pant.ee\/ru\/product\/bluetooth-kolonka-3nk-fuego\/","title":{"rendered":"Bluetooth \u041a\u043e\u043b\u043e\u043d\u043a\u0430 3NK Fuego"},"content":{"rendered":"\n<p> Bluetooth K\u00f5lar 3NK Fuego, Palun tutvuge fotodega enne ostu. Vajadusel <br \/> vastan lisak\u00fcsimustele. <\/p><p> KIRJELDUS <\/p><p> P\u00f5hiomadused <\/p><p> Kanalite arv: <\/p><p> 1.0 <\/p><p> Koguv\u00f5imsus (RMS): <\/p><p> 30 <\/p><p> Sagedusala (Hz): <\/p><p> 70 Hz \u2013 20 kHz <\/p><p> Toitet\u00fc\u00fcp: <\/p><p> Aku <\/p><p> Autonoomne t\u00f6\u00f6aeg (h): <\/p><p> 12 <\/p><p> \u00dchendus ja juhtimine <\/p><p> \u00dchenduse t\u00fc\u00fcp: <\/p><p> Bluetooth 5.1 <\/p><p> 3,5 mm k\u00f5rvaklappide pesa: <\/p><p> Ei <\/p>\n","protected":false},"excerpt":{"rendered":"<p>Bluetooth K\u00f5lar 3NK Fuego, Palun tutvuge fotodega enne ostu. Vajadusel vastan lisak\u00fcsimustele. KIRJELDUS P\u00f5hiomadused Kanalite arv: 1.0 Koguv\u00f5imsus (RMS): 30 Sagedusala (Hz): 70 Hz \u2013 20 kHz Toitet\u00fc\u00fcp: Aku Autonoomne t\u00f6\u00f6aeg (h): 12 \u00dchendus ja juhtimine \u00dchenduse t\u00fc\u00fcp: Bluetooth 5.1 3,5 mm k\u00f5rvaklappide pesa: Ei<\/p>\n","protected":false},"featured_media":38434,"comment_status":"closed","ping_status":"closed","template":"","meta":{"inline_featured_image":false},"product_brand":[],"product_cat":[167],"product_tag":[],"class_list":{"0":"post-40830","1":"product","2":"type-product","3":"status-publish","4":"has-post-thumbnail","6":"product_cat-kolonki","7":"pa_asukoht-mustamae","9":"first","10":"outofstock","11":"taxable","12":"shipping-taxable","13":"purchasable","14":"product-type-simple"},"_links":{"self":[{"href":"https:\/\/a-pant.ee\/ru\/wp-json\/wp\/v2\/product\/40830","targetHints":{"allow":["GET"]}}],"collection":[{"href":"https:\/\/a-pant.ee\/ru\/wp-json\/wp\/v2\/product"}],"about":[{"href":"https:\/\/a-pant.ee\/ru\/wp-json\/wp\/v2\/types\/product"}],"replies":[{"embeddable":true,"href":"https:\/\/a-pant.ee\/ru\/wp-json\/wp\/v2\/comments?post=40830"}],"wp:featuredmedia":[{"embeddable":true,"href":"https:\/\/a-pant.ee\/ru\/wp-json\/wp\/v2\/media\/38434"}],"wp:attachment":[{"href":"https:\/\/a-pant.ee\/ru\/wp-json\/wp\/v2\/media?parent=40830"}],"wp:term":[{"taxonomy":"product_brand","embeddable":true,"href":"https:\/\/a-pant.ee\/ru\/wp-json\/wp\/v2\/product_brand?post=40830"},{"taxonomy":"product_cat","embeddable":true,"href":"https:\/\/a-pant.ee\/ru\/wp-json\/wp\/v2\/product_cat?post=40830"},{"taxonomy":"product_tag","embeddable":true,"href":"https:\/\/a-pant.ee\/ru\/wp-json\/wp\/v2\/product_tag?post=40830"}],"curies":[{"name":"wp","href":"https:\/\/api.w.org\/{rel}","templated":true}]}}