{"id":40825,"date":"2026-04-23T22:10:58","date_gmt":"2026-04-23T19:10:58","guid":{"rendered":"https:\/\/a-pant.ee\/product\/dvd-proigryvatel-philips-dvp3142-provoda-pult-korobka\/"},"modified":"2026-05-06T14:11:21","modified_gmt":"2026-05-06T11:11:21","slug":"dvd-proigryvatel-philips-dvp3142-provoda-pult-korobka","status":"publish","type":"product","link":"https:\/\/a-pant.ee\/ru\/product\/dvd-proigryvatel-philips-dvp3142-provoda-pult-korobka\/","title":{"rendered":"DVD \u043f\u0440\u043e\u0438\u0433\u0440\u044b\u0432\u0430\u0442\u0435\u043b\u044c Philips DVP3142 + \u043f\u0440\u043e\u0432\u043e\u0434\u0430 + \u043f\u0443\u043b\u044c\u0442 +\u043a\u043e\u0440\u043e\u0431\u043a\u0430"},"content":{"rendered":"\n<p> DVD Player Philips DVP3142 + juhed + pult + karp, Palun tutvuge fotodega enne ostu. Vajadusel <br \/> vastan lisak\u00fcsimustele. <\/p><p> KIRJELDUS <\/p><p> T\u00fc\u00fcp: DVD-m\u00e4ngija <br \/> Toetatud andmekandjad: CD, CD-R\/RW, DVD, DVD\u00b1R\/RW, VCD, SVCD <br \/> Toetatud formaadid: DivX, MP3, WMA, JPEG <br \/> Video DAC: 12-bit \/ 108 MHz <br \/> Progressive Scan tugi <br \/> Videos\u00fcsteem: PAL \/ NTSC <br \/> Audio DAC: 24-bit \/ 192 kHz <br \/> Helis\u00fcsteem: Dolby Digital <br \/> Sagedusvahemik: 30 \u2013 20 000 Hz <br \/> \u00dchendused: <br \/> komposiitvideo v\u00e4ljund <br \/> komponentvideo v\u00e4ljund <br \/> analoogheli v\u00e4ljund (L\/R) <br \/> digitaalne koaksiaalv\u00e4ljund <br \/> Funktsioonid: <br \/> lapselukk <br \/> ekraanimen\u00fc\u00fc <br \/> Toide: 230 V \/ 50 Hz <br \/> Energiatarve: kuni 10 W <br \/> M\u00f5\u00f5dud: 360 \u00d7 37 \u00d7 209 mm <\/p>\n","protected":false},"excerpt":{"rendered":"<p>DVD Player Philips DVP3142 + juhed + pult + karp, Palun tutvuge fotodega enne ostu. Vajadusel vastan lisak\u00fcsimustele. KIRJELDUS T\u00fc\u00fcp: DVD-m\u00e4ngija Toetatud andmekandjad: CD, CD-R\/RW, DVD, DVD\u00b1R\/RW, VCD, SVCD Toetatud formaadid: DivX, MP3, WMA, JPEG Video DAC: 12-bit \/ 108 MHz Progressive Scan tugi Videos\u00fcsteem: PAL \/ NTSC Audio DAC: 24-bit \/ 192 kHz Helis\u00fcsteem: [&hellip;]<\/p>\n","protected":false},"featured_media":38429,"comment_status":"closed","ping_status":"closed","template":"","meta":{"inline_featured_image":false},"product_brand":[],"product_cat":[159],"product_tag":[],"class_list":{"0":"post-40825","1":"product","2":"type-product","3":"status-publish","4":"has-post-thumbnail","6":"product_cat-dvd-pleery","7":"pa_asukoht-mustamae","9":"first","10":"outofstock","11":"taxable","12":"shipping-taxable","13":"purchasable","14":"product-type-simple"},"_links":{"self":[{"href":"https:\/\/a-pant.ee\/ru\/wp-json\/wp\/v2\/product\/40825","targetHints":{"allow":["GET"]}}],"collection":[{"href":"https:\/\/a-pant.ee\/ru\/wp-json\/wp\/v2\/product"}],"about":[{"href":"https:\/\/a-pant.ee\/ru\/wp-json\/wp\/v2\/types\/product"}],"replies":[{"embeddable":true,"href":"https:\/\/a-pant.ee\/ru\/wp-json\/wp\/v2\/comments?post=40825"}],"wp:featuredmedia":[{"embeddable":true,"href":"https:\/\/a-pant.ee\/ru\/wp-json\/wp\/v2\/media\/38429"}],"wp:attachment":[{"href":"https:\/\/a-pant.ee\/ru\/wp-json\/wp\/v2\/media?parent=40825"}],"wp:term":[{"taxonomy":"product_brand","embeddable":true,"href":"https:\/\/a-pant.ee\/ru\/wp-json\/wp\/v2\/product_brand?post=40825"},{"taxonomy":"product_cat","embeddable":true,"href":"https:\/\/a-pant.ee\/ru\/wp-json\/wp\/v2\/product_cat?post=40825"},{"taxonomy":"product_tag","embeddable":true,"href":"https:\/\/a-pant.ee\/ru\/wp-json\/wp\/v2\/product_tag?post=40825"}],"curies":[{"name":"wp","href":"https:\/\/api.w.org\/{rel}","templated":true}]}}