{"id":40819,"date":"2026-04-23T22:10:30","date_gmt":"2026-04-23T19:10:30","guid":{"rendered":"https:\/\/a-pant.ee\/product\/gajkovyort-makita-dtw285-bez-akku\/"},"modified":"2026-04-30T13:49:37","modified_gmt":"2026-04-30T10:49:37","slug":"gajkovyort-makita-dtw285-bez-akku","status":"publish","type":"product","link":"https:\/\/a-pant.ee\/ru\/product\/gajkovyort-makita-dtw285-bez-akku\/","title":{"rendered":"\u0413\u0430\u0439\u043a\u043e\u0432\u0451\u0440\u0442 Makita DTW285 \u0431\u0435\u0437 \u0430\u043a\u043a\u0443"},"content":{"rendered":"\n<p> L\u00f6\u00f6kmutrikeeraja Makita DTW285 ilma akuta, Palun tutvuge fotodega enne ostu. Vajadusel <br \/> vastan lisak\u00fcsimustele. <\/p><p> KIRJELDUS <\/p><p> Max pingutusmoment: 70 \/ 140 \/ 280 Nm <br \/> P\u00f6\u00f6retearv: 0-1600 \/ 2100 \/ 2800 min\u207b\u00b9 <br \/> L\u00f6\u00f6gisagedus: 0-1800 \/ 2600 \/ 3500 min\u207b\u00b9 <br \/> T\u00f6\u00f6riistakinnitus: 1\/2&#8243; <br \/> Standardse poldi pingutusv\u00f5ime: M10-M20 <br \/> K\u00f5rgpingutuspoldi pingutusv\u00f5ime: M10-M16 <br \/> Toote kaal koos akuga: 1,5-1,8 kg <br \/> Toote m\u00f5\u00f5dud: pikkus 147 mm, laius 79 mm, k\u00f5rgus 249 mm <br \/> Aku kaitses\u00fcsteem <\/p>\n","protected":false},"excerpt":{"rendered":"<p>L\u00f6\u00f6kmutrikeeraja Makita DTW285 ilma akuta, Palun tutvuge fotodega enne ostu. Vajadusel vastan lisak\u00fcsimustele. KIRJELDUS Max pingutusmoment: 70 \/ 140 \/ 280 Nm P\u00f6\u00f6retearv: 0-1600 \/ 2100 \/ 2800 min\u207b\u00b9 L\u00f6\u00f6gisagedus: 0-1800 \/ 2600 \/ 3500 min\u207b\u00b9 T\u00f6\u00f6riistakinnitus: 1\/2&#8243; Standardse poldi pingutusv\u00f5ime: M10-M20 K\u00f5rgpingutuspoldi pingutusv\u00f5ime: M10-M16 Toote kaal koos akuga: 1,5-1,8 kg Toote m\u00f5\u00f5dud: pikkus 147 [&hellip;]<\/p>\n","protected":false},"featured_media":38423,"comment_status":"closed","ping_status":"closed","template":"","meta":{"inline_featured_image":false},"product_brand":[],"product_cat":[221],"product_tag":[],"class_list":{"0":"post-40819","1":"product","2":"type-product","3":"status-publish","4":"has-post-thumbnail","6":"product_cat-akkumulyatornye-dreli","7":"pa_asukoht-mustamae","9":"first","10":"outofstock","11":"taxable","12":"shipping-taxable","13":"purchasable","14":"product-type-simple"},"_links":{"self":[{"href":"https:\/\/a-pant.ee\/ru\/wp-json\/wp\/v2\/product\/40819","targetHints":{"allow":["GET"]}}],"collection":[{"href":"https:\/\/a-pant.ee\/ru\/wp-json\/wp\/v2\/product"}],"about":[{"href":"https:\/\/a-pant.ee\/ru\/wp-json\/wp\/v2\/types\/product"}],"replies":[{"embeddable":true,"href":"https:\/\/a-pant.ee\/ru\/wp-json\/wp\/v2\/comments?post=40819"}],"wp:featuredmedia":[{"embeddable":true,"href":"https:\/\/a-pant.ee\/ru\/wp-json\/wp\/v2\/media\/38423"}],"wp:attachment":[{"href":"https:\/\/a-pant.ee\/ru\/wp-json\/wp\/v2\/media?parent=40819"}],"wp:term":[{"taxonomy":"product_brand","embeddable":true,"href":"https:\/\/a-pant.ee\/ru\/wp-json\/wp\/v2\/product_brand?post=40819"},{"taxonomy":"product_cat","embeddable":true,"href":"https:\/\/a-pant.ee\/ru\/wp-json\/wp\/v2\/product_cat?post=40819"},{"taxonomy":"product_tag","embeddable":true,"href":"https:\/\/a-pant.ee\/ru\/wp-json\/wp\/v2\/product_tag?post=40819"}],"curies":[{"name":"wp","href":"https:\/\/api.w.org\/{rel}","templated":true}]}}