{"id":40813,"date":"2026-04-23T22:10:30","date_gmt":"2026-04-23T19:10:30","guid":{"rendered":"https:\/\/a-pant.ee\/product\/perforator-makita-dhr171-bez-akku\/"},"modified":"2026-04-30T11:34:36","modified_gmt":"2026-04-30T08:34:36","slug":"perforator-makita-dhr171-bez-akku","status":"publish","type":"product","link":"https:\/\/a-pant.ee\/ru\/product\/perforator-makita-dhr171-bez-akku\/","title":{"rendered":"\u041f\u0435\u0440\u0444\u043e\u0440\u0430\u0442\u043e\u0440 Makita DHR171 \u0431\u0435\u0437 \u0430\u043a\u043a\u0443"},"content":{"rendered":"\n<p> Puurvasar Makita DHR171 ilma akuta, Palun tutvuge fotodega enne ostu. Vajadusel <br \/> vastan lisak\u00fcsimustele. <\/p><p> KIRJELDUS <\/p><p> T\u00fc\u00fcp: akutoitega puurvasar <br \/> Br\u00e4nd: Makita <br \/> Mudel: DHR171Z <br \/> Pinge: 18 V <br \/> Aku t\u00fc\u00fcp: Li-ion <br \/> Padrun: SDS-Plus <br \/> L\u00f6\u00f6gienergia: 1.2 J <br \/> P\u00f6\u00f6rlemiskiirus: 0\u2013680 p\/min <br \/> L\u00f6\u00f6gisagedus: kuni 4800 l\/min <br \/> T\u00f6\u00f6re\u017eiimid: <br \/> puurimine <br \/> l\u00f6\u00f6kpuurimine <br \/> Maksimaalne puurimisdiameeter: <br \/> betoon: kuni 17 mm <br \/> puit: kuni 13 mm <br \/> metall: kuni 10 mm <br \/> Harjavaba mootor <br \/> Kiiruse reguleerimine <br \/> Tagurpidi k\u00e4ik <br \/> \u00dclekoormuskaitse <br \/> Aku elektrooniline kaitse <br \/> Sisseehitatud LED-valgustus <br \/> Sujuv k\u00e4ivitus <br \/> M\u00f5\u00f5dud: 273 \u00d7 86 \u00d7 211 mm <\/p>\n","protected":false},"excerpt":{"rendered":"<p>Puurvasar Makita DHR171 ilma akuta, Palun tutvuge fotodega enne ostu. Vajadusel vastan lisak\u00fcsimustele. KIRJELDUS T\u00fc\u00fcp: akutoitega puurvasar Br\u00e4nd: Makita Mudel: DHR171Z Pinge: 18 V Aku t\u00fc\u00fcp: Li-ion Padrun: SDS-Plus L\u00f6\u00f6gienergia: 1.2 J P\u00f6\u00f6rlemiskiirus: 0\u2013680 p\/min L\u00f6\u00f6gisagedus: kuni 4800 l\/min T\u00f6\u00f6re\u017eiimid: puurimine l\u00f6\u00f6kpuurimine Maksimaalne puurimisdiameeter: betoon: kuni 17 mm puit: kuni 13 mm metall: kuni 10 [&hellip;]<\/p>\n","protected":false},"featured_media":38417,"comment_status":"closed","ping_status":"closed","template":"","meta":{"inline_featured_image":false},"product_brand":[],"product_cat":[239],"product_tag":[],"class_list":{"0":"post-40813","1":"product","2":"type-product","3":"status-publish","4":"has-post-thumbnail","6":"product_cat-perforatory-i-dreli","7":"pa_asukoht-mustamae","9":"first","10":"outofstock","11":"taxable","12":"shipping-taxable","13":"purchasable","14":"product-type-simple"},"_links":{"self":[{"href":"https:\/\/a-pant.ee\/ru\/wp-json\/wp\/v2\/product\/40813","targetHints":{"allow":["GET"]}}],"collection":[{"href":"https:\/\/a-pant.ee\/ru\/wp-json\/wp\/v2\/product"}],"about":[{"href":"https:\/\/a-pant.ee\/ru\/wp-json\/wp\/v2\/types\/product"}],"replies":[{"embeddable":true,"href":"https:\/\/a-pant.ee\/ru\/wp-json\/wp\/v2\/comments?post=40813"}],"wp:featuredmedia":[{"embeddable":true,"href":"https:\/\/a-pant.ee\/ru\/wp-json\/wp\/v2\/media\/38417"}],"wp:attachment":[{"href":"https:\/\/a-pant.ee\/ru\/wp-json\/wp\/v2\/media?parent=40813"}],"wp:term":[{"taxonomy":"product_brand","embeddable":true,"href":"https:\/\/a-pant.ee\/ru\/wp-json\/wp\/v2\/product_brand?post=40813"},{"taxonomy":"product_cat","embeddable":true,"href":"https:\/\/a-pant.ee\/ru\/wp-json\/wp\/v2\/product_cat?post=40813"},{"taxonomy":"product_tag","embeddable":true,"href":"https:\/\/a-pant.ee\/ru\/wp-json\/wp\/v2\/product_tag?post=40813"}],"curies":[{"name":"wp","href":"https:\/\/api.w.org\/{rel}","templated":true}]}}