{"id":40807,"date":"2026-04-23T22:10:00","date_gmt":"2026-04-23T19:10:00","guid":{"rendered":"https:\/\/a-pant.ee\/product\/mobilnyj-telefon-samsung-galaxy-a12-64gb\/"},"modified":"2026-04-29T13:59:45","modified_gmt":"2026-04-29T10:59:45","slug":"mobilnyj-telefon-samsung-galaxy-a12-64gb","status":"publish","type":"product","link":"https:\/\/a-pant.ee\/ru\/product\/mobilnyj-telefon-samsung-galaxy-a12-64gb\/","title":{"rendered":"\u041c\u043e\u0431\u0438\u043b\u044c\u043d\u044b\u0439 \u0442\u0435\u043b\u0435\u0444\u043e\u043d Samsung Galaxy A12 64GB"},"content":{"rendered":"\n<p> Mobiiltelefon Samsung Galaxy A12 64GB, Palun tutvuge fotodega enne ostu. Vajadusel <br \/> vastan lisak\u00fcsimustele. <\/p><p> Ekraanil on kriimustused <\/p><p> KIRJELDUS <\/p><p> Ekraani omadused <\/p><ul><li> Ekraani diagonaal:6.5 &#187; (tolli) <\/li><li> Ekraani t\u00fc\u00fcp:PLS TFT LCD <\/li><li> Resolutsioon:1600 x 720 pikslit <\/li><li> Piksli tihedus:269 ppi <\/li><li> Lisaomadused:Corning Gorilla Glass 3 ekraaniklaas <\/li><\/ul><p> Riistvara omadused <\/p><ul><li> Protsessor:MediaTek Helio P35 2.3 GHz Octa-Core <\/li><li> P\u00f5him\u00e4lu:4 GB <\/li><li> Telefoni m\u00e4lu:64 GB <\/li><\/ul><p> Kaamera <\/p><ul><li> Eesmine kaamera:8 Mpix <\/li><li> Videosalvestus:1920 x 1080 pikslit <\/li><\/ul><p> Omadused <\/p><ul><li> SIM kaardi t\u00fc\u00fcp:Nano SIM <\/li><li> Kahe SIM-kaardi tugi:Jah <\/li><li> Kahe SIM kaardi olek:Active Stand-By <\/li><li> Aku mahtuvus:5000 mAh <\/li><li> Laadija t\u00fc\u00fcp:USB t\u00fc\u00fcp C kaabel <\/li><li> Juhtmevaba laadimine:Ei <\/li><li> MicroSD:kuni 1 TB <\/li><li> Audio v\u00e4ljund (3,5 mm):Jah <\/li><\/ul>\n","protected":false},"excerpt":{"rendered":"<p>Mobiiltelefon Samsung Galaxy A12 64GB, Palun tutvuge fotodega enne ostu. Vajadusel vastan lisak\u00fcsimustele. Ekraanil on kriimustused KIRJELDUS Ekraani omadused Ekraani diagonaal:6.5 &#187; (tolli) Ekraani t\u00fc\u00fcp:PLS TFT LCD Resolutsioon:1600 x 720 pikslit Piksli tihedus:269 ppi Lisaomadused:Corning Gorilla Glass 3 ekraaniklaas Riistvara omadused Protsessor:MediaTek Helio P35 2.3 GHz Octa-Core P\u00f5him\u00e4lu:4 GB Telefoni m\u00e4lu:64 GB Kaamera Eesmine kaamera:8 [&hellip;]<\/p>\n","protected":false},"featured_media":38411,"comment_status":"closed","ping_status":"closed","template":"","meta":{"inline_featured_image":false},"product_brand":[],"product_cat":[171],"product_tag":[],"class_list":{"0":"post-40807","1":"product","2":"type-product","3":"status-publish","4":"has-post-thumbnail","6":"product_cat-mobilnye-telefony","7":"pa_asukoht-mustamae","9":"first","10":"outofstock","11":"taxable","12":"shipping-taxable","13":"purchasable","14":"product-type-simple"},"_links":{"self":[{"href":"https:\/\/a-pant.ee\/ru\/wp-json\/wp\/v2\/product\/40807","targetHints":{"allow":["GET"]}}],"collection":[{"href":"https:\/\/a-pant.ee\/ru\/wp-json\/wp\/v2\/product"}],"about":[{"href":"https:\/\/a-pant.ee\/ru\/wp-json\/wp\/v2\/types\/product"}],"replies":[{"embeddable":true,"href":"https:\/\/a-pant.ee\/ru\/wp-json\/wp\/v2\/comments?post=40807"}],"wp:featuredmedia":[{"embeddable":true,"href":"https:\/\/a-pant.ee\/ru\/wp-json\/wp\/v2\/media\/38411"}],"wp:attachment":[{"href":"https:\/\/a-pant.ee\/ru\/wp-json\/wp\/v2\/media?parent=40807"}],"wp:term":[{"taxonomy":"product_brand","embeddable":true,"href":"https:\/\/a-pant.ee\/ru\/wp-json\/wp\/v2\/product_brand?post=40807"},{"taxonomy":"product_cat","embeddable":true,"href":"https:\/\/a-pant.ee\/ru\/wp-json\/wp\/v2\/product_cat?post=40807"},{"taxonomy":"product_tag","embeddable":true,"href":"https:\/\/a-pant.ee\/ru\/wp-json\/wp\/v2\/product_tag?post=40807"}],"curies":[{"name":"wp","href":"https:\/\/api.w.org\/{rel}","templated":true}]}}