{"id":40796,"date":"2026-04-23T22:09:34","date_gmt":"2026-04-23T19:09:34","guid":{"rendered":"https:\/\/a-pant.ee\/product\/mobilnyj-telefon-soyes-choice-xs-16gb-korobka\/"},"modified":"2026-05-11T09:49:31","modified_gmt":"2026-05-11T06:49:31","slug":"mobilnyj-telefon-soyes-choice-xs-16gb-korobka","status":"publish","type":"product","link":"https:\/\/a-pant.ee\/ru\/product\/mobilnyj-telefon-soyes-choice-xs-16gb-korobka\/","title":{"rendered":"\u041c\u043e\u0431\u0438\u043b\u044c\u043d\u044b\u0439 \u0442\u0435\u043b\u0435\u0444\u043e\u043d Soyes Choice XS 16\u0413\u0411 + \u043a\u043e\u0440\u043e\u0431\u043a\u0430"},"content":{"rendered":"\n<p> Mobiiltelefon Soyes Choice XS 16GB + karp, Palun tutvuge fotodega enne ostu. Vajadusel <br \/> vastan lisak\u00fcsimustele. <\/p><p> KIRJELDUS <\/p><p> T\u00fc\u00fcp: kompaktne nutitelefon <br \/> Mudel: Soyes Choice XS <br \/> Ekraan: 3.0&#8243; IPS <br \/> Resolutsioon: 480 \u00d7 854 <br \/> Protsessor: 4-tuumaline <br \/> Operatsioonis\u00fcsteem: Android <br \/> RAM: 2 GB <br \/> Sisem\u00e4lu: 16 GB <br \/> microSD tugi <br \/> P\u00f5hikaamera: 5 MP <br \/> Esikaamera: 2 MP <br \/> \u00dchenduvus: 3G, Wi-Fi, Bluetooth <br \/> SIM-kaardi tugi <br \/> Aku: umbes 1000 mAh <br \/> Pesad: microUSB, 3.5 mm <br \/> Kompaktne suurus <br \/> Kerge kaal <\/p>\n","protected":false},"excerpt":{"rendered":"<p>Mobiiltelefon Soyes Choice XS 16GB + karp, Palun tutvuge fotodega enne ostu. Vajadusel vastan lisak\u00fcsimustele. KIRJELDUS T\u00fc\u00fcp: kompaktne nutitelefon Mudel: Soyes Choice XS Ekraan: 3.0&#8243; IPS Resolutsioon: 480 \u00d7 854 Protsessor: 4-tuumaline Operatsioonis\u00fcsteem: Android RAM: 2 GB Sisem\u00e4lu: 16 GB microSD tugi P\u00f5hikaamera: 5 MP Esikaamera: 2 MP \u00dchenduvus: 3G, Wi-Fi, Bluetooth SIM-kaardi tugi Aku: [&hellip;]<\/p>\n","protected":false},"featured_media":38400,"comment_status":"closed","ping_status":"closed","template":"","meta":{"inline_featured_image":false},"product_brand":[],"product_cat":[171],"product_tag":[],"class_list":{"0":"post-40796","1":"product","2":"type-product","3":"status-publish","4":"has-post-thumbnail","6":"product_cat-mobilnye-telefony","7":"pa_asukoht-mustamae","9":"first","10":"outofstock","11":"taxable","12":"shipping-taxable","13":"purchasable","14":"product-type-simple"},"_links":{"self":[{"href":"https:\/\/a-pant.ee\/ru\/wp-json\/wp\/v2\/product\/40796","targetHints":{"allow":["GET"]}}],"collection":[{"href":"https:\/\/a-pant.ee\/ru\/wp-json\/wp\/v2\/product"}],"about":[{"href":"https:\/\/a-pant.ee\/ru\/wp-json\/wp\/v2\/types\/product"}],"replies":[{"embeddable":true,"href":"https:\/\/a-pant.ee\/ru\/wp-json\/wp\/v2\/comments?post=40796"}],"wp:featuredmedia":[{"embeddable":true,"href":"https:\/\/a-pant.ee\/ru\/wp-json\/wp\/v2\/media\/38400"}],"wp:attachment":[{"href":"https:\/\/a-pant.ee\/ru\/wp-json\/wp\/v2\/media?parent=40796"}],"wp:term":[{"taxonomy":"product_brand","embeddable":true,"href":"https:\/\/a-pant.ee\/ru\/wp-json\/wp\/v2\/product_brand?post=40796"},{"taxonomy":"product_cat","embeddable":true,"href":"https:\/\/a-pant.ee\/ru\/wp-json\/wp\/v2\/product_cat?post=40796"},{"taxonomy":"product_tag","embeddable":true,"href":"https:\/\/a-pant.ee\/ru\/wp-json\/wp\/v2\/product_tag?post=40796"}],"curies":[{"name":"wp","href":"https:\/\/api.w.org\/{rel}","templated":true}]}}