{"id":40777,"date":"2026-04-23T22:09:13","date_gmt":"2026-04-23T19:09:13","guid":{"rendered":"https:\/\/a-pant.ee\/product\/smartfon-redmi-14c-128-4gb\/"},"modified":"2026-05-04T11:42:20","modified_gmt":"2026-05-04T08:42:20","slug":"smartfon-redmi-14c-128-4gb","status":"publish","type":"product","link":"https:\/\/a-pant.ee\/ru\/product\/smartfon-redmi-14c-128-4gb\/","title":{"rendered":"\u0421\u043c\u0430\u0440\u0442\u0444\u043e\u043d Redmi 14C 128\/4gb"},"content":{"rendered":"\n<p><strong> Nutitelefon Redmi 14C 128\/4gb <\/strong> , Palun tutvuge fotodega enne ostu. Vajadusel <br \/> vastan lisak\u00fcsimustele.KIRJELDUS <\/p><p> Nutitelefon 6,88&#8243; IPS (1640\u00d7720), k\u00fclgne s\u00f5rmej\u00e4ljelugeja. <br \/> Protsessor Helio G81-Ultra. <br \/> Kaamerad:\u00a0 <strong> 50MP + 2MP + 0,08MP <\/strong> , esikaamera\u00a0 <strong> 13MP <\/strong> . <br \/> M\u00e4lu\u00a0 <strong> 4GB \/ 128GB <\/strong> . <br \/> Aku\u00a0 <strong> 5160mAh <\/strong> , 18W kiirlaadimine. <br \/> Android 14. <\/p>\n","protected":false},"excerpt":{"rendered":"<p>Nutitelefon Redmi 14C 128\/4gb , Palun tutvuge fotodega enne ostu. Vajadusel vastan lisak\u00fcsimustele.KIRJELDUS Nutitelefon 6,88&#8243; IPS (1640\u00d7720), k\u00fclgne s\u00f5rmej\u00e4ljelugeja. Protsessor Helio G81-Ultra. Kaamerad:\u00a0 50MP + 2MP + 0,08MP , esikaamera\u00a0 13MP . M\u00e4lu\u00a0 4GB \/ 128GB . Aku\u00a0 5160mAh , 18W kiirlaadimine. Android 14.<\/p>\n","protected":false},"featured_media":38381,"comment_status":"closed","ping_status":"open","template":"","meta":{"inline_featured_image":false},"product_brand":[],"product_cat":[171],"product_tag":[],"class_list":{"0":"post-40777","1":"product","2":"type-product","3":"status-publish","4":"has-post-thumbnail","6":"product_cat-mobilnye-telefony","7":"pa_asukoht-lasnamae","9":"first","10":"outofstock","11":"taxable","12":"shipping-taxable","13":"purchasable","14":"product-type-simple"},"_links":{"self":[{"href":"https:\/\/a-pant.ee\/ru\/wp-json\/wp\/v2\/product\/40777","targetHints":{"allow":["GET"]}}],"collection":[{"href":"https:\/\/a-pant.ee\/ru\/wp-json\/wp\/v2\/product"}],"about":[{"href":"https:\/\/a-pant.ee\/ru\/wp-json\/wp\/v2\/types\/product"}],"replies":[{"embeddable":true,"href":"https:\/\/a-pant.ee\/ru\/wp-json\/wp\/v2\/comments?post=40777"}],"wp:featuredmedia":[{"embeddable":true,"href":"https:\/\/a-pant.ee\/ru\/wp-json\/wp\/v2\/media\/38381"}],"wp:attachment":[{"href":"https:\/\/a-pant.ee\/ru\/wp-json\/wp\/v2\/media?parent=40777"}],"wp:term":[{"taxonomy":"product_brand","embeddable":true,"href":"https:\/\/a-pant.ee\/ru\/wp-json\/wp\/v2\/product_brand?post=40777"},{"taxonomy":"product_cat","embeddable":true,"href":"https:\/\/a-pant.ee\/ru\/wp-json\/wp\/v2\/product_cat?post=40777"},{"taxonomy":"product_tag","embeddable":true,"href":"https:\/\/a-pant.ee\/ru\/wp-json\/wp\/v2\/product_tag?post=40777"}],"curies":[{"name":"wp","href":"https:\/\/api.w.org\/{rel}","templated":true}]}}