{"id":40609,"date":"2026-04-23T22:03:19","date_gmt":"2026-04-23T19:03:19","guid":{"rendered":"https:\/\/a-pant.ee\/product\/mobilnyj-telefon-redmi-note-14-pro-256gb-korobka-chek\/"},"modified":"2026-05-04T10:46:09","modified_gmt":"2026-05-04T07:46:09","slug":"mobilnyj-telefon-redmi-note-14-pro-256gb-korobka-chek","status":"publish","type":"product","link":"https:\/\/a-pant.ee\/ru\/product\/mobilnyj-telefon-redmi-note-14-pro-256gb-korobka-chek\/","title":{"rendered":"\u041c\u043e\u0431\u0438\u043b\u044c\u043d\u044b\u0439 \u0442\u0435\u043b\u0435\u0444\u043e\u043d Redmi Note 14 Pro 256GB + \u043a\u043e\u0440\u043e\u0431\u043a\u0430 + \u0447\u0435\u043a"},"content":{"rendered":"\n<p> Mobiiltelefon Redmi Note 14 Pro 256GB + karp + tshekk, Palun tutvuge fotodega enne ostu. Vajadusel <br \/> vastan lisak\u00fcsimustele. <\/p><p> Garantii kehtib kuni 02.02.28 <\/p><p> KIRJELDUS <\/p><p> Ekraani omadused <\/p><ul><li> Ekraani diagonaal:6.67 &#187; (tolli) <\/li><li> Ekraani t\u00fc\u00fcp:AMOLED <\/li><li> Resolutsioon:2712 x 1220 pikslit <\/li><li> V\u00e4rskendussagedus:120 Hz <\/li><li> Piksli tihedus:446 ppi <\/li><li> Lisaomadused:Corning Gorilla Glass Victus 2 ekraaniklaas <\/li><\/ul><p> Riistvara omadused <\/p><ul><li> Protsessor:MediaTek Dimensity 7300-Ultra Octa-Core (4 x 2.5 GHz + 4 x 2 GHz) <\/li><li> P\u00f5him\u00e4lu:8 GB <\/li><li> Telefoni m\u00e4lu:256 GB <\/li><\/ul><p> Kaamera <\/p><ul><li> Tagumised kaamerad:200 Mpix + 8 Mpix + 2 Mpix <\/li><li> Eesmine kaamera:20 Mpix <\/li><li> Videosalvestus:3840 x 2160 pikslit <\/li><\/ul><p> Omadused <\/p><ul><li> SIM kaardi t\u00fc\u00fcp:Nano SIM + eSIM (Pull\/Push) <\/li><li> Kahe SIM-kaardi tugi:Jah <\/li><li> Kahe SIM kaardi olek:Dual Stand-By <\/li><li> Aku mahtuvus:5110 mAh <\/li><li> Laadija t\u00fc\u00fcp:USB t\u00fc\u00fcp C kaabel <\/li><li> Juhtmevaba laadimine:Ei <\/li><li> Biomeetriline tuvastamine:S\u00f5rmej\u00e4ljelugeja, n\u00e4otuvastus <\/li><li> MicroSD:Ei toeta <\/li><li> Audio v\u00e4ljund (3,5 mm):Ei <\/li><\/ul>\n","protected":false},"excerpt":{"rendered":"<p>Mobiiltelefon Redmi Note 14 Pro 256GB + karp + tshekk, Palun tutvuge fotodega enne ostu. Vajadusel vastan lisak\u00fcsimustele. Garantii kehtib kuni 02.02.28 KIRJELDUS Ekraani omadused Ekraani diagonaal:6.67 &#187; (tolli) Ekraani t\u00fc\u00fcp:AMOLED Resolutsioon:2712 x 1220 pikslit V\u00e4rskendussagedus:120 Hz Piksli tihedus:446 ppi Lisaomadused:Corning Gorilla Glass Victus 2 ekraaniklaas Riistvara omadused Protsessor:MediaTek Dimensity 7300-Ultra Octa-Core (4 x 2.5 [&hellip;]<\/p>\n","protected":false},"featured_media":38213,"comment_status":"closed","ping_status":"closed","template":"","meta":{"inline_featured_image":false},"product_brand":[],"product_cat":[171],"product_tag":[],"class_list":{"0":"post-40609","1":"product","2":"type-product","3":"status-publish","4":"has-post-thumbnail","6":"product_cat-mobilnye-telefony","7":"pa_asukoht-mustamae","9":"first","10":"instock","11":"taxable","12":"shipping-taxable","13":"purchasable","14":"product-type-simple"},"_links":{"self":[{"href":"https:\/\/a-pant.ee\/ru\/wp-json\/wp\/v2\/product\/40609","targetHints":{"allow":["GET"]}}],"collection":[{"href":"https:\/\/a-pant.ee\/ru\/wp-json\/wp\/v2\/product"}],"about":[{"href":"https:\/\/a-pant.ee\/ru\/wp-json\/wp\/v2\/types\/product"}],"replies":[{"embeddable":true,"href":"https:\/\/a-pant.ee\/ru\/wp-json\/wp\/v2\/comments?post=40609"}],"wp:featuredmedia":[{"embeddable":true,"href":"https:\/\/a-pant.ee\/ru\/wp-json\/wp\/v2\/media\/38213"}],"wp:attachment":[{"href":"https:\/\/a-pant.ee\/ru\/wp-json\/wp\/v2\/media?parent=40609"}],"wp:term":[{"taxonomy":"product_brand","embeddable":true,"href":"https:\/\/a-pant.ee\/ru\/wp-json\/wp\/v2\/product_brand?post=40609"},{"taxonomy":"product_cat","embeddable":true,"href":"https:\/\/a-pant.ee\/ru\/wp-json\/wp\/v2\/product_cat?post=40609"},{"taxonomy":"product_tag","embeddable":true,"href":"https:\/\/a-pant.ee\/ru\/wp-json\/wp\/v2\/product_tag?post=40609"}],"curies":[{"name":"wp","href":"https:\/\/api.w.org\/{rel}","templated":true}]}}