{"id":40603,"date":"2026-04-23T22:02:55","date_gmt":"2026-04-23T19:02:55","guid":{"rendered":"https:\/\/a-pant.ee\/product\/televizor-jvc-43va3300-provod-pult-korobka\/"},"modified":"2026-05-04T15:47:03","modified_gmt":"2026-05-04T12:47:03","slug":"televizor-jvc-43va3300-provod-pult-korobka","status":"publish","type":"product","link":"https:\/\/a-pant.ee\/ru\/product\/televizor-jvc-43va3300-provod-pult-korobka\/","title":{"rendered":"\u0422\u0435\u043b\u0435\u0432\u0438\u0437\u043e\u0440 JVC 43VA3300 + \u043f\u0440\u043e\u0432\u043e\u0434 + \u043f\u0443\u043b\u044c\u0442 + \u043a\u043e\u0440\u043e\u0431\u043a\u0430"},"content":{"rendered":"\n<p> Teler JVC 43VA3300 + juhe + pult + karp, Palun tutvuge fotodega enne ostu. Vajadusel <br \/> vastan lisak\u00fcsimustele. <\/p><p> KIRJELDUS <\/p><ul><li> Ekraan: 43&#8243; LED <\/li><li> Resolutsioon: 3840 \u00d7 2160 (4K Ultra HD) <\/li><li> Paneeli t\u00fc\u00fcp: VA <\/li><li> Smart TV: jah <\/li><li> Operatsioonis\u00fcsteem: Android TV <\/li><li> HDR tugi <\/li><li> Sisseehitatud Wi-Fi ja Bluetooth <\/li><li> Tuunerid: DVB-T2 \/ DVB-C \/ DVB-S2 <\/li><li> Heli: sisseehitatud k\u00f5larid <\/li><li> Pesad: HDMI, USB, LAN <\/li><li> Kinnitus: VESA <\/li><\/ul>\n","protected":false},"excerpt":{"rendered":"<p>Teler JVC 43VA3300 + juhe + pult + karp, Palun tutvuge fotodega enne ostu. Vajadusel vastan lisak\u00fcsimustele. KIRJELDUS Ekraan: 43&#8243; LED Resolutsioon: 3840 \u00d7 2160 (4K Ultra HD) Paneeli t\u00fc\u00fcp: VA Smart TV: jah Operatsioonis\u00fcsteem: Android TV HDR tugi Sisseehitatud Wi-Fi ja Bluetooth Tuunerid: DVB-T2 \/ DVB-C \/ DVB-S2 Heli: sisseehitatud k\u00f5larid Pesad: HDMI, USB, [&hellip;]<\/p>\n","protected":false},"featured_media":38207,"comment_status":"closed","ping_status":"closed","template":"","meta":{"inline_featured_image":false},"product_brand":[],"product_cat":[181],"product_tag":[],"class_list":{"0":"post-40603","1":"product","2":"type-product","3":"status-publish","4":"has-post-thumbnail","6":"product_cat-televizory","7":"product_shipping_class-oversize","8":"pa_asukoht-mustamae","10":"first","11":"outofstock","12":"taxable","13":"shipping-taxable","14":"purchasable","15":"product-type-simple"},"_links":{"self":[{"href":"https:\/\/a-pant.ee\/ru\/wp-json\/wp\/v2\/product\/40603","targetHints":{"allow":["GET"]}}],"collection":[{"href":"https:\/\/a-pant.ee\/ru\/wp-json\/wp\/v2\/product"}],"about":[{"href":"https:\/\/a-pant.ee\/ru\/wp-json\/wp\/v2\/types\/product"}],"replies":[{"embeddable":true,"href":"https:\/\/a-pant.ee\/ru\/wp-json\/wp\/v2\/comments?post=40603"}],"wp:featuredmedia":[{"embeddable":true,"href":"https:\/\/a-pant.ee\/ru\/wp-json\/wp\/v2\/media\/38207"}],"wp:attachment":[{"href":"https:\/\/a-pant.ee\/ru\/wp-json\/wp\/v2\/media?parent=40603"}],"wp:term":[{"taxonomy":"product_brand","embeddable":true,"href":"https:\/\/a-pant.ee\/ru\/wp-json\/wp\/v2\/product_brand?post=40603"},{"taxonomy":"product_cat","embeddable":true,"href":"https:\/\/a-pant.ee\/ru\/wp-json\/wp\/v2\/product_cat?post=40603"},{"taxonomy":"product_tag","embeddable":true,"href":"https:\/\/a-pant.ee\/ru\/wp-json\/wp\/v2\/product_tag?post=40603"}],"curies":[{"name":"wp","href":"https:\/\/api.w.org\/{rel}","templated":true}]}}