{"id":40571,"date":"2026-04-23T22:02:08","date_gmt":"2026-04-23T19:02:08","guid":{"rendered":"https:\/\/a-pant.ee\/product\/vozduhoduvka-makita-dub186-bez-akkumulyatora\/"},"modified":"2026-04-30T09:22:57","modified_gmt":"2026-04-30T06:22:57","slug":"vozduhoduvka-makita-dub186-bez-akkumulyatora","status":"publish","type":"product","link":"https:\/\/a-pant.ee\/ru\/product\/vozduhoduvka-makita-dub186-bez-akkumulyatora\/","title":{"rendered":"\u0412\u043e\u0437\u0434\u0443\u0445\u043e\u0434\u0443\u0432\u043a\u0430 Makita DUB186 (\u0431\u0435\u0437 \u0430\u043a\u043a\u0443\u043c\u0443\u043b\u044f\u0442\u043e\u0440\u0430)"},"content":{"rendered":"\n<p> \u00d5hupuhur Makita DUB186 (ilma aku), Palun tutvuge fotodega enne ostu. Vajadusel <br \/> vastan lisak\u00fcsimustele. <\/p><p> KIRJELDUS <\/p><p> Makita DUB186Z juhtmevaba puhur\u00a0on kerge ja v\u00f5imas t\u00f6\u00f6riist, mis on m\u00f5eldud\u00a0t\u00f5husaks pr\u00fcgi eemaldamiseks\u00a0erinevates v\u00e4listingimustes.\u00a018V liitiumioonaku\u00a0toiteallikaga tagab see tugeva \u00f5huvoolu\u00a0k\u00f5rgeima \u00f5hukiirusena 68 m\/s, v\u00f5imaldades teil kiiresti puhastada lehti, mururebendi j\u00e4\u00e4ke ja muud pr\u00fcgi. Ergonomiline disain tagab mugavuse kasutamisel, ja\u00a0muudetav kiirusregulaator\u00a0v\u00f5imaldab kohandada j\u00f5udlust vastavalt vajadusele.\u00a0Makita DUB186Z\u00a0on usaldusv\u00e4\u00e4rne t\u00f6\u00f6riist nii kodu- kui ka professionaalseks kasutamiseks, et hoida v\u00e4listingimustes puhtust. <\/p>\n","protected":false},"excerpt":{"rendered":"<p>\u00d5hupuhur Makita DUB186 (ilma aku), Palun tutvuge fotodega enne ostu. Vajadusel vastan lisak\u00fcsimustele. KIRJELDUS Makita DUB186Z juhtmevaba puhur\u00a0on kerge ja v\u00f5imas t\u00f6\u00f6riist, mis on m\u00f5eldud\u00a0t\u00f5husaks pr\u00fcgi eemaldamiseks\u00a0erinevates v\u00e4listingimustes.\u00a018V liitiumioonaku\u00a0toiteallikaga tagab see tugeva \u00f5huvoolu\u00a0k\u00f5rgeima \u00f5hukiirusena 68 m\/s, v\u00f5imaldades teil kiiresti puhastada lehti, mururebendi j\u00e4\u00e4ke ja muud pr\u00fcgi. Ergonomiline disain tagab mugavuse kasutamisel, ja\u00a0muudetav kiirusregulaator\u00a0v\u00f5imaldab kohandada j\u00f5udlust [&hellip;]<\/p>\n","protected":false},"featured_media":38175,"comment_status":"closed","ping_status":"closed","template":"","meta":{"inline_featured_image":false},"product_brand":[],"product_cat":[246],"product_tag":[],"class_list":{"0":"post-40571","1":"product","2":"type-product","3":"status-publish","4":"has-post-thumbnail","6":"product_cat-instrumenty-drugoe","7":"pa_asukoht-lasnamae","9":"first","10":"outofstock","11":"taxable","12":"shipping-taxable","13":"purchasable","14":"product-type-simple"},"_links":{"self":[{"href":"https:\/\/a-pant.ee\/ru\/wp-json\/wp\/v2\/product\/40571","targetHints":{"allow":["GET"]}}],"collection":[{"href":"https:\/\/a-pant.ee\/ru\/wp-json\/wp\/v2\/product"}],"about":[{"href":"https:\/\/a-pant.ee\/ru\/wp-json\/wp\/v2\/types\/product"}],"replies":[{"embeddable":true,"href":"https:\/\/a-pant.ee\/ru\/wp-json\/wp\/v2\/comments?post=40571"}],"wp:featuredmedia":[{"embeddable":true,"href":"https:\/\/a-pant.ee\/ru\/wp-json\/wp\/v2\/media\/38175"}],"wp:attachment":[{"href":"https:\/\/a-pant.ee\/ru\/wp-json\/wp\/v2\/media?parent=40571"}],"wp:term":[{"taxonomy":"product_brand","embeddable":true,"href":"https:\/\/a-pant.ee\/ru\/wp-json\/wp\/v2\/product_brand?post=40571"},{"taxonomy":"product_cat","embeddable":true,"href":"https:\/\/a-pant.ee\/ru\/wp-json\/wp\/v2\/product_cat?post=40571"},{"taxonomy":"product_tag","embeddable":true,"href":"https:\/\/a-pant.ee\/ru\/wp-json\/wp\/v2\/product_tag?post=40571"}],"curies":[{"name":"wp","href":"https:\/\/api.w.org\/{rel}","templated":true}]}}