{"id":40539,"date":"2026-04-23T22:01:19","date_gmt":"2026-04-23T19:01:19","guid":{"rendered":"https:\/\/a-pant.ee\/product\/zaryadnoe-ustrojstvo-aeg-al1214g\/"},"modified":"2026-04-30T11:32:23","modified_gmt":"2026-04-30T08:32:23","slug":"zaryadnoe-ustrojstvo-aeg-al1214g","status":"publish","type":"product","link":"https:\/\/a-pant.ee\/ru\/product\/zaryadnoe-ustrojstvo-aeg-al1214g\/","title":{"rendered":"\u0417\u0430\u0440\u044f\u0434\u043d\u043e\u0435 \u0443\u0441\u0442\u0440\u043e\u0439\u0441\u0442\u0432\u043e AEG AL1214G"},"content":{"rendered":"\n<p> Laadija AEG AL1214G\u00a0, Palun tutvuge fotodega enne ostu. Vajadusel <br \/> vastan lisak\u00fcsimustele. <\/p><ul><li> T\u00fc\u00fcp: akulaadija <\/li><li> Toetatud akud: NiCd, NiMH, Li-ion <\/li><li> Aku kinnitus: liug\u00fchendus (slider) <\/li><li> Aku pinge: 12\u201314.4 V <\/li><\/ul>\n","protected":false},"excerpt":{"rendered":"<p>Laadija AEG AL1214G\u00a0, Palun tutvuge fotodega enne ostu. Vajadusel vastan lisak\u00fcsimustele. T\u00fc\u00fcp: akulaadija Toetatud akud: NiCd, NiMH, Li-ion Aku kinnitus: liug\u00fchendus (slider) Aku pinge: 12\u201314.4 V<\/p>\n","protected":false},"featured_media":38143,"comment_status":"closed","ping_status":"closed","template":"","meta":{"inline_featured_image":false},"product_brand":[],"product_cat":[223],"product_tag":[],"class_list":{"0":"post-40539","1":"product","2":"type-product","3":"status-publish","4":"has-post-thumbnail","6":"product_cat-vsyo-dlya-instrumenta","7":"pa_asukoht-mustamae","9":"first","10":"outofstock","11":"taxable","12":"shipping-taxable","13":"purchasable","14":"product-type-simple"},"_links":{"self":[{"href":"https:\/\/a-pant.ee\/ru\/wp-json\/wp\/v2\/product\/40539","targetHints":{"allow":["GET"]}}],"collection":[{"href":"https:\/\/a-pant.ee\/ru\/wp-json\/wp\/v2\/product"}],"about":[{"href":"https:\/\/a-pant.ee\/ru\/wp-json\/wp\/v2\/types\/product"}],"replies":[{"embeddable":true,"href":"https:\/\/a-pant.ee\/ru\/wp-json\/wp\/v2\/comments?post=40539"}],"wp:featuredmedia":[{"embeddable":true,"href":"https:\/\/a-pant.ee\/ru\/wp-json\/wp\/v2\/media\/38143"}],"wp:attachment":[{"href":"https:\/\/a-pant.ee\/ru\/wp-json\/wp\/v2\/media?parent=40539"}],"wp:term":[{"taxonomy":"product_brand","embeddable":true,"href":"https:\/\/a-pant.ee\/ru\/wp-json\/wp\/v2\/product_brand?post=40539"},{"taxonomy":"product_cat","embeddable":true,"href":"https:\/\/a-pant.ee\/ru\/wp-json\/wp\/v2\/product_cat?post=40539"},{"taxonomy":"product_tag","embeddable":true,"href":"https:\/\/a-pant.ee\/ru\/wp-json\/wp\/v2\/product_tag?post=40539"}],"curies":[{"name":"wp","href":"https:\/\/api.w.org\/{rel}","templated":true}]}}