{"id":40523,"date":"2026-04-23T22:00:44","date_gmt":"2026-04-23T19:00:44","guid":{"rendered":"https:\/\/a-pant.ee\/product\/naushniki-apple-airpods-4\/"},"modified":"2026-05-09T12:16:08","modified_gmt":"2026-05-09T09:16:08","slug":"naushniki-apple-airpods-4","status":"publish","type":"product","link":"https:\/\/a-pant.ee\/ru\/product\/naushniki-apple-airpods-4\/","title":{"rendered":"\u041d\u0430\u0443\u0448\u043d\u0438\u043a\u0438 Apple AirPods 4"},"content":{"rendered":"\n<p> K\u00f5rvaklapid Apple AirPods 4 + karp + juhe + ostutshekk\u00a0, Palun tutvuge fotodega enne ostu. Vajadusel <br \/> vastan lisak\u00fcsimustele. <\/p><ul><li> T\u00fc\u00fcp: juhtmevabad k\u00f5rvaklapid (earbuds, True Wireless) <\/li><li> Tootja: Apple <\/li><li> \u00dchendus: Bluetooth 5.3 <\/li><li> Sisseehitatud mikrofon <\/li><li> Puutetundlik juhtimine <\/li><li> H\u00e4\u00e4ljuhtimine (Siri) <\/li><li> Funktsioonid: <ul><li> automaatne sisse\/v\u00e4lja l\u00fclitus <\/li><li> \u00fche k\u00f5rvaklapi kasutamine <\/li><li> Find My tugi (seadme leidmine) <\/li><\/ul><\/li><li> M\u00fcrasummutus: puudub <\/li><li> Aku kestvus: <ul><li> kuni 5 tundi (k\u00f5rvaklapid) <\/li><li> kuni 25 tundi (laadimiskarbiga) <\/li><\/ul><\/li><li> Laadimine: USB-C <\/li><li> Juhtmevaba laadimine: puudub <\/li><li> Kaitseklass: IP54 <\/li><li> \u00dche k\u00f5rvaklapi kaal: 4.3 g <\/li><li> Laadimiskarbi kaal: 34.7 g <\/li><\/ul>\n","protected":false},"excerpt":{"rendered":"<p>K\u00f5rvaklapid Apple AirPods 4 + karp + juhe + ostutshekk\u00a0, Palun tutvuge fotodega enne ostu. Vajadusel vastan lisak\u00fcsimustele. T\u00fc\u00fcp: juhtmevabad k\u00f5rvaklapid (earbuds, True Wireless) Tootja: Apple \u00dchendus: Bluetooth 5.3 Sisseehitatud mikrofon Puutetundlik juhtimine H\u00e4\u00e4ljuhtimine (Siri) Funktsioonid: automaatne sisse\/v\u00e4lja l\u00fclitus \u00fche k\u00f5rvaklapi kasutamine Find My tugi (seadme leidmine) M\u00fcrasummutus: puudub Aku kestvus: kuni 5 tundi (k\u00f5rvaklapid) [&hellip;]<\/p>\n","protected":false},"featured_media":38127,"comment_status":"closed","ping_status":"closed","template":"","meta":{"inline_featured_image":false},"product_brand":[],"product_cat":[168],"product_tag":[],"class_list":{"0":"post-40523","1":"product","2":"type-product","3":"status-publish","4":"has-post-thumbnail","6":"product_cat-naushniki","7":"pa_asukoht-mustamae","9":"first","10":"outofstock","11":"taxable","12":"shipping-taxable","13":"purchasable","14":"product-type-simple"},"_links":{"self":[{"href":"https:\/\/a-pant.ee\/ru\/wp-json\/wp\/v2\/product\/40523","targetHints":{"allow":["GET"]}}],"collection":[{"href":"https:\/\/a-pant.ee\/ru\/wp-json\/wp\/v2\/product"}],"about":[{"href":"https:\/\/a-pant.ee\/ru\/wp-json\/wp\/v2\/types\/product"}],"replies":[{"embeddable":true,"href":"https:\/\/a-pant.ee\/ru\/wp-json\/wp\/v2\/comments?post=40523"}],"wp:featuredmedia":[{"embeddable":true,"href":"https:\/\/a-pant.ee\/ru\/wp-json\/wp\/v2\/media\/38127"}],"wp:attachment":[{"href":"https:\/\/a-pant.ee\/ru\/wp-json\/wp\/v2\/media?parent=40523"}],"wp:term":[{"taxonomy":"product_brand","embeddable":true,"href":"https:\/\/a-pant.ee\/ru\/wp-json\/wp\/v2\/product_brand?post=40523"},{"taxonomy":"product_cat","embeddable":true,"href":"https:\/\/a-pant.ee\/ru\/wp-json\/wp\/v2\/product_cat?post=40523"},{"taxonomy":"product_tag","embeddable":true,"href":"https:\/\/a-pant.ee\/ru\/wp-json\/wp\/v2\/product_tag?post=40523"}],"curies":[{"name":"wp","href":"https:\/\/api.w.org\/{rel}","templated":true}]}}