{"id":40422,"date":"2026-04-23T21:57:46","date_gmt":"2026-04-23T18:57:46","guid":{"rendered":"https:\/\/a-pant.ee\/product\/akkumulyatornaya-drel-makita-df331d-ak-20ach-12v-zaryadka\/"},"modified":"2026-05-08T16:23:58","modified_gmt":"2026-05-08T13:23:58","slug":"akkumulyatornaya-drel-makita-df331d-ak-20ach-12v-zaryadka","status":"publish","type":"product","link":"https:\/\/a-pant.ee\/ru\/product\/akkumulyatornaya-drel-makita-df331d-ak-20ach-12v-zaryadka\/","title":{"rendered":"\u0410\u043a\u043a\u0443\u043c\u0443\u043b\u044f\u0442\u043e\u0440\u043d\u0430\u044f \u0434\u0440\u0435\u043b\u044c Makita DF331D + ak. 2,0A\u0447 12v + \u0437\u0430\u0440\u044f\u0434\u043a\u0430"},"content":{"rendered":"\n<p> Akutrell Makita DF331D + aku 2,0Ah 12v + laadija\u00a0, heas seisu- ja t\u00f6\u00f6korras! <\/p><p> KIRJELDUS <\/p><ul><li> Li-ion aku: CXT 10,8 V \/ 12 V maks. <\/li><li> LED valgustus. <\/li><li> Kiirus t\u00fchik\u00e4igul (I k\u00e4ik\/II k\u00e4ik): 0-450 \/ 0-1700 min\u207b\u00b9. <\/li><li> P\u00f6\u00f6rdemoment pehme \/ k\u00f5va: 30 \/ 14 Nm. <\/li><li> P\u00f6\u00f6rdsiduri asendid: 20. <\/li><li> Maksimaalne l\u00e4bim\u00f5\u00f5t puidule: 21 mm. <\/li><li> Maksimaalne l\u00e4bim\u00f5\u00f5t terasele: 10 mm. <\/li><li> Haarats: 0.8-10 mm. <\/li><li> Kaal (EPTA): 1,2 kg. <\/li><\/ul>\n","protected":false},"excerpt":{"rendered":"<p>Akutrell Makita DF331D + aku 2,0Ah 12v + laadija\u00a0, heas seisu- ja t\u00f6\u00f6korras! KIRJELDUS Li-ion aku: CXT 10,8 V \/ 12 V maks. LED valgustus. Kiirus t\u00fchik\u00e4igul (I k\u00e4ik\/II k\u00e4ik): 0-450 \/ 0-1700 min\u207b\u00b9. P\u00f6\u00f6rdemoment pehme \/ k\u00f5va: 30 \/ 14 Nm. P\u00f6\u00f6rdsiduri asendid: 20. Maksimaalne l\u00e4bim\u00f5\u00f5t puidule: 21 mm. Maksimaalne l\u00e4bim\u00f5\u00f5t terasele: 10 mm. [&hellip;]<\/p>\n","protected":false},"featured_media":38026,"comment_status":"closed","ping_status":"open","template":"","meta":{"inline_featured_image":false},"product_brand":[],"product_cat":[221],"product_tag":[],"class_list":{"0":"post-40422","1":"product","2":"type-product","3":"status-publish","4":"has-post-thumbnail","6":"product_cat-akkumulyatornye-dreli","7":"pa_asukoht-lasnamae","9":"first","10":"outofstock","11":"taxable","12":"shipping-taxable","13":"purchasable","14":"product-type-simple"},"_links":{"self":[{"href":"https:\/\/a-pant.ee\/ru\/wp-json\/wp\/v2\/product\/40422","targetHints":{"allow":["GET"]}}],"collection":[{"href":"https:\/\/a-pant.ee\/ru\/wp-json\/wp\/v2\/product"}],"about":[{"href":"https:\/\/a-pant.ee\/ru\/wp-json\/wp\/v2\/types\/product"}],"replies":[{"embeddable":true,"href":"https:\/\/a-pant.ee\/ru\/wp-json\/wp\/v2\/comments?post=40422"}],"wp:featuredmedia":[{"embeddable":true,"href":"https:\/\/a-pant.ee\/ru\/wp-json\/wp\/v2\/media\/38026"}],"wp:attachment":[{"href":"https:\/\/a-pant.ee\/ru\/wp-json\/wp\/v2\/media?parent=40422"}],"wp:term":[{"taxonomy":"product_brand","embeddable":true,"href":"https:\/\/a-pant.ee\/ru\/wp-json\/wp\/v2\/product_brand?post=40422"},{"taxonomy":"product_cat","embeddable":true,"href":"https:\/\/a-pant.ee\/ru\/wp-json\/wp\/v2\/product_cat?post=40422"},{"taxonomy":"product_tag","embeddable":true,"href":"https:\/\/a-pant.ee\/ru\/wp-json\/wp\/v2\/product_tag?post=40422"}],"curies":[{"name":"wp","href":"https:\/\/api.w.org\/{rel}","templated":true}]}}