{"id":40370,"date":"2026-04-23T21:56:23","date_gmt":"2026-04-23T18:56:23","guid":{"rendered":"https:\/\/a-pant.ee\/product\/uglovaya-shlifmashina-makita-ga5030r\/"},"modified":"2026-05-06T16:05:55","modified_gmt":"2026-05-06T13:05:55","slug":"uglovaya-shlifmashina-makita-ga5030r","status":"publish","type":"product","link":"https:\/\/a-pant.ee\/ru\/product\/uglovaya-shlifmashina-makita-ga5030r\/","title":{"rendered":"\u0423\u0433\u043b\u043e\u0432\u0430\u044f \u0448\u043b\u0438\u0444\u043c\u0430\u0448\u0438\u043d\u0430 Makita GA5030R"},"content":{"rendered":"\n<p> Nurklihvija Makita GA5030R\u00a0, t\u00f6\u00f6korras! <\/p><p> KIRJELDUS <\/p><p> V\u00f5imsus 720W, 11000 p\/min. Ketas 125 mm, spindel M14. Kiiruse reguleerimine puudub. Taask\u00e4ivituse kaitse (NVR). Kaal 1.8 kg, kaabel 2.5 m. <\/p>\n","protected":false},"excerpt":{"rendered":"<p>Nurklihvija Makita GA5030R\u00a0, t\u00f6\u00f6korras! KIRJELDUS V\u00f5imsus 720W, 11000 p\/min. Ketas 125 mm, spindel M14. Kiiruse reguleerimine puudub. Taask\u00e4ivituse kaitse (NVR). Kaal 1.8 kg, kaabel 2.5 m.<\/p>\n","protected":false},"featured_media":37974,"comment_status":"closed","ping_status":"open","template":"","meta":{"inline_featured_image":false},"product_brand":[],"product_cat":[235,239],"product_tag":[],"class_list":{"0":"post-40370","1":"product","2":"type-product","3":"status-publish","4":"has-post-thumbnail","6":"product_cat-bolgarki","7":"product_cat-perforatory-i-dreli","8":"pa_asukoht-lasnamae","10":"first","11":"outofstock","12":"taxable","13":"shipping-taxable","14":"purchasable","15":"product-type-simple"},"_links":{"self":[{"href":"https:\/\/a-pant.ee\/ru\/wp-json\/wp\/v2\/product\/40370","targetHints":{"allow":["GET"]}}],"collection":[{"href":"https:\/\/a-pant.ee\/ru\/wp-json\/wp\/v2\/product"}],"about":[{"href":"https:\/\/a-pant.ee\/ru\/wp-json\/wp\/v2\/types\/product"}],"replies":[{"embeddable":true,"href":"https:\/\/a-pant.ee\/ru\/wp-json\/wp\/v2\/comments?post=40370"}],"wp:featuredmedia":[{"embeddable":true,"href":"https:\/\/a-pant.ee\/ru\/wp-json\/wp\/v2\/media\/37974"}],"wp:attachment":[{"href":"https:\/\/a-pant.ee\/ru\/wp-json\/wp\/v2\/media?parent=40370"}],"wp:term":[{"taxonomy":"product_brand","embeddable":true,"href":"https:\/\/a-pant.ee\/ru\/wp-json\/wp\/v2\/product_brand?post=40370"},{"taxonomy":"product_cat","embeddable":true,"href":"https:\/\/a-pant.ee\/ru\/wp-json\/wp\/v2\/product_cat?post=40370"},{"taxonomy":"product_tag","embeddable":true,"href":"https:\/\/a-pant.ee\/ru\/wp-json\/wp\/v2\/product_tag?post=40370"}],"curies":[{"name":"wp","href":"https:\/\/api.w.org\/{rel}","templated":true}]}}