{"id":40329,"date":"2026-04-23T21:55:28","date_gmt":"2026-04-23T18:55:28","guid":{"rendered":"https:\/\/a-pant.ee\/product\/akkumulyatornaya-czirkulyarnaya-pila-makita-dss610-3-0ach-2\/"},"modified":"2026-04-30T09:21:08","modified_gmt":"2026-04-30T06:21:08","slug":"akkumulyatornaya-czirkulyarnaya-pila-makita-dss610-3-0ach-2","status":"publish","type":"product","link":"https:\/\/a-pant.ee\/ru\/product\/akkumulyatornaya-czirkulyarnaya-pila-makita-dss610-3-0ach-2\/","title":{"rendered":"\u0410\u043a\u043a\u0443\u043c\u0443\u043b\u044f\u0442\u043e\u0440\u043d\u0430\u044f \u0426\u0438\u0440\u043a\u0443\u043b\u044f\u0440\u043d\u0430\u044f \u043f\u0438\u043b\u0430  Makita DSS610 + 3.0\u0410\u0447"},"content":{"rendered":"\n<p><strong> Akuketassaag Makita DSS610 + 3.0Ah <\/strong> , t\u00f6\u00f6korras! <\/p><p> KIRJELDUS <\/p><ul><li> T\u00fc\u00fcp: akuketassaag. <\/li><li> Toide: 18 V Li-ion aku 3.0 Ah (komplektis). <\/li><li> Saeketta l\u00e4bim\u00f5\u00f5t: 165 mm. <\/li><li> P\u00f6\u00f6rlemiskiirus: ca 3700 p\/min. <\/li><li> Maksimaalne l\u00f5ikes\u00fcgavus: kuni 57 mm 90\u00b0 juures. <\/li><li> L\u00f5ikes\u00fcgavus 45\u00b0 juures: 40 mm. <\/li><li> Kallutusv\u00f5ime: kuni 50\u00b0. <\/li><li> LED-valgustus t\u00f6\u00f6alale ja tolmueemaldusotsik parema n\u00e4htavuse ja l\u00f5ikejoone j\u00e4lgimise jaoks. <\/li><li> Kummist k\u00e4epide tagab kindla haarde. <\/li><li> Aku kaitses\u00fcsteem aitab pikendada aku eluiga. <\/li><\/ul><p> See ketassaag on kerge ja h\u00e4sti k\u00e4sitsetav, sobib nii igap\u00e4evat\u00f6\u00f6deks kui ka t\u00f5siseks kasutamiseks <\/p>\n","protected":false},"excerpt":{"rendered":"<p>Akuketassaag Makita DSS610 + 3.0Ah , t\u00f6\u00f6korras! KIRJELDUS T\u00fc\u00fcp: akuketassaag. Toide: 18 V Li-ion aku 3.0 Ah (komplektis). Saeketta l\u00e4bim\u00f5\u00f5t: 165 mm. P\u00f6\u00f6rlemiskiirus: ca 3700 p\/min. Maksimaalne l\u00f5ikes\u00fcgavus: kuni 57 mm 90\u00b0 juures. L\u00f5ikes\u00fcgavus 45\u00b0 juures: 40 mm. Kallutusv\u00f5ime: kuni 50\u00b0. LED-valgustus t\u00f6\u00f6alale ja tolmueemaldusotsik parema n\u00e4htavuse ja l\u00f5ikejoone j\u00e4lgimise jaoks. Kummist k\u00e4epide tagab kindla [&hellip;]<\/p>\n","protected":false},"featured_media":37933,"comment_status":"closed","ping_status":"closed","template":"","meta":{"inline_featured_image":false},"product_brand":[],"product_cat":[230],"product_tag":[],"class_list":{"0":"post-40329","1":"product","2":"type-product","3":"status-publish","4":"has-post-thumbnail","6":"product_cat-czirkulyarnye-pily","7":"pa_asukoht-lasnamae","9":"first","10":"outofstock","11":"taxable","12":"shipping-taxable","13":"purchasable","14":"product-type-simple"},"_links":{"self":[{"href":"https:\/\/a-pant.ee\/ru\/wp-json\/wp\/v2\/product\/40329","targetHints":{"allow":["GET"]}}],"collection":[{"href":"https:\/\/a-pant.ee\/ru\/wp-json\/wp\/v2\/product"}],"about":[{"href":"https:\/\/a-pant.ee\/ru\/wp-json\/wp\/v2\/types\/product"}],"replies":[{"embeddable":true,"href":"https:\/\/a-pant.ee\/ru\/wp-json\/wp\/v2\/comments?post=40329"}],"wp:featuredmedia":[{"embeddable":true,"href":"https:\/\/a-pant.ee\/ru\/wp-json\/wp\/v2\/media\/37933"}],"wp:attachment":[{"href":"https:\/\/a-pant.ee\/ru\/wp-json\/wp\/v2\/media?parent=40329"}],"wp:term":[{"taxonomy":"product_brand","embeddable":true,"href":"https:\/\/a-pant.ee\/ru\/wp-json\/wp\/v2\/product_brand?post=40329"},{"taxonomy":"product_cat","embeddable":true,"href":"https:\/\/a-pant.ee\/ru\/wp-json\/wp\/v2\/product_cat?post=40329"},{"taxonomy":"product_tag","embeddable":true,"href":"https:\/\/a-pant.ee\/ru\/wp-json\/wp\/v2\/product_tag?post=40329"}],"curies":[{"name":"wp","href":"https:\/\/api.w.org\/{rel}","templated":true}]}}