{"id":40289,"date":"2026-04-23T21:54:15","date_gmt":"2026-04-23T18:54:15","guid":{"rendered":"https:\/\/a-pant.ee\/product\/bluetooth-kolonka-sonara-d-fruit-df139-korobka\/"},"modified":"2026-04-30T09:19:02","modified_gmt":"2026-04-30T06:19:02","slug":"bluetooth-kolonka-sonara-d-fruit-df139-korobka","status":"publish","type":"product","link":"https:\/\/a-pant.ee\/ru\/product\/bluetooth-kolonka-sonara-d-fruit-df139-korobka\/","title":{"rendered":"Bluetooth \u043a\u043e\u043b\u043e\u043d\u043a\u0430 Sonara D-Fruit DF139 + \u043a\u043e\u0440\u043e\u0431\u043a\u0430"},"content":{"rendered":"\n<p> Bluetooth k\u00f5lar Sonara D-Fruit DF139 + karp\u00a0, heas seisu- ja t\u00f6\u00f6korras! <\/p><p> KIRJELDUS <\/p><p> D-Fruit Sonara kaasaskantav Bluetooth k\u00f5lar on suurep\u00e4rane valik muusika ja podcastide kuulamiseks igal ajal ja igal pool. T\u00e4nu juhtmevabale \u00fchendusele saad selle kiirelt \u00fchendada oma telefoni, tahvelarvuti v\u00f5i s\u00fclearvutiga ning nautida muusikat ilma t\u00fclikate juhtmeteta <\/p>\n","protected":false},"excerpt":{"rendered":"<p>Bluetooth k\u00f5lar Sonara D-Fruit DF139 + karp\u00a0, heas seisu- ja t\u00f6\u00f6korras! KIRJELDUS D-Fruit Sonara kaasaskantav Bluetooth k\u00f5lar on suurep\u00e4rane valik muusika ja podcastide kuulamiseks igal ajal ja igal pool. T\u00e4nu juhtmevabale \u00fchendusele saad selle kiirelt \u00fchendada oma telefoni, tahvelarvuti v\u00f5i s\u00fclearvutiga ning nautida muusikat ilma t\u00fclikate juhtmeteta<\/p>\n","protected":false},"featured_media":37893,"comment_status":"closed","ping_status":"closed","template":"","meta":{"inline_featured_image":false},"product_brand":[],"product_cat":[167],"product_tag":[],"class_list":{"0":"post-40289","1":"product","2":"type-product","3":"status-publish","4":"has-post-thumbnail","6":"product_cat-kolonki","7":"pa_asukoht-lasnamae","9":"first","10":"outofstock","11":"taxable","12":"shipping-taxable","13":"purchasable","14":"product-type-simple"},"_links":{"self":[{"href":"https:\/\/a-pant.ee\/ru\/wp-json\/wp\/v2\/product\/40289","targetHints":{"allow":["GET"]}}],"collection":[{"href":"https:\/\/a-pant.ee\/ru\/wp-json\/wp\/v2\/product"}],"about":[{"href":"https:\/\/a-pant.ee\/ru\/wp-json\/wp\/v2\/types\/product"}],"replies":[{"embeddable":true,"href":"https:\/\/a-pant.ee\/ru\/wp-json\/wp\/v2\/comments?post=40289"}],"wp:featuredmedia":[{"embeddable":true,"href":"https:\/\/a-pant.ee\/ru\/wp-json\/wp\/v2\/media\/37893"}],"wp:attachment":[{"href":"https:\/\/a-pant.ee\/ru\/wp-json\/wp\/v2\/media?parent=40289"}],"wp:term":[{"taxonomy":"product_brand","embeddable":true,"href":"https:\/\/a-pant.ee\/ru\/wp-json\/wp\/v2\/product_brand?post=40289"},{"taxonomy":"product_cat","embeddable":true,"href":"https:\/\/a-pant.ee\/ru\/wp-json\/wp\/v2\/product_cat?post=40289"},{"taxonomy":"product_tag","embeddable":true,"href":"https:\/\/a-pant.ee\/ru\/wp-json\/wp\/v2\/product_tag?post=40289"}],"curies":[{"name":"wp","href":"https:\/\/api.w.org\/{rel}","templated":true}]}}