{"id":40282,"date":"2026-04-23T21:53:53","date_gmt":"2026-04-23T18:53:53","guid":{"rendered":"https:\/\/a-pant.ee\/product\/bluetooth-naushniki-shure-se215-chehol-korobka-chek\/"},"modified":"2026-04-30T09:19:47","modified_gmt":"2026-04-30T06:19:47","slug":"bluetooth-naushniki-shure-se215-chehol-korobka-chek","status":"publish","type":"product","link":"https:\/\/a-pant.ee\/ru\/product\/bluetooth-naushniki-shure-se215-chehol-korobka-chek\/","title":{"rendered":"Bluetooth \u043d\u0430\u0443\u0448\u043d\u0438\u043a\u0438 Shure SE215 + \u0447\u0435\u0445\u043e\u043b + \u043a\u043e\u0440\u043e\u0431\u043a\u0430 + \u0447\u0435\u043a"},"content":{"rendered":"\n<p> Bluetooth k\u00f5rvaklapid Shure SE215 + kott + karp + tsekk\u00a0, heas seisu- ja t\u00f6\u00f6korras! <\/p><p> KIRJELDUS <\/p><p> Tootja: Shure <\/p><ul><li> Toote kood: SE215-CL-EFS <\/li><li> Takistus: 20 oomi <\/li><li> R\u00f5hk (SPL): 107 dB <\/li><li> Sagedusvahemik: 22 &#8212; 17 500 Hz <\/li><li> L\u00e4bipaistev k\u00f5rvaklappide korpus <\/li><li> Kaabli pikkus: 162 cm <\/li><li> Kullatud 3,5 mm stereopesa <\/li><li> Eemaldatav thomann 360\u00b0 p\u00f6\u00f6rlev kaabel <\/li><li> Komplektis: K\u00f5rvapadjad ja tugev korpus <\/li><li> Vahetatavad k\u00f5rvapadjad: EABKF1, EASFX1 <\/li><li> Asenduskaabel EAC64 (ei kuulu komplekti) <\/li><\/ul>\n","protected":false},"excerpt":{"rendered":"<p>Bluetooth k\u00f5rvaklapid Shure SE215 + kott + karp + tsekk\u00a0, heas seisu- ja t\u00f6\u00f6korras! KIRJELDUS Tootja: Shure Toote kood: SE215-CL-EFS Takistus: 20 oomi R\u00f5hk (SPL): 107 dB Sagedusvahemik: 22 &#8212; 17 500 Hz L\u00e4bipaistev k\u00f5rvaklappide korpus Kaabli pikkus: 162 cm Kullatud 3,5 mm stereopesa Eemaldatav thomann 360\u00b0 p\u00f6\u00f6rlev kaabel Komplektis: K\u00f5rvapadjad ja tugev korpus Vahetatavad [&hellip;]<\/p>\n","protected":false},"featured_media":37886,"comment_status":"closed","ping_status":"closed","template":"","meta":{"inline_featured_image":false},"product_brand":[],"product_cat":[168],"product_tag":[],"class_list":{"0":"post-40282","1":"product","2":"type-product","3":"status-publish","4":"has-post-thumbnail","6":"product_cat-naushniki","7":"pa_asukoht-lasnamae","9":"first","10":"outofstock","11":"taxable","12":"shipping-taxable","13":"purchasable","14":"product-type-simple"},"_links":{"self":[{"href":"https:\/\/a-pant.ee\/ru\/wp-json\/wp\/v2\/product\/40282","targetHints":{"allow":["GET"]}}],"collection":[{"href":"https:\/\/a-pant.ee\/ru\/wp-json\/wp\/v2\/product"}],"about":[{"href":"https:\/\/a-pant.ee\/ru\/wp-json\/wp\/v2\/types\/product"}],"replies":[{"embeddable":true,"href":"https:\/\/a-pant.ee\/ru\/wp-json\/wp\/v2\/comments?post=40282"}],"wp:featuredmedia":[{"embeddable":true,"href":"https:\/\/a-pant.ee\/ru\/wp-json\/wp\/v2\/media\/37886"}],"wp:attachment":[{"href":"https:\/\/a-pant.ee\/ru\/wp-json\/wp\/v2\/media?parent=40282"}],"wp:term":[{"taxonomy":"product_brand","embeddable":true,"href":"https:\/\/a-pant.ee\/ru\/wp-json\/wp\/v2\/product_brand?post=40282"},{"taxonomy":"product_cat","embeddable":true,"href":"https:\/\/a-pant.ee\/ru\/wp-json\/wp\/v2\/product_cat?post=40282"},{"taxonomy":"product_tag","embeddable":true,"href":"https:\/\/a-pant.ee\/ru\/wp-json\/wp\/v2\/product_tag?post=40282"}],"curies":[{"name":"wp","href":"https:\/\/api.w.org\/{rel}","templated":true}]}}