{"id":40243,"date":"2026-04-23T21:52:53","date_gmt":"2026-04-23T18:52:53","guid":{"rendered":"https:\/\/a-pant.ee\/product\/bluetooth-naushniki-airpods-pro-2-gen-dok\/"},"modified":"2026-04-30T09:24:19","modified_gmt":"2026-04-30T06:24:19","slug":"bluetooth-naushniki-airpods-pro-2-gen-dok","status":"publish","type":"product","link":"https:\/\/a-pant.ee\/ru\/product\/bluetooth-naushniki-airpods-pro-2-gen-dok\/","title":{"rendered":"Bluetooth \u043d\u0430\u0443\u0448\u043d\u0438\u043a\u0438 Airpods Pro 2 gen + \u0434\u043e\u043a"},"content":{"rendered":"\n<p> Bluetooth k\u00f5rvaklapid Airpods Pro 2 gen + dok\u00a0, heas seisu- ja t\u00f6\u00f6korras! <\/p><p> KIRJELDUS <\/p><p> Uued AirPods Pro (2022) k\u00f5rvasisesed k\u00f5rvaklapid pakuvad selgeid noote, teravaid k\u00f5rgeid helisid ja s\u00fcgavaid basse k\u00f5igil helitugevuse tasemetel. J\u00e4rgmise p\u00f5lvkonna aktiivne m\u00fcrasummutus koos adaptiivse l\u00e4bikuuldavuse re\u017eiimiga v\u00e4hendab rohkem taustam\u00fcrasid. Sisseehitatud Apple H2 kiip tagab efektiivsema m\u00fcrasummutuse, suurep\u00e4rase kolmem\u00f5\u00f5tmelise heli ja pikema aku kestvuse. K\u00f5rvaklapid summutavad m\u00fcra kuni kaks korda paremini kui eelmine Apple AirPods Pro mudel. \u00dcmberkujundatud sissepoole suunatud mikrofon t\u00f6\u00f6tab koos h\u00e4\u00e4leparandusalgoritmidega, et su h\u00e4\u00e4l k\u00f5laks telefoni- ja videok\u00f5nede ajal loomulikumalt. Klappide uuenduslik puutetundlik sensor aitab reguleerida heli \u00fche viipega k\u00f5rvaklapi pealt. Juhtmeta laadimiskarp tagab AirPods Pro (2022) aku t\u00f6\u00f6ea kauemaks kuni 30 tunniks. Laadimiskarpi on v\u00f5imalik laadida k\u00f5ikidel Apple Watch v\u00f5i MagSafe juhtmevabadel laadijatel, QI-standardiga laadimisalustel v\u00f5i vajadusel ka tavap\u00e4raselt Lightning juhtmega. Juhul kui oled laadimiskarbi \u00e4ra kaotanud, siis saad selle oma iPhone\u2019i \u00e4ppist \u00fcles leida. Lisaks on laadimiskarbil ka k\u00f5lar, mille saad aktiveerida, kui karp kaotsi l\u00e4heb. <\/p><ul><li> Aktiivne m\u00fcrasummutus blokeerib v\u00e4lise m\u00fcra, kuid olemas ka re\u017eiim helide l\u00e4bi laskmiseks. <\/li><li> Spatial Audio funktsioon, mis muudab heli ruumiliseks. <\/li><li> Juhtmevaba laadimiskarbiga j\u00e4tkub muusikaelamusi kuni 30 tunniks. <\/li><li> Kuni 6 tundi kuulamisaega \u00fche laadimisega. <\/li><li> IPX4 higi- ja veekindlus. <\/li><li> Erineva suurusega ja kergelt paigaldatavad silikoonotsikud tagavad suurep\u00e4rase sobivuse k\u00f5rvaga. <\/li><\/ul>\n","protected":false},"excerpt":{"rendered":"<p>Bluetooth k\u00f5rvaklapid Airpods Pro 2 gen + dok\u00a0, heas seisu- ja t\u00f6\u00f6korras! KIRJELDUS Uued AirPods Pro (2022) k\u00f5rvasisesed k\u00f5rvaklapid pakuvad selgeid noote, teravaid k\u00f5rgeid helisid ja s\u00fcgavaid basse k\u00f5igil helitugevuse tasemetel. J\u00e4rgmise p\u00f5lvkonna aktiivne m\u00fcrasummutus koos adaptiivse l\u00e4bikuuldavuse re\u017eiimiga v\u00e4hendab rohkem taustam\u00fcrasid. Sisseehitatud Apple H2 kiip tagab efektiivsema m\u00fcrasummutuse, suurep\u00e4rase kolmem\u00f5\u00f5tmelise heli ja pikema aku [&hellip;]<\/p>\n","protected":false},"featured_media":37847,"comment_status":"closed","ping_status":"closed","template":"","meta":{"inline_featured_image":false},"product_brand":[],"product_cat":[168],"product_tag":[],"class_list":{"0":"post-40243","1":"product","2":"type-product","3":"status-publish","4":"has-post-thumbnail","6":"product_cat-naushniki","7":"pa_asukoht-lasnamae","9":"first","10":"outofstock","11":"taxable","12":"shipping-taxable","13":"purchasable","14":"product-type-simple"},"_links":{"self":[{"href":"https:\/\/a-pant.ee\/ru\/wp-json\/wp\/v2\/product\/40243","targetHints":{"allow":["GET"]}}],"collection":[{"href":"https:\/\/a-pant.ee\/ru\/wp-json\/wp\/v2\/product"}],"about":[{"href":"https:\/\/a-pant.ee\/ru\/wp-json\/wp\/v2\/types\/product"}],"replies":[{"embeddable":true,"href":"https:\/\/a-pant.ee\/ru\/wp-json\/wp\/v2\/comments?post=40243"}],"wp:featuredmedia":[{"embeddable":true,"href":"https:\/\/a-pant.ee\/ru\/wp-json\/wp\/v2\/media\/37847"}],"wp:attachment":[{"href":"https:\/\/a-pant.ee\/ru\/wp-json\/wp\/v2\/media?parent=40243"}],"wp:term":[{"taxonomy":"product_brand","embeddable":true,"href":"https:\/\/a-pant.ee\/ru\/wp-json\/wp\/v2\/product_brand?post=40243"},{"taxonomy":"product_cat","embeddable":true,"href":"https:\/\/a-pant.ee\/ru\/wp-json\/wp\/v2\/product_cat?post=40243"},{"taxonomy":"product_tag","embeddable":true,"href":"https:\/\/a-pant.ee\/ru\/wp-json\/wp\/v2\/product_tag?post=40243"}],"curies":[{"name":"wp","href":"https:\/\/api.w.org\/{rel}","templated":true}]}}