{"id":40231,"date":"2026-04-23T21:52:35","date_gmt":"2026-04-23T18:52:35","guid":{"rendered":"https:\/\/a-pant.ee\/product\/paverbank-sandberg-10000mah\/"},"modified":"2026-05-08T19:20:09","modified_gmt":"2026-05-08T16:20:09","slug":"paverbank-sandberg-10000mah","status":"publish","type":"product","link":"https:\/\/a-pant.ee\/ru\/product\/paverbank-sandberg-10000mah\/","title":{"rendered":"\u041f\u0430\u0432\u0435\u0440\u0431\u0430\u043d\u043a Sandberg 10000Mah"},"content":{"rendered":"\n<p> Akupank Sandberg 10000Mah, heas seisu- ja t\u00f6\u00f6korras! <\/p><p> KIRJELDUS <\/p><ul><li> T\u00fc\u00fcp: v\u00e4line aku (powerbank) <\/li><li> Mahtuvus: 10000 mAh (37 Wh) <\/li><li> Aku t\u00fc\u00fcp: Li-ion <\/li><li> Kiirlaadimine: Power Delivery kuni 20 W <\/li><li> Micro USB sisend: 5V\/2A, 9V\/2A, 12V\/1.5A <\/li><li> USB-C sisend: kuni 18 W <\/li><li> USB-C v\u00e4ljund: kuni 20 W (PD) <\/li><li> USB-A v\u00e4ljundid (2 tk): kuni 22.5 W <\/li><li> V\u00f5imaldab laadida mitut seadet korraga <\/li><li> Toetab l\u00e4bivoolu laadimist (power-through) <\/li><li> Laetuse taseme indikaator <\/li><li> M\u00f5\u00f5dud: 143 \u00d7 66 \u00d7 15 mm <\/li><li> Kaal: umbes 250 g <\/li><\/ul>\n","protected":false},"excerpt":{"rendered":"<p>Akupank Sandberg 10000Mah, heas seisu- ja t\u00f6\u00f6korras! KIRJELDUS T\u00fc\u00fcp: v\u00e4line aku (powerbank) Mahtuvus: 10000 mAh (37 Wh) Aku t\u00fc\u00fcp: Li-ion Kiirlaadimine: Power Delivery kuni 20 W Micro USB sisend: 5V\/2A, 9V\/2A, 12V\/1.5A USB-C sisend: kuni 18 W USB-C v\u00e4ljund: kuni 20 W (PD) USB-A v\u00e4ljundid (2 tk): kuni 22.5 W V\u00f5imaldab laadida mitut seadet korraga [&hellip;]<\/p>\n","protected":false},"featured_media":37835,"comment_status":"closed","ping_status":"closed","template":"","meta":{"inline_featured_image":false},"product_brand":[],"product_cat":[172],"product_tag":[],"class_list":{"0":"post-40231","1":"product","2":"type-product","3":"status-publish","4":"has-post-thumbnail","6":"product_cat-vse-dlya-telefonov","7":"pa_asukoht-mustamae","9":"first","10":"outofstock","11":"taxable","12":"shipping-taxable","13":"purchasable","14":"product-type-simple"},"_links":{"self":[{"href":"https:\/\/a-pant.ee\/ru\/wp-json\/wp\/v2\/product\/40231","targetHints":{"allow":["GET"]}}],"collection":[{"href":"https:\/\/a-pant.ee\/ru\/wp-json\/wp\/v2\/product"}],"about":[{"href":"https:\/\/a-pant.ee\/ru\/wp-json\/wp\/v2\/types\/product"}],"replies":[{"embeddable":true,"href":"https:\/\/a-pant.ee\/ru\/wp-json\/wp\/v2\/comments?post=40231"}],"wp:featuredmedia":[{"embeddable":true,"href":"https:\/\/a-pant.ee\/ru\/wp-json\/wp\/v2\/media\/37835"}],"wp:attachment":[{"href":"https:\/\/a-pant.ee\/ru\/wp-json\/wp\/v2\/media?parent=40231"}],"wp:term":[{"taxonomy":"product_brand","embeddable":true,"href":"https:\/\/a-pant.ee\/ru\/wp-json\/wp\/v2\/product_brand?post=40231"},{"taxonomy":"product_cat","embeddable":true,"href":"https:\/\/a-pant.ee\/ru\/wp-json\/wp\/v2\/product_cat?post=40231"},{"taxonomy":"product_tag","embeddable":true,"href":"https:\/\/a-pant.ee\/ru\/wp-json\/wp\/v2\/product_tag?post=40231"}],"curies":[{"name":"wp","href":"https:\/\/api.w.org\/{rel}","templated":true}]}}