{"id":40220,"date":"2026-04-23T21:52:18","date_gmt":"2026-04-23T18:52:18","guid":{"rendered":"https:\/\/a-pant.ee\/product\/akkumulyator-makita-bl1850b-50ach\/"},"modified":"2026-05-07T15:44:32","modified_gmt":"2026-05-07T12:44:32","slug":"akkumulyator-makita-bl1850b-50ach","status":"publish","type":"product","link":"https:\/\/a-pant.ee\/ru\/product\/akkumulyator-makita-bl1850b-50ach\/","title":{"rendered":"\u0410\u043a\u043a\u0443\u043c\u0443\u043b\u044f\u0442\u043e\u0440 Makita BL1850b 5,0\u0410\u0427"},"content":{"rendered":"\n<p> Aku Makita BL1850b 5,0AH, heas seisu- ja t\u00f6\u00f6korras! <\/p><p> KIRJELDUS <\/p><ul><li> T\u00fc\u00fcp: aku t\u00f6\u00f6riistadele <\/li><li> Pinge: 18 V <\/li><li> Mahtuvus: 5.0 Ah <\/li><li> Energiamaht: 90 Wh <\/li><li> Aku t\u00fc\u00fcp: Li-ion <\/li><li> Laadimisaeg: umbes 45 min (kiirlaadimine) <\/li><li> \u00dchilduvus: Makita 18V LXT s\u00fcsteem <\/li><li> LED laetuse indikaator <\/li><li> Aku kaitses\u00fcsteem (\u00fclekoormus, \u00fclekuumenemine, t\u00fchjenemine) <\/li><li> L\u00f6\u00f6gikindel korpus <\/li><li> Stabiilne t\u00f6\u00f6 ka madalatel ja k\u00f5rgetel temperatuuridel <\/li><li> STAR Protection tehnoloogia <\/li><li> Madal iset\u00fchjenemine <\/li><li> M\u00f5\u00f5dud: 113 \u00d7 75 \u00d7 62 mm <\/li><\/ul>\n","protected":false},"excerpt":{"rendered":"<p>Aku Makita BL1850b 5,0AH, heas seisu- ja t\u00f6\u00f6korras! KIRJELDUS T\u00fc\u00fcp: aku t\u00f6\u00f6riistadele Pinge: 18 V Mahtuvus: 5.0 Ah Energiamaht: 90 Wh Aku t\u00fc\u00fcp: Li-ion Laadimisaeg: umbes 45 min (kiirlaadimine) \u00dchilduvus: Makita 18V LXT s\u00fcsteem LED laetuse indikaator Aku kaitses\u00fcsteem (\u00fclekoormus, \u00fclekuumenemine, t\u00fchjenemine) L\u00f6\u00f6gikindel korpus Stabiilne t\u00f6\u00f6 ka madalatel ja k\u00f5rgetel temperatuuridel STAR Protection tehnoloogia Madal [&hellip;]<\/p>\n","protected":false},"featured_media":37824,"comment_status":"closed","ping_status":"closed","template":"","meta":{"inline_featured_image":false},"product_brand":[],"product_cat":[223],"product_tag":[],"class_list":{"0":"post-40220","1":"product","2":"type-product","3":"status-publish","4":"has-post-thumbnail","6":"product_cat-vsyo-dlya-instrumenta","7":"pa_asukoht-mustamae","9":"first","10":"outofstock","11":"taxable","12":"shipping-taxable","13":"purchasable","14":"product-type-simple"},"_links":{"self":[{"href":"https:\/\/a-pant.ee\/ru\/wp-json\/wp\/v2\/product\/40220","targetHints":{"allow":["GET"]}}],"collection":[{"href":"https:\/\/a-pant.ee\/ru\/wp-json\/wp\/v2\/product"}],"about":[{"href":"https:\/\/a-pant.ee\/ru\/wp-json\/wp\/v2\/types\/product"}],"replies":[{"embeddable":true,"href":"https:\/\/a-pant.ee\/ru\/wp-json\/wp\/v2\/comments?post=40220"}],"wp:featuredmedia":[{"embeddable":true,"href":"https:\/\/a-pant.ee\/ru\/wp-json\/wp\/v2\/media\/37824"}],"wp:attachment":[{"href":"https:\/\/a-pant.ee\/ru\/wp-json\/wp\/v2\/media?parent=40220"}],"wp:term":[{"taxonomy":"product_brand","embeddable":true,"href":"https:\/\/a-pant.ee\/ru\/wp-json\/wp\/v2\/product_brand?post=40220"},{"taxonomy":"product_cat","embeddable":true,"href":"https:\/\/a-pant.ee\/ru\/wp-json\/wp\/v2\/product_cat?post=40220"},{"taxonomy":"product_tag","embeddable":true,"href":"https:\/\/a-pant.ee\/ru\/wp-json\/wp\/v2\/product_tag?post=40220"}],"curies":[{"name":"wp","href":"https:\/\/api.w.org\/{rel}","templated":true}]}}