{"id":40214,"date":"2026-04-23T21:52:18","date_gmt":"2026-04-23T18:52:18","guid":{"rendered":"https:\/\/a-pant.ee\/product\/zaryadka-makita-dc18rc-2\/"},"modified":"2026-04-30T13:55:42","modified_gmt":"2026-04-30T10:55:42","slug":"zaryadka-makita-dc18rc-2","status":"publish","type":"product","link":"https:\/\/a-pant.ee\/ru\/product\/zaryadka-makita-dc18rc-2\/","title":{"rendered":"\u0417\u0430\u0440\u044f\u0434\u043a\u0430 Makita DC18RC"},"content":{"rendered":"\n<p> Laadija Makita DC18RC, heas seisu- ja t\u00f6\u00f6korras! <\/p><p> KIRJELDUS <\/p><ul><li> T\u00fc\u00fcp: akulaadija <\/li><li> Aku pinge: 14.4\u201318 V <\/li><li> Aku t\u00fc\u00fcp: Li-ion (LXT) <\/li><li> Kiirlaadija (Rapid Charger) <\/li><li> Laadimisaeg: umbes 15\u201355 min (s\u00f5ltuvalt aku mahust) <\/li><li> Jahutuss\u00fcsteem: sisseehitatud ventilaator (aktiivne jahutus) <\/li><li> Nutikas laadimine (pinge, voolu ja temperatuuri kontroll) <\/li><li> Suhtlus aku kiibiga, et pikendada aku eluiga <\/li><li> Laadimisoleku ja protsessi indikaator <\/li><li> V\u00f5imsus: umbes 240 W <\/li><li> Kaabli pikkus: umbes 2 m <\/li><li> M\u00f5\u00f5dud: 156 \u00d7 190 \u00d7 84 mm <\/li><li> Kaal: umbes 0.75 kg <\/li><\/ul>\n","protected":false},"excerpt":{"rendered":"<p>Laadija Makita DC18RC, heas seisu- ja t\u00f6\u00f6korras! KIRJELDUS T\u00fc\u00fcp: akulaadija Aku pinge: 14.4\u201318 V Aku t\u00fc\u00fcp: Li-ion (LXT) Kiirlaadija (Rapid Charger) Laadimisaeg: umbes 15\u201355 min (s\u00f5ltuvalt aku mahust) Jahutuss\u00fcsteem: sisseehitatud ventilaator (aktiivne jahutus) Nutikas laadimine (pinge, voolu ja temperatuuri kontroll) Suhtlus aku kiibiga, et pikendada aku eluiga Laadimisoleku ja protsessi indikaator V\u00f5imsus: umbes 240 W [&hellip;]<\/p>\n","protected":false},"featured_media":37818,"comment_status":"closed","ping_status":"closed","template":"","meta":{"inline_featured_image":false},"product_brand":[],"product_cat":[223],"product_tag":[],"class_list":{"0":"post-40214","1":"product","2":"type-product","3":"status-publish","4":"has-post-thumbnail","6":"product_cat-vsyo-dlya-instrumenta","7":"pa_asukoht-mustamae","9":"first","10":"outofstock","11":"taxable","12":"shipping-taxable","13":"purchasable","14":"product-type-simple"},"_links":{"self":[{"href":"https:\/\/a-pant.ee\/ru\/wp-json\/wp\/v2\/product\/40214","targetHints":{"allow":["GET"]}}],"collection":[{"href":"https:\/\/a-pant.ee\/ru\/wp-json\/wp\/v2\/product"}],"about":[{"href":"https:\/\/a-pant.ee\/ru\/wp-json\/wp\/v2\/types\/product"}],"replies":[{"embeddable":true,"href":"https:\/\/a-pant.ee\/ru\/wp-json\/wp\/v2\/comments?post=40214"}],"wp:featuredmedia":[{"embeddable":true,"href":"https:\/\/a-pant.ee\/ru\/wp-json\/wp\/v2\/media\/37818"}],"wp:attachment":[{"href":"https:\/\/a-pant.ee\/ru\/wp-json\/wp\/v2\/media?parent=40214"}],"wp:term":[{"taxonomy":"product_brand","embeddable":true,"href":"https:\/\/a-pant.ee\/ru\/wp-json\/wp\/v2\/product_brand?post=40214"},{"taxonomy":"product_cat","embeddable":true,"href":"https:\/\/a-pant.ee\/ru\/wp-json\/wp\/v2\/product_cat?post=40214"},{"taxonomy":"product_tag","embeddable":true,"href":"https:\/\/a-pant.ee\/ru\/wp-json\/wp\/v2\/product_tag?post=40214"}],"curies":[{"name":"wp","href":"https:\/\/api.w.org\/{rel}","templated":true}]}}