{"id":40183,"date":"2026-04-23T21:51:11","date_gmt":"2026-04-23T18:51:11","guid":{"rendered":"https:\/\/a-pant.ee\/product\/bluetooth-naushniki-apple-airpods-pro-gen-2\/"},"modified":"2026-04-30T11:39:05","modified_gmt":"2026-04-30T08:39:05","slug":"bluetooth-naushniki-apple-airpods-pro-gen-2","status":"publish","type":"product","link":"https:\/\/a-pant.ee\/ru\/product\/bluetooth-naushniki-apple-airpods-pro-gen-2\/","title":{"rendered":"Bluetooth \u043d\u0430\u0443\u0448\u043d\u0438\u043a\u0438  Apple Airpods Pro Gen 2"},"content":{"rendered":"\n<p><strong> Bluetooth k\u00f5rvaklapid Apple Airpods Pro Gen 2 <\/strong> , heas seisu- ja t\u00f6\u00f6korras! <\/p><p> KIRJELDUS <\/p><p> Bluetoothi \u200b\u200bversioon: 5.3 <\/p><p> Kiirlaadimine: 5-minutiline laadimine \u00fcmbrises tagab 1 tunni kasutusaja <\/p><p> Seadme t\u00fc\u00fcp: juhtmevabad k\u00f5rvaklapid <\/p><p> Tehnoloogia: d\u00fcnaamiline <\/p><p> Kaal (\u00fcks k\u00f5rvaklapp): 5,3 g <\/p><p> Aktiivne m\u00fcrasummutus (ANC): <\/p><p> Kinnitust\u00fc\u00fcp: &#171;aas&#187; korpuse k\u00fclge kinnitamiseks <\/p><p> Akustilise kujunduse t\u00fc\u00fcp: suletud <\/p><p> Disaini omadused: mikrofon, niiskuskaitse <\/p><p> Kaitseklass (IP): IPX4 <\/p><p> T\u00f6\u00f6aeg: 6 h <\/p><p> Aku eluiga korpuses: 30 tundi <\/p><p> Protsessor: Apple H2 <\/p><p> Laadimiskorpuse laius: 21,8 mm <\/p><p> Laadimiskorpuse k\u00f5rgus: 30,9 mm <\/p><p> Laadimiskorpuse s\u00fcgavus: 24,0 mm <\/p><p> Korpuse laadimise t\u00fc\u00fcp: usb, juhtmevaba laadimine <\/p><p> \u00a0 <\/p>\n","protected":false},"excerpt":{"rendered":"<p>Bluetooth k\u00f5rvaklapid Apple Airpods Pro Gen 2 , heas seisu- ja t\u00f6\u00f6korras! KIRJELDUS Bluetoothi \u200b\u200bversioon: 5.3 Kiirlaadimine: 5-minutiline laadimine \u00fcmbrises tagab 1 tunni kasutusaja Seadme t\u00fc\u00fcp: juhtmevabad k\u00f5rvaklapid Tehnoloogia: d\u00fcnaamiline Kaal (\u00fcks k\u00f5rvaklapp): 5,3 g Aktiivne m\u00fcrasummutus (ANC): Kinnitust\u00fc\u00fcp: &#171;aas&#187; korpuse k\u00fclge kinnitamiseks Akustilise kujunduse t\u00fc\u00fcp: suletud Disaini omadused: mikrofon, niiskuskaitse Kaitseklass (IP): IPX4 T\u00f6\u00f6aeg: [&hellip;]<\/p>\n","protected":false},"featured_media":37787,"comment_status":"closed","ping_status":"closed","template":"","meta":{"inline_featured_image":false},"product_brand":[],"product_cat":[168],"product_tag":[],"class_list":{"0":"post-40183","1":"product","2":"type-product","3":"status-publish","4":"has-post-thumbnail","6":"product_cat-naushniki","7":"pa_asukoht-lasnamae","9":"first","10":"outofstock","11":"taxable","12":"shipping-taxable","13":"purchasable","14":"product-type-simple"},"_links":{"self":[{"href":"https:\/\/a-pant.ee\/ru\/wp-json\/wp\/v2\/product\/40183","targetHints":{"allow":["GET"]}}],"collection":[{"href":"https:\/\/a-pant.ee\/ru\/wp-json\/wp\/v2\/product"}],"about":[{"href":"https:\/\/a-pant.ee\/ru\/wp-json\/wp\/v2\/types\/product"}],"replies":[{"embeddable":true,"href":"https:\/\/a-pant.ee\/ru\/wp-json\/wp\/v2\/comments?post=40183"}],"wp:featuredmedia":[{"embeddable":true,"href":"https:\/\/a-pant.ee\/ru\/wp-json\/wp\/v2\/media\/37787"}],"wp:attachment":[{"href":"https:\/\/a-pant.ee\/ru\/wp-json\/wp\/v2\/media?parent=40183"}],"wp:term":[{"taxonomy":"product_brand","embeddable":true,"href":"https:\/\/a-pant.ee\/ru\/wp-json\/wp\/v2\/product_brand?post=40183"},{"taxonomy":"product_cat","embeddable":true,"href":"https:\/\/a-pant.ee\/ru\/wp-json\/wp\/v2\/product_cat?post=40183"},{"taxonomy":"product_tag","embeddable":true,"href":"https:\/\/a-pant.ee\/ru\/wp-json\/wp\/v2\/product_tag?post=40183"}],"curies":[{"name":"wp","href":"https:\/\/api.w.org\/{rel}","templated":true}]}}